{"id":6288,"date":"2024-07-01T09:23:01","date_gmt":"2024-07-01T08:23:01","guid":{"rendered":"https:\/\/www.delcofluid.com\/?post_type=product&#038;p=6288"},"modified":"2024-07-17T07:14:14","modified_gmt":"2024-07-17T06:14:14","slug":"manual-corrosion-resistant-plastic-upvc-butterfly-valve","status":"publish","type":"product","link":"https:\/\/www.delcofluid.com\/vi\/san-pham\/manual-corrosion-resistant-plastic-upvc-butterfly-valve\/","title":{"rendered":"Van b\u01b0\u1edbm nh\u1ef1a UPVC ch\u1ed1ng \u0103n m\u00f2n th\u1ee7 c\u00f4ng"},"content":{"rendered":"<div data-elementor-type=\"product-post\" data-elementor-id=\"6288\" class=\"elementor elementor-6288\" data-elementor-post-type=\"product\">\n\t\t\t\t<div class=\"elementor-element elementor-element-6fb59a60 e-con-full e-flex e-con e-parent\" data-id=\"6fb59a60\" data-element_type=\"container\" data-e-type=\"container\" data-settings=\"{&quot;ekit_has_onepagescroll_dot&quot;:&quot;yes&quot;}\">\n\t\t<div class=\"elementor-element elementor-element-b2e102c e-con-full e-flex e-con e-child\" data-id=\"b2e102c\" data-element_type=\"container\" data-e-type=\"container\" data-settings=\"{&quot;ekit_has_onepagescroll_dot&quot;:&quot;yes&quot;}\">\n\t\t\t\t<div class=\"elementor-element elementor-element-4c3cf80 elementor-widget elementor-widget-heading\" data-id=\"4c3cf80\" data-element_type=\"widget\" data-e-type=\"widget\" data-settings=\"{&quot;ekit_we_effect_on&quot;:&quot;none&quot;}\" data-widget_type=\"heading.default\">\n\t\t\t\t<div class=\"elementor-widget-container\">\n\t\t\t\t\t<h2 class=\"elementor-heading-title elementor-size-default\">\u0110\u1eb7c tr\u01b0ng<\/h2>\t\t\t\t<\/div>\n\t\t\t\t<\/div>\n\t\t\t\t<div class=\"elementor-element elementor-element-1af4cc68 elementor-widget__width-initial elementor-widget elementor-widget-text-editor\" data-id=\"1af4cc68\" data-element_type=\"widget\" data-e-type=\"widget\" data-settings=\"{&quot;ekit_we_effect_on&quot;:&quot;none&quot;}\" data-widget_type=\"text-editor.default\">\n\t\t\t\t<div class=\"elementor-widget-container\">\n\t\t\t\t\t\t\t\t\t<ul><li><strong>Tr\u1ecdng l\u01b0\u1ee3ng nh\u1eb9 v\u00e0 kh\u1ea3 n\u0103ng ch\u1ed1ng \u0103n m\u00f2n<\/strong>\uff1aVan b\u01b0\u1edbm th\u1ee7 c\u00f4ng UPVC \u0111\u01b0\u1ee3c l\u00e0m b\u1eb1ng nh\u1ef1a, tr\u1ecdng l\u01b0\u1ee3ng nh\u1eb9, kh\u1ea3 n\u0103ng ch\u1ed1ng \u0103n m\u00f2n tuy\u1ec7t v\u1eddi, ph\u00f9 h\u1ee3p v\u1edbi nhi\u1ec1u m\u00f4i tr\u01b0\u1eddng \u0103n m\u00f2n.<\/li><li><strong>C\u1ea5u tr\u00fac nh\u1ecf g\u1ecdn<\/strong>\uff1aThi\u1ebft k\u1ebf nh\u1ecf g\u1ecdn, \u0111\u1eb9p m\u1eaft, chi\u1ebfm \u00edt di\u1ec7n t\u00edch, l\u1eafp \u0111\u1eb7t v\u00e0 b\u1ea3o tr\u00ec r\u1ea5t thu\u1eadn ti\u1ec7n.<\/li><li><strong>Ho\u1ea1t \u0111\u1ed9ng d\u1ec5 d\u00e0ng:<\/strong>T\u1ea5m c\u00e1nh b\u01b0\u1edbm quay c\u00f9ng v\u1edbi thanh v\u00e0 c\u00f3 th\u1ec3 m\u1edf v\u00e0 \u0111\u00f3ng b\u1eb1ng c\u00e1ch xoay 90 \u0111\u1ed9, d\u1ec5 d\u00e0ng v\u00e0 hi\u1ec7u qu\u1ea3 khi v\u1eadn h\u00e0nh.<\/li><li><strong>M\u00f4-men xo\u1eafn nh\u1ecf<\/strong>\uff1aT\u1ea5m c\u00e1nh b\u01b0\u1edbm \u1edf c\u1ea3 hai b\u00ean tr\u1ee5c ch\u1ecbu l\u1ef1c \u0111\u1ec1u v\u00e0 m\u00f4 men xo\u1eafn ng\u01b0\u1ee3c nhau n\u00ean m\u00f4 men xo\u1eafn \u0111\u00f3ng m\u1edf nh\u1ecf, gi\u00fap thao t\u00e1c d\u1ec5 d\u00e0ng h\u01a1n.<\/li><li><strong> \u1ee8ng d\u1ee5ng r\u1ed9ng r\u00e3i:<\/strong>\u00c1p d\u1ee5ng cho c\u00e1c l\u0129nh v\u1ef1c h\u00f3a ch\u1ea5t, h\u00f3a d\u1ea7u, luy\u1ec7n kim, d\u01b0\u1ee3c ph\u1ea9m, th\u1ef1c ph\u1ea9m v\u00e0 c\u00e1c l\u0129nh v\u1ef1c kh\u00e1c, c\u00f3 th\u1ec3 s\u1eed d\u1ee5ng trong m\u00f4i tr\u01b0\u1eddng v\u1ec7 sinh v\u00e0 kh\u00f4ng \u0111\u1ed9c h\u1ea1i, ch\u1ed1ng m\u00e0i m\u00f2n, d\u1ec5 th\u00e1o r\u1eddi, d\u1ec5 b\u1ea3o tr\u00ec.<\/li><li><strong>Ki\u1ec3m so\u00e1t ch\u1ea5t l\u1ecfng tuy\u1ec7t v\u1eddi:<\/strong>\u0110\u1ed9 d\u00e0y c\u1ee7a t\u1ea5m b\u01b0\u1edbm l\u00e0 l\u1ef1c c\u1ea3n duy nh\u1ea5t khi m\u00f4i tr\u01b0\u1eddng ch\u1ea3y qua th\u00e2n van, \u0111\u1ed9 ch\u00eanh l\u1ec7ch \u00e1p su\u1ea5t nh\u1ecf, hi\u1ec7u su\u1ea5t ki\u1ec3m so\u00e1t l\u01b0u l\u01b0\u1ee3ng tuy\u1ec7t v\u1eddi, ph\u00f9 h\u1ee3p cho c\u00e1c \u1ee9ng d\u1ee5ng ki\u1ec3m so\u00e1t l\u01b0u l\u01b0\u1ee3ng ch\u00ednh x\u00e1c.<\/li><li><strong>V\u1eadt li\u1ec7u th\u00e2n thi\u1ec7n v\u1edbi m\u00f4i tr\u01b0\u1eddng<\/strong>\uff1aV\u1eadt li\u1ec7u UPVC th\u00e2n thi\u1ec7n v\u1edbi m\u00f4i tr\u01b0\u1eddng v\u00e0 kh\u00f4ng \u0111\u1ed9c h\u1ea1i, tu\u00e2n th\u1ee7 c\u00e1c ti\u00eau chu\u1ea9n v\u1ec7 sinh v\u00e0 \u0111\u00e1p \u1ee9ng c\u00e1c y\u00eau c\u1ea7u nghi\u00eam ng\u1eb7t c\u1ee7a ng\u00e0nh th\u1ef1c ph\u1ea9m v\u00e0 d\u01b0\u1ee3c ph\u1ea9m.<\/li><\/ul>\t\t\t\t\t\t\t\t<\/div>\n\t\t\t\t<\/div>\n\t\t\t\t<\/div>\n\t\t\t\t<div class=\"elementor-element elementor-element-8e57110 elementor-widget elementor-widget-image\" data-id=\"8e57110\" data-element_type=\"widget\" data-e-type=\"widget\" data-settings=\"{&quot;ekit_we_effect_on&quot;:&quot;none&quot;}\" data-widget_type=\"image.default\">\n\t\t\t\t<div class=\"elementor-widget-container\">\n\t\t\t\t\t\t\t\t\t\t\t\t\t\t\t<img fetchpriority=\"high\" decoding=\"async\" width=\"768\" height=\"759\" src=\"https:\/\/www.delcofluid.com\/wp-content\/uploads\/2024\/03\/product-finder-graphic-3-x900.jpg\" class=\"attachment-large size-large wp-image-2576\" alt=\"Solenoid Valves\" srcset=\"https:\/\/www.delcofluid.com\/wp-content\/uploads\/2024\/03\/product-finder-graphic-3-x900.jpg 768w, https:\/\/www.delcofluid.com\/wp-content\/uploads\/2024\/03\/product-finder-graphic-3-x900-100x100.jpg 100w, https:\/\/www.delcofluid.com\/wp-content\/uploads\/2024\/03\/product-finder-graphic-3-x900-600x593.jpg 600w, https:\/\/www.delcofluid.com\/wp-content\/uploads\/2024\/03\/product-finder-graphic-3-x900-300x296.jpg 300w\" sizes=\"(max-width: 768px) 100vw, 768px\" \/>\t\t\t\t\t\t\t\t\t\t\t\t\t\t\t<\/div>\n\t\t\t\t<\/div>\n\t\t\t\t<\/div>\n\t\t<div class=\"elementor-element elementor-element-a55eeda e-flex e-con-boxed e-con e-parent\" data-id=\"a55eeda\" data-element_type=\"container\" data-e-type=\"container\" data-settings=\"{&quot;background_background&quot;:&quot;classic&quot;,&quot;ekit_has_onepagescroll_dot&quot;:&quot;yes&quot;}\">\n\t\t\t\t\t<div class=\"e-con-inner\">\n\t\t\t\t<div class=\"elementor-element elementor-element-585e9d9 elementor-widget elementor-widget-heading\" data-id=\"585e9d9\" data-element_type=\"widget\" data-e-type=\"widget\" data-settings=\"{&quot;ekit_we_effect_on&quot;:&quot;none&quot;}\" data-widget_type=\"heading.default\">\n\t\t\t\t<div class=\"elementor-widget-container\">\n\t\t\t\t\t<h2 class=\"elementor-heading-title elementor-size-default\">Th\u00f4ng s\u1ed1 k\u1ef9 thu\u1eadt<\/h2>\t\t\t\t<\/div>\n\t\t\t\t<\/div>\n\t\t\t\t\t<\/div>\n\t\t\t\t<\/div>\n\t\t<div class=\"elementor-element elementor-element-3414eb9 e-con-full e-flex e-con e-parent\" data-id=\"3414eb9\" data-element_type=\"container\" data-e-type=\"container\" data-settings=\"{&quot;background_background&quot;:&quot;classic&quot;,&quot;ekit_has_onepagescroll_dot&quot;:&quot;yes&quot;}\">\n\t\t\t\t<div class=\"elementor-element elementor-element-13df62f elementor-widget__width-initial elementor-widget elementor-widget-text-editor\" data-id=\"13df62f\" data-element_type=\"widget\" data-e-type=\"widget\" data-settings=\"{&quot;ekit_we_effect_on&quot;:&quot;none&quot;}\" data-widget_type=\"text-editor.default\">\n\t\t\t\t<div class=\"elementor-widget-container\">\n\t\t\t\t\t\t\t\t\t<table width=\"855\"><tbody><tr><td width=\"159\">K\u00edch th\u01b0\u1edbc c\u1ed5ng:<\/td><td width=\"205\">2\u2033 \u0111\u1ebfn 8\u2033<\/td><td width=\"146\">V\u1eadt li\u1ec7u:<\/td><td width=\"345\">\u00a0UPVC, PVC<\/td><\/tr><tr><td width=\"159\">\u00c1p l\u1ef1c:<\/td><td>1.0MPa-1.6Mpa<\/td><td width=\"146\">C\u1ea5u tr\u00fac con d\u1ea5u:<\/td><td width=\"345\">Con d\u1ea5u m\u1ec1m<\/td><\/tr><tr><td width=\"159\">B\u1ea3o h\u00e0nh\uff1a<\/td><td width=\"205\">12 con b\u01b0\u1edbm \u0111\u00eam<\/td><td width=\"146\">Ch\u1ee9c n\u0103ng:<\/td><td width=\"345\">Th\u1ee7 c\u00f4ng<\/td><\/tr><tr><td width=\"159\">\u0110\u1ecba \u0111i\u1ec3m giao h\u00e0ng:<\/td><td width=\"205\">Qu\u1ea3ng \u0110\u00f4ng, Trung Qu\u1ed1c<\/td><td width=\"146\">Ph\u01b0\u01a1ng ti\u1ec7n truy\u1ec1n th\u00f4ng ph\u00f9 h\u1ee3p<\/td><td width=\"345\">n\u01b0\u1edbc, kh\u00ed, h\u01a1i n\u01b0\u1edbc, d\u1ea7u, m\u00f4i tr\u01b0\u1eddng \u0103n m\u00f2n, v.v.<\/td><\/tr><\/tbody><\/table>\t\t\t\t\t\t\t\t<\/div>\n\t\t\t\t<\/div>\n\t\t\t\t<\/div>\n\t\t<div class=\"elementor-element elementor-element-daef6c8 e-con-full e-flex e-con e-parent\" data-id=\"daef6c8\" data-element_type=\"container\" data-e-type=\"container\" data-settings=\"{&quot;ekit_has_onepagescroll_dot&quot;:&quot;yes&quot;}\">\n\t\t\t\t<div class=\"elementor-element elementor-element-52ddb61 elementor-widget elementor-widget-heading\" data-id=\"52ddb61\" data-element_type=\"widget\" data-e-type=\"widget\" data-settings=\"{&quot;ekit_we_effect_on&quot;:&quot;none&quot;}\" data-widget_type=\"heading.default\">\n\t\t\t\t<div class=\"elementor-widget-container\">\n\t\t\t\t\t<h2 class=\"elementor-heading-title elementor-size-default\">\u1ee8ng d\u1ee5ng<\/h2>\t\t\t\t<\/div>\n\t\t\t\t<\/div>\n\t\t\t\t<div class=\"elementor-element elementor-element-ac1034b elementor-widget elementor-widget-text-editor\" data-id=\"ac1034b\" data-element_type=\"widget\" data-e-type=\"widget\" data-settings=\"{&quot;ekit_we_effect_on&quot;:&quot;none&quot;}\" data-widget_type=\"text-editor.default\">\n\t\t\t\t<div class=\"elementor-widget-container\">\n\t\t\t\t\t\t\t\t\t<p>\u00a0<\/p><p>\u00a0<\/p><ul><li><strong>Kh\u00ed n\u00e9n<\/strong><br \/>\u0110\u01b0\u1ee3c s\u1eed d\u1ee5ng trong h\u1ec7 th\u1ed1ng kh\u00ed n\u00e9n, van b\u01b0\u1edbm UPVC ki\u1ec3m so\u00e1t lu\u1ed3ng kh\u00ed \u0111\u1ec3 \u0111\u1ea3m b\u1ea3o thi\u1ebft b\u1ecb ho\u1ea1t \u0111\u1ed9ng \u1ed5n \u0111\u1ecbnh v\u00e0 gi\u1ea3m m\u1ee9c ti\u00eau th\u1ee5 n\u0103ng l\u01b0\u1ee3ng.<\/li><li><strong>\u00a0D\u1ea7u v\u00e0 Kh\u00ed<\/strong><br \/>Van b\u01b0\u1edbm UPVC \u0111\u01b0\u1ee3c s\u1eed d\u1ee5ng \u0111\u1ec3 ki\u1ec3m so\u00e1t l\u01b0u l\u01b0\u1ee3ng v\u00e0 \u00e1p su\u1ea5t trong qu\u00e1 tr\u00ecnh v\u1eadn chuy\u1ec3n v\u00e0 x\u1eed l\u00fd d\u1ea7u kh\u00ed, kh\u1ea3 n\u0103ng ch\u1ed1ng \u0103n m\u00f2n c\u1ee7a ch\u00fang \u0111\u1ea3m b\u1ea3o \u0111\u1ed9 tin c\u1eady v\u00e0 an to\u00e0n trong nhi\u1ec1u \u0111i\u1ec1u ki\u1ec7n v\u1eadn h\u00e0nh kh\u00e1c nhau.<\/li><li><strong>HVAC (H\u1ec7 th\u1ed1ng s\u01b0\u1edfi \u1ea5m v\u00e0 \u0111i\u1ec1u h\u00f2a kh\u00f4ng kh\u00ed)<\/strong><br \/>Van b\u01b0\u1edbm th\u1ee7 c\u00f4ng UPVC \u0111\u01b0\u1ee3c s\u1eed d\u1ee5ng trong h\u1ec7 th\u1ed1ng HVAC \u0111\u1ec3 \u0111i\u1ec1u ch\u1ec9nh v\u00e0 ki\u1ec3m so\u00e1t l\u01b0u l\u01b0\u1ee3ng n\u01b0\u1edbc n\u00f3ng, n\u01b0\u1edbc l\u1ea1nh v\u00e0 kh\u00f4ng kh\u00ed nh\u1eb1m \u0111\u1ea3m b\u1ea3o h\u1ec7 th\u1ed1ng ho\u1ea1t \u0111\u1ed9ng hi\u1ec7u qu\u1ea3 v\u00e0 th\u00e2n thi\u1ec7n v\u1edbi m\u00f4i tr\u01b0\u1eddng.<\/li><li><strong>Ph\u00e2n ph\u1ed1i v\u00e0 x\u1eed l\u00fd n\u01b0\u1edbc<\/strong><br \/>Trong h\u1ec7 th\u1ed1ng x\u1eed l\u00fd v\u00e0 ph\u00e2n ph\u1ed1i n\u01b0\u1edbc, van b\u01b0\u1edbm UPVC \u0111\u01b0\u1ee3c s\u1eed d\u1ee5ng \u0111\u1ec3 ki\u1ec3m so\u00e1t d\u00f2ng ch\u1ea3y c\u1ee7a n\u01b0\u1edbc s\u1ea1ch v\u00e0 n\u01b0\u1edbc th\u1ea3i, c\u00f3 kh\u1ea3 n\u0103ng ch\u1ed1ng \u0103n m\u00f2n v\u00e0 hi\u1ec7u su\u1ea5t b\u1ecbt k\u00edn tuy\u1ec7t v\u1eddi, \u0111\u1ea3m b\u1ea3o an to\u00e0n v\u1ec1 ch\u1ea5t l\u01b0\u1ee3ng n\u01b0\u1edbc v\u00e0 v\u1eadn h\u00e0nh h\u1ec7 th\u1ed1ng \u0111\u00e1ng tin c\u1eady.<\/li><li><strong style=\"font-style: inherit;color: var( --e-global-color-text );font-family: var( --e-global-typography-text-font-family ), Sans-serif;text-align: var(--text-align)\">N\u00f4ng nghi\u1ec7p\u00a0 \u00a0 \u00a0 \u00a0 \u00a0 \u00a0 \u00a0 \u00a0 \u00a0 \u00a0 \u00a0 \u00a0 \u00a0 \u00a0 \u00a0 \u00a0 \u00a0 \u00a0 \u00a0 \u00a0 \u00a0 \u00a0 \u00a0 \u00a0 \u00a0 \u00a0 \u00a0 \u00a0 \u00a0 \u00a0 \u00a0 \u00a0 \u00a0 \u00a0 \u00a0 \u00a0 \u00a0 \u00a0 \u00a0 \u00a0 \u00a0 \u00a0 \u00a0 \u00a0 \u00a0 \u00a0 \u00a0 \u00a0 \u00a0 \u00a0 \u00a0 \u00a0 \u00a0 \u00a0 \u00a0 \u00a0 \u00a0 \u00a0 \u00a0 \u00a0 \u00a0 \u00a0 \u00a0 \u00a0 \u00a0 \u00a0 \u00a0 \u00a0 \u00a0 \u00a0 \u00a0 \u00a0 \u00a0 \u00a0 \u00a0 \u00a0 \u00a0 \u00a0 \u00a0 \u00a0 \u00a0 \u00a0 \u00a0 \u00a0 \u00a0 \u00a0 \u00a0 \u00a0 \u00a0 \u00a0 \u00a0 \u00a0 \u00a0 \u00a0 \u00a0 \u00a0 \u00a0 \u00a0 \u00a0 \u00a0 \u00a0 \u00a0 \u00a0 \u00a0 \u00a0 \u00a0 \u00a0 \u00a0 \u00a0 \u00a0 \u00a0 \u00a0 \u00a0 \u00a0 \u00a0 \u00a0 \u00a0 \u00a0 \u00a0 \u00a0 \u00a0 \u00a0 \u00a0 \u00a0 \u00a0 \u00a0 \u00a0 \u00a0 \u00a0 \u00a0 \u00a0 \u00a0 \u00a0 \u00a0 \u00a0 \u00a0 \u00a0 \u00a0 \u00a0 \u00a0 \u00a0<\/strong> Van b\u01b0\u1edbm th\u1ee7 c\u00f4ng UPVC \u0111\u01b0\u1ee3c s\u1eed d\u1ee5ng \u0111\u1ec3 \u0111i\u1ec1u ch\u1ec9nh v\u00e0 ki\u1ec3m so\u00e1t d\u00f2ng n\u01b0\u1edbc trong h\u1ec7 th\u1ed1ng t\u01b0\u1edbi ti\u00eau n\u00f4ng nghi\u1ec7p, gi\u00fap t\u01b0\u1edbi ti\u00eau \u0111\u1ed3ng \u0111\u1ec1u cho \u0111\u1ea5t n\u00f4ng nghi\u1ec7p v\u00e0 c\u1ea3i thi\u1ec7n n\u0103ng su\u1ea5t, ch\u1ea5t l\u01b0\u1ee3ng c\u00e2y tr\u1ed3ng.\u00a0 \u00a0 \u00a0 \u00a0<\/li><\/ul>\t\t\t\t\t\t\t\t<\/div>\n\t\t\t\t<\/div>\n\t\t\t\t<\/div>\n\t\t\t\t<\/div>","protected":false},"excerpt":{"rendered":"<p>Van b\u01b0\u1edbm UPVC ch\u1ed1ng \u0103n m\u00f2n th\u1ee7 c\u00f4ng \u0111\u01b0\u1ee3c thi\u1ebft k\u1ebf \u0111\u1ec3 \u0111\u00e1p \u1ee9ng nhu c\u1ea7u c\u1ee7a nhi\u1ec1u lo\u1ea1i ch\u1ea5t l\u1ecfng \u0111\u01b0\u1eddng \u1ed1ng \u0103n m\u00f2n, s\u1eed d\u1ee5ng t\u1ea5m b\u01b0\u1edbm quay v\u1edbi thanh l\u00e0m b\u1ed9 ph\u1eadn \u0111\u00f3ng m\u1edf. Van do v\u1eadt li\u1ec7u nh\u1ef1a c\u1ee7a n\u00f3 c\u00f3 van b\u01b0\u1edbm kh\u00f4ng ch\u1ec9 c\u00f3 k\u00edch th\u01b0\u1edbc nh\u1ecf, c\u1ea5u tr\u00fac \u0111\u01a1n gi\u1ea3n, tr\u1ecdng l\u01b0\u1ee3ng nh\u1eb9, ch\u1ed1ng \u0103n m\u00f2n v\u00e0 c\u00e1c \u01b0u \u0111i\u1ec3m kh\u00e1c, c\u1ea5u tr\u00fac nh\u1ecf g\u1ecdn v\u00e0 \u0111\u1eb9p, l\u1eafp \u0111\u1eb7t thu\u1eadn ti\u1ec7n. N\u00f3 \u0111\u01b0\u1ee3c s\u1eed d\u1ee5ng r\u1ed9ng r\u00e3i trong nhi\u1ec1u ng\u00e0nh c\u00f4ng nghi\u1ec7p, ph\u00f9 h\u1ee3p v\u1edbi \u0111i\u1ec1u ki\u1ec7n v\u1ec7 sinh kh\u00f4ng \u0111\u1ed9c h\u1ea1i, c\u00f3 kh\u1ea3 n\u0103ng ch\u1ed1ng m\u00e0i m\u00f2n, d\u1ec5 th\u00e1o d\u1ee1 v\u00e0 b\u1ea3o tr\u00ec \u0111\u01a1n gi\u1ea3n, v.v., \u0111\u1ec3 \u0111\u1ea1t \u0111\u01b0\u1ee3c vi\u1ec7c \u0111\u00f3ng m\u1edf van v\u00e0 \u0111i\u1ec1u ch\u1ec9nh. So v\u1edbi van c\u1ed5ng c\u00f3 c\u00f9ng th\u00f4ng s\u1ed1, tr\u1ecdng l\u01b0\u1ee3ng van b\u01b0\u1edbm UPVC gi\u1ea3m 30% xu\u1ed1ng c\u00f2n 50% v\u00e0 t\u1ea5m b\u01b0\u1edbm c\u00f3 th\u1ec3 xoay 90 \u0111\u1ed9 \u0111\u1ec3 ho\u00e0n th\u00e0nh qu\u00e1 tr\u00ecnh \u0111\u00f3ng m\u1edf. Do tr\u1ee5c quay \u1edf c\u1ea3 hai b\u00ean c\u1ee7a l\u1ef1c ph\u01b0\u01a1ng ti\u1ec7n t\u1ea5m b\u01b0\u1edbm g\u1ea7n b\u1eb1ng nhau v\u00e0 ng\u01b0\u1ee3c chi\u1ec1u, m\u00f4-men xo\u1eafn \u0111\u00f3ng m\u1edf nh\u1ecf.<br \/>\nTh\u00e2n van c\u1ee7a van b\u01b0\u1edbm UPVC \u0111\u01b0\u1ee3c l\u00e0m b\u1eb1ng PVC, CPVC, UPVC v\u00e0 c\u00e1c v\u1eadt li\u1ec7u kh\u00e1c, c\u00f3 kh\u1ea3 n\u0103ng ch\u1ed1ng \u0103n m\u00f2n h\u00f3a h\u1ecdc tuy\u1ec7t v\u1eddi. \u0110\u1ec7m k\u00edn \u0111\u01b0\u1ee3c l\u00e0m b\u1eb1ng EPDM (EPDM) ho\u1eb7c FPM (Fluoroelastomer), mang l\u1ea1i hi\u1ec7u su\u1ea5t b\u1ecbt k\u00edn t\u1ed1t v\u00e0 ch\u1ed1ng d\u1ea7u, nhi\u1ec7t, ng\u1ecdn l\u1eeda, \u00e1nh s\u00e1ng m\u1eb7t tr\u1eddi, ozone, axit, ki\u1ec1m v\u00e0 thu\u1ed1c th\u1eed h\u00f3a h\u1ecdc. V\u1edbi v\u1ebb ngo\u00e0i \u0111\u1eb9p m\u1eaft v\u00e0 l\u1eafp \u0111\u1eb7t d\u1ec5 d\u00e0ng, van l\u00e0 thi\u1ebft b\u1ecb ki\u1ec3m so\u00e1t ch\u1ea5t l\u1ecfng l\u00fd t\u01b0\u1edfng cho m\u1ecdi lo\u1ea1i h\u1ec7 th\u1ed1ng \u0111\u01b0\u1eddng \u1ed1ng.<\/p>\n<p>Model: Van b\u01b0\u1edbm UPVC<br \/>\nPh\u1ea1m vi k\u00edch th\u01b0\u1edbc: 2\u2033 \u0111\u1ebfn 8\u2033<br \/>\nPh\u1ea1m vi \u00e1p su\u1ea5t: 1.0MPa-1.6Mpa<br \/>\nCh\u1ea5t li\u1ec7u: UPVC, PVC<\/p>","protected":false},"featured_media":7324,"template":"","meta":{"site-sidebar-layout":"default","site-content-layout":"","ast-site-content-layout":"default","site-content-style":"default","site-sidebar-style":"default","ast-global-header-display":"","ast-banner-title-visibility":"","ast-main-header-display":"","ast-hfb-above-header-display":"","ast-hfb-below-header-display":"","ast-hfb-mobile-header-display":"","site-post-title":"","ast-breadcrumbs-content":"","ast-featured-img":"","footer-sml-layout":"","ast-disable-related-posts":"","theme-transparent-header-meta":"default","adv-header-id-meta":"","stick-header-meta":"","header-above-stick-meta":"","header-main-stick-meta":"","header-below-stick-meta":"","astra-migrate-meta-layouts":"set","ast-page-background-enabled":"default","ast-page-background-meta":{"desktop":{"background-color":"var(--ast-global-color-4)","background-image":"","background-repeat":"repeat","background-position":"center center","background-size":"auto","background-attachment":"scroll","background-type":"","background-media":"","overlay-type":"","overlay-color":"","overlay-opacity":"","overlay-gradient":""},"tablet":{"background-color":"","background-image":"","background-repeat":"repeat","background-position":"center center","background-size":"auto","background-attachment":"scroll","background-type":"","background-media":"","overlay-type":"","overlay-color":"","overlay-opacity":"","overlay-gradient":""},"mobile":{"background-color":"","background-image":"","background-repeat":"repeat","background-position":"center center","background-size":"auto","background-attachment":"scroll","background-type":"","background-media":"","overlay-type":"","overlay-color":"","overlay-opacity":"","overlay-gradient":""}},"ast-content-background-meta":{"desktop":{"background-color":"var(--ast-global-color-5)","background-image":"","background-repeat":"repeat","background-position":"center center","background-size":"auto","background-attachment":"scroll","background-type":"","background-media":"","overlay-type":"","overlay-color":"","overlay-opacity":"","overlay-gradient":""},"tablet":{"background-color":"var(--ast-global-color-5)","background-image":"","background-repeat":"repeat","background-position":"center center","background-size":"auto","background-attachment":"scroll","background-type":"","background-media":"","overlay-type":"","overlay-color":"","overlay-opacity":"","overlay-gradient":""},"mobile":{"background-color":"var(--ast-global-color-5)","background-image":"","background-repeat":"repeat","background-position":"center center","background-size":"auto","background-attachment":"scroll","background-type":"","background-media":"","overlay-type":"","overlay-color":"","overlay-opacity":"","overlay-gradient":""}}},"product_brand":[],"product_cat":[706,116,33],"product_tag":[652,261,102,651,650,653,73,56],"class_list":{"0":"post-6288","1":"product","2":"type-product","3":"status-publish","4":"has-post-thumbnail","6":"product_cat-manual-butterfly-valve","7":"product_cat-manual-valves","8":"product_cat-products","9":"product_tag-corrosion-resistant-upvc-butterfly-valve","10":"product_tag-manual-valve","11":"product_tag-manual-valves","12":"product_tag-plastic-upvc-butterfly-valve","13":"product_tag-upvc-butterfly-valve","14":"product_tag-upvc-butterfly-valves","15":"product_tag-valve","16":"product_tag-valves","17":"desktop-align-center","18":"tablet-align-left","19":"mobile-align-left","21":"first","22":"instock","23":"shipping-taxable","24":"product-type-simple"},"_links":{"self":[{"href":"https:\/\/www.delcofluid.com\/vi\/wp-json\/wp\/v2\/product\/6288","targetHints":{"allow":["GET"]}}],"collection":[{"href":"https:\/\/www.delcofluid.com\/vi\/wp-json\/wp\/v2\/product"}],"about":[{"href":"https:\/\/www.delcofluid.com\/vi\/wp-json\/wp\/v2\/types\/product"}],"version-history":[{"count":0,"href":"https:\/\/www.delcofluid.com\/vi\/wp-json\/wp\/v2\/product\/6288\/revisions"}],"wp:featuredmedia":[{"embeddable":true,"href":"https:\/\/www.delcofluid.com\/vi\/wp-json\/wp\/v2\/media\/7324"}],"wp:attachment":[{"href":"https:\/\/www.delcofluid.com\/vi\/wp-json\/wp\/v2\/media?parent=6288"}],"wp:term":[{"taxonomy":"product_brand","embeddable":true,"href":"https:\/\/www.delcofluid.com\/vi\/wp-json\/wp\/v2\/product_brand?post=6288"},{"taxonomy":"product_cat","embeddable":true,"href":"https:\/\/www.delcofluid.com\/vi\/wp-json\/wp\/v2\/product_cat?post=6288"},{"taxonomy":"product_tag","embeddable":true,"href":"https:\/\/www.delcofluid.com\/vi\/wp-json\/wp\/v2\/product_tag?post=6288"}],"curies":[{"name":"wp","href":"https:\/\/api.w.org\/{rel}","templated":true}]}}