{"id":6366,"date":"2024-07-02T09:13:18","date_gmt":"2024-07-02T08:13:18","guid":{"rendered":"https:\/\/www.delcofluid.com\/?post_type=product&#038;p=6366"},"modified":"2024-08-09T10:56:01","modified_gmt":"2024-08-09T09:56:01","slug":"manual-fluorine-lined-ball-valve-with-flange","status":"publish","type":"product","link":"https:\/\/www.delcofluid.com\/vi\/san-pham\/manual-fluorine-lined-ball-valve-with-flange\/","title":{"rendered":"Van bi m\u1eb7t b\u00edch l\u00f3t flo th\u1ee7 c\u00f4ng c\u00f3 tay c\u1ea7m"},"content":{"rendered":"<div data-elementor-type=\"product-post\" data-elementor-id=\"6366\" class=\"elementor elementor-6366\" data-elementor-post-type=\"product\">\n\t\t\t\t<div class=\"elementor-element elementor-element-6fb59a60 e-flex e-con-boxed e-con e-parent\" data-id=\"6fb59a60\" data-element_type=\"container\" data-e-type=\"container\" data-settings=\"{&quot;ekit_has_onepagescroll_dot&quot;:&quot;yes&quot;}\">\n\t\t\t\t\t<div class=\"e-con-inner\">\n\t\t<div class=\"elementor-element elementor-element-b2e102c e-con-full e-flex e-con e-child\" data-id=\"b2e102c\" data-element_type=\"container\" data-e-type=\"container\" data-settings=\"{&quot;ekit_has_onepagescroll_dot&quot;:&quot;yes&quot;}\">\n\t\t\t\t<div class=\"elementor-element elementor-element-4c3cf80 elementor-widget elementor-widget-heading\" data-id=\"4c3cf80\" data-element_type=\"widget\" data-e-type=\"widget\" data-settings=\"{&quot;ekit_we_effect_on&quot;:&quot;none&quot;}\" data-widget_type=\"heading.default\">\n\t\t\t\t<div class=\"elementor-widget-container\">\n\t\t\t\t\t<h2 class=\"elementor-heading-title elementor-size-default\">\u0110\u1eb7c tr\u01b0ng<\/h2>\t\t\t\t<\/div>\n\t\t\t\t<\/div>\n\t\t\t\t<div class=\"elementor-element elementor-element-1af4cc68 elementor-widget__width-initial elementor-widget elementor-widget-text-editor\" data-id=\"1af4cc68\" data-element_type=\"widget\" data-e-type=\"widget\" data-settings=\"{&quot;ekit_we_effect_on&quot;:&quot;none&quot;}\" data-widget_type=\"text-editor.default\">\n\t\t\t\t<div class=\"elementor-widget-container\">\n\t\t\t\t\t\t\t\t\t<ul><li>Thi\u1ebft k\u1ebf nh\u1ecf g\u1ecdn: Thi\u1ebft k\u1ebf nh\u1ecf g\u1ecdn v\u00e0 hi\u1ec7u qu\u1ea3 gi\u00fap gi\u1ea3m thi\u1ec3u l\u01b0\u1ee3ng m\u00f4i ch\u1ea5t l\u01b0u l\u1ea1i b\u00ean trong khoang th\u00e2n van.<\/li><li>Gh\u1ebf van b\u1ec1n: Gh\u1ebf van PTFE b\u1ec1n, ch\u1ed1ng \u0103n m\u00f2n \u0111\u01b0\u1ee3c thi\u1ebft k\u1ebf \u0111\u1ec3 kh\u00f4ng r\u00f2 r\u1ec9 v\u00e0 c\u00e1ch ly m\u00f4-men xo\u1eafn th\u1ea5p.<\/li><li>Kh\u1ea3 n\u0103ng ch\u1ed1ng \u0103n m\u00f2n tuy\u1ec7t v\u1eddi: Van duy tr\u00ec hi\u1ec7u su\u1ea5t \u1ed5n \u0111\u1ecbnh trong m\u00f4i tr\u01b0\u1eddng c\u00f3 t\u00ednh \u0103n m\u00f2n cao nh\u01b0 axit, ki\u1ec1m v\u00e0 mu\u1ed1i.<\/li><li>C\u1ea5u tr\u00fac bi n\u1ed5i: Van c\u00f3 c\u1ea5u tr\u00fac bi n\u1ed5i gi\u00fap van kh\u00f4ng r\u00f2 r\u1ec9 tr\u00ean to\u00e0n b\u1ed9 ph\u1ea1m vi \u00e1p su\u1ea5t, gi\u00fap vi\u1ec7c v\u1ec7 sinh v\u00e0 b\u1ea3o tr\u00ec \u0111\u01b0\u1eddng \u1ed1ng d\u1ec5 d\u00e0ng h\u01a1n.<\/li><li>C\u00f4ng ngh\u1ec7 ni\u00eam phong: Quy tr\u00ecnh \u0111\u00fac \u0111\u1eb7c bi\u1ec7t \u0111\u1ea3m b\u1ea3o b\u1ec1 m\u1eb7t ni\u00eam phong d\u00e0y \u0111\u1eb7c. K\u1ebft h\u1ee3p v\u1edbi v\u1eadt li\u1ec7u \u0111\u00f3ng g\u00f3i PTFE, van \u0111\u1ea1t \u0111\u01b0\u1ee3c \u0111\u1ed9 r\u00f2 r\u1ec9 b\u1eb1ng kh\u00f4ng.<\/li><li>\u0110\u1ed9 b\u1ec1n \u0111\u01b0\u1ee3c c\u1ea3i thi\u1ec7n: Thi\u1ebft k\u1ebf nh\u1ecf g\u1ecdn v\u00e0 hi\u1ec7u qu\u1ea3, k\u1ebft h\u1ee3p v\u1edbi c\u00f4ng ngh\u1ec7 ni\u00eam phong ti\u00ean ti\u1ebfn, gi\u00fap gi\u1ea3m l\u01b0\u1ee3ng m\u00f4i tr\u01b0\u1eddng l\u01b0u gi\u1eef v\u00e0 t\u0103ng c\u01b0\u1eddng \u0111\u1ed9 b\u1ec1n c\u0169ng nh\u01b0 \u0111\u1ed9 tin c\u1eady.<\/li><\/ul>\t\t\t\t\t\t\t\t<\/div>\n\t\t\t\t<\/div>\n\t\t\t\t<\/div>\n\t\t\t\t<div class=\"elementor-element elementor-element-8e57110 elementor-widget elementor-widget-image\" data-id=\"8e57110\" data-element_type=\"widget\" data-e-type=\"widget\" data-settings=\"{&quot;ekit_we_effect_on&quot;:&quot;none&quot;}\" data-widget_type=\"image.default\">\n\t\t\t\t<div class=\"elementor-widget-container\">\n\t\t\t\t\t\t\t\t\t\t\t\t\t\t\t<img fetchpriority=\"high\" decoding=\"async\" width=\"768\" height=\"759\" src=\"https:\/\/www.delcofluid.com\/wp-content\/uploads\/2024\/03\/product-finder-graphic-3-x900.jpg\" class=\"attachment-large size-large wp-image-2576\" alt=\"Solenoid Valves\" srcset=\"https:\/\/www.delcofluid.com\/wp-content\/uploads\/2024\/03\/product-finder-graphic-3-x900.jpg 768w, https:\/\/www.delcofluid.com\/wp-content\/uploads\/2024\/03\/product-finder-graphic-3-x900-100x100.jpg 100w, https:\/\/www.delcofluid.com\/wp-content\/uploads\/2024\/03\/product-finder-graphic-3-x900-600x593.jpg 600w, https:\/\/www.delcofluid.com\/wp-content\/uploads\/2024\/03\/product-finder-graphic-3-x900-300x296.jpg 300w\" sizes=\"(max-width: 768px) 100vw, 768px\" \/>\t\t\t\t\t\t\t\t\t\t\t\t\t\t\t<\/div>\n\t\t\t\t<\/div>\n\t\t\t\t\t<\/div>\n\t\t\t\t<\/div>\n\t\t<div class=\"elementor-element elementor-element-a55eeda e-flex e-con-boxed e-con e-parent\" data-id=\"a55eeda\" data-element_type=\"container\" data-e-type=\"container\" data-settings=\"{&quot;background_background&quot;:&quot;classic&quot;,&quot;ekit_has_onepagescroll_dot&quot;:&quot;yes&quot;}\">\n\t\t\t\t\t<div class=\"e-con-inner\">\n\t\t\t\t<div class=\"elementor-element elementor-element-585e9d9 elementor-widget elementor-widget-heading\" data-id=\"585e9d9\" data-element_type=\"widget\" data-e-type=\"widget\" data-settings=\"{&quot;ekit_we_effect_on&quot;:&quot;none&quot;}\" data-widget_type=\"heading.default\">\n\t\t\t\t<div class=\"elementor-widget-container\">\n\t\t\t\t\t<h2 class=\"elementor-heading-title elementor-size-default\">Th\u00f4ng s\u1ed1 k\u1ef9 thu\u1eadt<\/h2>\t\t\t\t<\/div>\n\t\t\t\t<\/div>\n\t\t\t\t\t<\/div>\n\t\t\t\t<\/div>\n\t\t<div class=\"elementor-element elementor-element-3414eb9 e-con-full e-flex e-con e-parent\" data-id=\"3414eb9\" data-element_type=\"container\" data-e-type=\"container\" data-settings=\"{&quot;background_background&quot;:&quot;classic&quot;,&quot;ekit_has_onepagescroll_dot&quot;:&quot;yes&quot;}\">\n\t\t\t\t<div class=\"elementor-element elementor-element-13df62f elementor-widget__width-initial elementor-widget elementor-widget-text-editor\" data-id=\"13df62f\" data-element_type=\"widget\" data-e-type=\"widget\" data-settings=\"{&quot;ekit_we_effect_on&quot;:&quot;none&quot;}\" data-widget_type=\"text-editor.default\">\n\t\t\t\t<div class=\"elementor-widget-container\">\n\t\t\t\t\t\t\t\t\t<table width=\"855\">\n<tbody>\n<tr>\n<td width=\"159\">K\u00edch th\u01b0\u1edbc c\u1ed5ng:<\/td>\n<td width=\"205\">&nbsp;1\/2\u2033 \u0111\u1ebfn 16\u2033<\/td>\n<td width=\"146\">V\u1eadt li\u1ec7u:<\/td>\n<td width=\"345\">Gang, Th\u00e9p \u0111\u00fac, WCB ho\u1eb7c Th\u00e9p kh\u00f4ng g\u1ec9<\/td>\n<\/tr>\n<tr>\n<td width=\"159\">\u00c1p l\u1ef1c:<\/td>\n<td>1,6 \u0111\u1ebfn 6,4MPa<\/td>\n<td width=\"146\">K\u1ebft th\u00fac k\u1ebft n\u1ed1i:&nbsp;<\/td>\n<td width=\"345\">M\u1eb7t b\u00edch<\/td>\n<\/tr>\n<tr>\n<td width=\"159\">B\u1ea3o h\u00e0nh\uff1a<\/td>\n<td width=\"205\">12 con b\u01b0\u1edbm \u0111\u00eam<\/td>\n<td width=\"146\">Nhi\u1ec7t \u0111\u1ed9 l\u00e0m vi\u1ec7c:<\/td>\n<td width=\"345\">PTFE\u2264180\u00b0C, Kim lo\u1ea1i ng\u1ed3i\u2264350\u00b0C<\/td>\n<\/tr>\n<tr>\n<td width=\"159\">X\u1ebfp h\u1ea1ng \u00e1p su\u1ea5t:<\/td>\n<td width=\"205\">300LB (150LB v\u00e0 600LB l\u00e0 t\u00f9y ch\u1ecdn)<\/td>\n<td width=\"146\">Ph\u01b0\u01a1ng ti\u1ec7n truy\u1ec1n th\u00f4ng ph\u00f9 h\u1ee3p<\/td>\n<td width=\"345\">Kh\u00f4ng kh\u00ed, kh\u00ed tr\u01a1, d\u1ea7u, n\u01b0\u1edbc bi\u1ec3n, n\u01b0\u1edbc v\u00e0 c\u00e1c m\u00f4i tr\u01b0\u1eddng kh\u00e1c.<\/td>\n<\/tr>\n<\/tbody>\n<\/table>\t\t\t\t\t\t\t\t<\/div>\n\t\t\t\t<\/div>\n\t\t\t\t<\/div>\n\t\t<div class=\"elementor-element elementor-element-daef6c8 e-con-full e-flex e-con e-parent\" data-id=\"daef6c8\" data-element_type=\"container\" data-e-type=\"container\" data-settings=\"{&quot;ekit_has_onepagescroll_dot&quot;:&quot;yes&quot;}\">\n\t\t\t\t<div class=\"elementor-element elementor-element-52ddb61 elementor-widget elementor-widget-heading\" data-id=\"52ddb61\" data-element_type=\"widget\" data-e-type=\"widget\" data-settings=\"{&quot;ekit_we_effect_on&quot;:&quot;none&quot;}\" data-widget_type=\"heading.default\">\n\t\t\t\t<div class=\"elementor-widget-container\">\n\t\t\t\t\t<h2 class=\"elementor-heading-title elementor-size-default\">\u1ee8ng d\u1ee5ng<\/h2>\t\t\t\t<\/div>\n\t\t\t\t<\/div>\n\t\t\t\t<div class=\"elementor-element elementor-element-ac1034b elementor-widget elementor-widget-text-editor\" data-id=\"ac1034b\" data-element_type=\"widget\" data-e-type=\"widget\" data-settings=\"{&quot;ekit_we_effect_on&quot;:&quot;none&quot;}\" data-widget_type=\"text-editor.default\">\n\t\t\t\t<div class=\"elementor-widget-container\">\n\t\t\t\t\t\t\t\t\t<p>1. C\u00f4ng nghi\u1ec7p h\u00f3a ch\u1ea5t<br \/>Trong ng\u00e0nh c\u00f4ng nghi\u1ec7p h\u00f3a ch\u1ea5t, c\u00e1c van n\u00e0y \u0111\u01b0\u1ee3c s\u1eed d\u1ee5ng \u0111\u1ec3 x\u1eed l\u00fd h\u00f3a ch\u1ea5t \u0103n m\u00f2n v\u00e0 \u0111\u1ea3m b\u1ea3o \u0111\u1ed9 tin c\u1eady c\u1ee7a ho\u1ea1t \u0111\u1ed9ng \u0111\u01b0\u1eddng \u1ed1ng. Ch\u00fang \u0111\u00f3ng vai tr\u00f2 quan tr\u1ecdng trong vi\u1ec7c v\u1eadn chuy\u1ec3n, tr\u1ed9n v\u00e0 ph\u1ea3n \u1ee9ng h\u00f3a ch\u1ea5t, v\u00e0 \u0111\u01b0\u1ee3c thi\u1ebft k\u1ebf \u0111\u1ec3 ch\u1ed1ng l\u1ea1i m\u00f4i tr\u01b0\u1eddng kh\u1eafc nghi\u1ec7t bao g\u1ed3m axit, ki\u1ec1m v\u00e0 mu\u1ed1i.<br \/>2. Ng\u00e0nh c\u00f4ng nghi\u1ec7p d\u01b0\u1ee3c ph\u1ea9m<br \/>Trong ng\u00e0nh d\u01b0\u1ee3c ph\u1ea9m, c\u00e1c van n\u00e0y l\u00fd t\u01b0\u1edfng cho c\u00e1c \u1ee9ng d\u1ee5ng \u0111\u00f2i h\u1ecfi \u0111\u1ed9 tinh khi\u1ebft cao v\u00e0 c\u00e1ch ly \u0111\u00e1ng tin c\u1eady. Ch\u00fang \u0111\u01b0\u1ee3c s\u1eed d\u1ee5ng trong qu\u00e1 tr\u00ecnh s\u1ea3n xu\u1ea5t thu\u1ed1c \u0111\u1ec3 \u0111\u1ea3m b\u1ea3o v\u00f4 tr\u00f9ng, \u0111\u1ed9 tinh khi\u1ebft v\u00e0 ki\u1ec3m so\u00e1t ch\u00ednh x\u00e1c c\u00e1c \u0111i\u1ec1u ki\u1ec7n \u0111\u1ec3 ng\u0103n ng\u1eeba \u00f4 nhi\u1ec5m.<br \/>3. Ng\u00e0nh ch\u1ebf bi\u1ebfn th\u1ef1c ph\u1ea9m<br \/>Trong ng\u00e0nh ch\u1ebf bi\u1ebfn th\u1ef1c ph\u1ea9m, van bi b\u00edch l\u00f3t flo th\u1ee7 c\u00f4ng \u0111\u01b0\u1ee3c s\u1eed d\u1ee5ng \u0111\u1ec3 x\u1eed l\u00fd c\u00e1c s\u1ea3n ph\u1ea9m th\u1ef1c ph\u1ea9m v\u00e0 \u0111\u1ed3 u\u1ed1ng. Ch\u00fang ph\u00f9 h\u1ee3p v\u1edbi m\u00f4i tr\u01b0\u1eddng \u0111\u00f2i h\u1ecfi \u0111i\u1ec1u ki\u1ec7n v\u1ec7 sinh v\u00e0 kh\u1ea3 n\u0103ng ch\u1ed1ng l\u1ea1i c\u00e1c ch\u1ea5t t\u1ea9y r\u1eeda m\u1ea1nh.<br \/>4. Ng\u00e0nh b\u1ea3o v\u1ec7 m\u00f4i tr\u01b0\u1eddng<br \/>Trong ng\u00e0nh b\u1ea3o v\u1ec7 m\u00f4i tr\u01b0\u1eddng, c\u00e1c van n\u00e0y \u0111\u01b0\u1ee3c s\u1eed d\u1ee5ng \u0111\u1ec3 qu\u1ea3n l\u00fd n\u01b0\u1edbc th\u1ea3i, x\u1eed l\u00fd ch\u1ea5t \u00f4 nhi\u1ec5m v\u00e0 \u0111\u1ea3m b\u1ea3o tu\u00e2n th\u1ee7 c\u00e1c quy \u0111\u1ecbnh v\u1ec1 m\u00f4i tr\u01b0\u1eddng. Ch\u00fang r\u1ea5t c\u1ea7n thi\u1ebft cho c\u00e1c n\u1ed7 l\u1ef1c ki\u1ec3m so\u00e1t \u00f4 nhi\u1ec5m v\u00e0 b\u1ea3o v\u1ec7 m\u00f4i tr\u01b0\u1eddng hi\u1ec7u qu\u1ea3.<\/p>\t\t\t\t\t\t\t\t<\/div>\n\t\t\t\t<\/div>\n\t\t\t\t<\/div>\n\t\t\t\t<\/div>","protected":false},"excerpt":{"rendered":"<p>Van bi l\u00f3t flo t\u1ef1 h\u00e0o c\u00f3 \u0111\u1ed9 \u1ed5n \u0111\u1ecbnh h\u00f3a h\u1ecdc \u0111\u1eb7c bi\u1ec7t v\u00e0 c\u1ea5u tr\u00fac nh\u1ecf g\u1ecdn, \u0111\u01b0\u1ee3c thi\u1ebft k\u1ebf t\u1ed1t. V\u1edbi thi\u1ebft k\u1ebf bi n\u1ed5i, to\u00e0n l\u1ed7, van gi\u1ea3m thi\u1ec3u kh\u00f4ng gian khoang b\u00ean trong, gi\u1ea3m l\u01b0\u1ee3ng ch\u1ea5t l\u01b0u gi\u1eef v\u00e0 t\u1ed1i \u0111a h\u00f3a l\u01b0u l\u01b0\u1ee3ng. \u0110i\u1ec1u n\u00e0y t\u1ea1o \u0111i\u1ec1u ki\u1ec7n thu\u1eadn l\u1ee3i cho vi\u1ec7c l\u00e0m s\u1ea1ch, v\u1ec7 sinh v\u00e0 b\u1ea3o tr\u00ec h\u1ec7 th\u1ed1ng \u0111\u01b0\u1eddng \u1ed1ng. Quy tr\u00ecnh \u0111\u00fac chuy\u00ean d\u1ee5ng \u0111\u1ea3m b\u1ea3o b\u1ec1 m\u1eb7t b\u1ecbt k\u00edn d\u00e0y \u0111\u1eb7c v\u00e0 \u0111\u00e1ng tin c\u1eady, \u0111\u01b0\u1ee3c t\u0103ng c\u01b0\u1eddng th\u00eam nh\u1edd l\u1edbp \u0111\u1ec7m PTFE h\u00ecnh ch\u1eef V, \u0111\u1ea1t \u0111\u01b0\u1ee3c m\u1ee9c r\u00f2 r\u1ec9 b\u1eb1ng kh\u00f4ng. Th\u00e2n van ch\u1eafc ch\u1eafn, ch\u1ed1ng n\u1ed5 c\u00f3 \u0111\u1ed9 b\u1ec1n cao h\u1ea1n ch\u1ebf hi\u1ec7n t\u01b0\u1ee3ng tr\u1ec5, \u0111\u1ea3m b\u1ea3o ho\u1ea1t \u0111\u1ed9ng \u0111\u00e1ng tin c\u1eady.<\/p>\n<p>\u0110\u1ebf van PTFE b\u1ec1n, ch\u1ed1ng \u0103n m\u00f2n \u0111\u01b0\u1ee3c thi\u1ebft k\u1ebf \u0111\u1ec3 kh\u00f4ng r\u00f2 r\u1ec9 v\u00e0 c\u00e1ch ly m\u00f4-men xo\u1eafn th\u1ea5p. C\u00e1c m\u1ed1i n\u1ed1i th\u00e2n kim lo\u1ea1i v\u1edbi kim lo\u1ea1i b\u1ea3o v\u1ec7 l\u1edbp l\u00f3t b\u1ecb kh\u00f3a kh\u1ecfi h\u01b0 h\u1ecfng b\u00ean ngo\u00e0i v\u00e0 thi\u1ebft b\u1ecb n\u1ed1i \u0111\u1ea5t ch\u1ed1ng t\u0129nh \u0111i\u1ec7n ng\u0103n ng\u1eeba t\u00edch t\u1ee5 t\u0129nh \u0111i\u1ec7n. Van bi l\u00f3t flo th\u1ee7 c\u00f4ng th\u00edch h\u1ee3p \u0111\u1ec3 v\u1eadn chuy\u1ec3n ch\u1ea5t l\u1ecfng v\u00e0 kh\u00ed (bao g\u1ed3m h\u01a1i n\u01b0\u1edbc) trong nhi\u1ec1u \u0111\u01b0\u1eddng \u1ed1ng c\u00f4ng nghi\u1ec7p kh\u00e1c nhau v\u00e0 ho\u1ea1t \u0111\u1ed9ng t\u1ed1t trong m\u00f4i tr\u01b0\u1eddng c\u00f3 t\u00ednh \u0103n m\u00f2n cao nh\u01b0 axit v\u00e0 mu\u1ed1i.<\/p>\n<p>Model: Van bi m\u1eb7t b\u00edch l\u00f3t flo<br \/>\nPh\u1ea1m vi k\u00edch th\u01b0\u1edbc: 1\/2\u2033 \u0111\u1ebfn 16\u2033<br \/>\nPh\u1ea1m vi \u00e1p su\u1ea5t: PN1.6, 2.5, 4.0, 6.4 MPa<br \/>\nV\u1eadt li\u1ec7u: Th\u00e9p \u0111\u00fac<\/p>","protected":false},"featured_media":7314,"template":"","meta":{"site-sidebar-layout":"default","site-content-layout":"","ast-site-content-layout":"default","site-content-style":"default","site-sidebar-style":"default","ast-global-header-display":"","ast-banner-title-visibility":"","ast-main-header-display":"","ast-hfb-above-header-display":"","ast-hfb-below-header-display":"","ast-hfb-mobile-header-display":"","site-post-title":"","ast-breadcrumbs-content":"","ast-featured-img":"","footer-sml-layout":"","ast-disable-related-posts":"","theme-transparent-header-meta":"default","adv-header-id-meta":"","stick-header-meta":"","header-above-stick-meta":"","header-main-stick-meta":"","header-below-stick-meta":"","astra-migrate-meta-layouts":"set","ast-page-background-enabled":"default","ast-page-background-meta":{"desktop":{"background-color":"var(--ast-global-color-4)","background-image":"","background-repeat":"repeat","background-position":"center center","background-size":"auto","background-attachment":"scroll","background-type":"","background-media":"","overlay-type":"","overlay-color":"","overlay-opacity":"","overlay-gradient":""},"tablet":{"background-color":"","background-image":"","background-repeat":"repeat","background-position":"center center","background-size":"auto","background-attachment":"scroll","background-type":"","background-media":"","overlay-type":"","overlay-color":"","overlay-opacity":"","overlay-gradient":""},"mobile":{"background-color":"","background-image":"","background-repeat":"repeat","background-position":"center center","background-size":"auto","background-attachment":"scroll","background-type":"","background-media":"","overlay-type":"","overlay-color":"","overlay-opacity":"","overlay-gradient":""}},"ast-content-background-meta":{"desktop":{"background-color":"var(--ast-global-color-5)","background-image":"","background-repeat":"repeat","background-position":"center center","background-size":"auto","background-attachment":"scroll","background-type":"","background-media":"","overlay-type":"","overlay-color":"","overlay-opacity":"","overlay-gradient":""},"tablet":{"background-color":"var(--ast-global-color-5)","background-image":"","background-repeat":"repeat","background-position":"center center","background-size":"auto","background-attachment":"scroll","background-type":"","background-media":"","overlay-type":"","overlay-color":"","overlay-opacity":"","overlay-gradient":""},"mobile":{"background-color":"var(--ast-global-color-5)","background-image":"","background-repeat":"repeat","background-position":"center center","background-size":"auto","background-attachment":"scroll","background-type":"","background-media":"","overlay-type":"","overlay-color":"","overlay-opacity":"","overlay-gradient":""}}},"product_brand":[],"product_cat":[705,116,33],"product_tag":[658,659,656,660,261,73,56],"class_list":{"0":"post-6366","1":"product","2":"type-product","3":"status-publish","4":"has-post-thumbnail","6":"product_cat-manual-ball-valve","7":"product_cat-manual-valves","8":"product_cat-products","9":"product_tag-fluorine-lined-ball-valve","10":"product_tag-fluorine-lined-ball-valve-with-flange","11":"product_tag-manual-flange-butterfly-valve","12":"product_tag-manual-fluorine-lined-ball-valve","13":"product_tag-manual-valve","14":"product_tag-valve","15":"product_tag-valves","16":"desktop-align-center","17":"tablet-align-left","18":"mobile-align-left","20":"first","21":"instock","22":"shipping-taxable","23":"product-type-simple"},"_links":{"self":[{"href":"https:\/\/www.delcofluid.com\/vi\/wp-json\/wp\/v2\/product\/6366","targetHints":{"allow":["GET"]}}],"collection":[{"href":"https:\/\/www.delcofluid.com\/vi\/wp-json\/wp\/v2\/product"}],"about":[{"href":"https:\/\/www.delcofluid.com\/vi\/wp-json\/wp\/v2\/types\/product"}],"version-history":[{"count":0,"href":"https:\/\/www.delcofluid.com\/vi\/wp-json\/wp\/v2\/product\/6366\/revisions"}],"wp:featuredmedia":[{"embeddable":true,"href":"https:\/\/www.delcofluid.com\/vi\/wp-json\/wp\/v2\/media\/7314"}],"wp:attachment":[{"href":"https:\/\/www.delcofluid.com\/vi\/wp-json\/wp\/v2\/media?parent=6366"}],"wp:term":[{"taxonomy":"product_brand","embeddable":true,"href":"https:\/\/www.delcofluid.com\/vi\/wp-json\/wp\/v2\/product_brand?post=6366"},{"taxonomy":"product_cat","embeddable":true,"href":"https:\/\/www.delcofluid.com\/vi\/wp-json\/wp\/v2\/product_cat?post=6366"},{"taxonomy":"product_tag","embeddable":true,"href":"https:\/\/www.delcofluid.com\/vi\/wp-json\/wp\/v2\/product_tag?post=6366"}],"curies":[{"name":"wp","href":"https:\/\/api.w.org\/{rel}","templated":true}]}}