{"id":6378,"date":"2024-07-03T04:24:41","date_gmt":"2024-07-03T03:24:41","guid":{"rendered":"https:\/\/www.delcofluid.com\/?post_type=product&#038;p=6378"},"modified":"2024-08-09T10:49:38","modified_gmt":"2024-08-09T09:49:38","slug":"manual-stainless-steel-flange-ball-valve","status":"publish","type":"product","link":"https:\/\/www.delcofluid.com\/vi\/san-pham\/manual-stainless-steel-flange-ball-valve\/","title":{"rendered":"Van bi m\u1eb7t b\u00edch b\u1eb1ng th\u00e9p kh\u00f4ng g\u1ec9 th\u1ee7 c\u00f4ng 2PC"},"content":{"rendered":"<div data-elementor-type=\"product-post\" data-elementor-id=\"6378\" class=\"elementor elementor-6378\" data-elementor-post-type=\"product\">\n\t\t\t\t<div class=\"elementor-element elementor-element-6fb59a60 e-flex e-con-boxed e-con e-parent\" data-id=\"6fb59a60\" data-element_type=\"container\" data-e-type=\"container\" data-settings=\"{&quot;ekit_has_onepagescroll_dot&quot;:&quot;yes&quot;}\">\n\t\t\t\t\t<div class=\"e-con-inner\">\n\t\t<div class=\"elementor-element elementor-element-b2e102c e-con-full e-flex e-con e-child\" data-id=\"b2e102c\" data-element_type=\"container\" data-e-type=\"container\" data-settings=\"{&quot;ekit_has_onepagescroll_dot&quot;:&quot;yes&quot;}\">\n\t\t\t\t<div class=\"elementor-element elementor-element-4c3cf80 elementor-widget elementor-widget-heading\" data-id=\"4c3cf80\" data-element_type=\"widget\" data-e-type=\"widget\" data-settings=\"{&quot;ekit_we_effect_on&quot;:&quot;none&quot;}\" data-widget_type=\"heading.default\">\n\t\t\t\t<div class=\"elementor-widget-container\">\n\t\t\t\t\t<h2 class=\"elementor-heading-title elementor-size-default\">\u0110\u1eb7c tr\u01b0ng<\/h2>\t\t\t\t<\/div>\n\t\t\t\t<\/div>\n\t\t\t\t<div class=\"elementor-element elementor-element-1af4cc68 elementor-widget__width-initial elementor-widget elementor-widget-text-editor\" data-id=\"1af4cc68\" data-element_type=\"widget\" data-e-type=\"widget\" data-settings=\"{&quot;ekit_we_effect_on&quot;:&quot;none&quot;}\" data-widget_type=\"text-editor.default\">\n\t\t\t\t<div class=\"elementor-widget-container\">\n\t\t\t\t\t\t\t\t\t<ul><li>V\u1eadn h\u00e0nh nhanh ch\u00f3ng: Van m\u1edf ho\u1eb7c \u0111\u00f3ng b\u1eb1ng c\u00e1ch xoay tay c\u1ea7m 90\u00b0, mang l\u1ea1i kh\u1ea3 n\u0103ng v\u1eadn h\u00e0nh nhanh ch\u00f3ng v\u00e0 hi\u1ec7u qu\u1ea3.<\/li><li>D\u1ec5 l\u1eafp \u0111\u1eb7t: K\u00edch th\u01b0\u1edbc nh\u1ecf g\u1ecdn v\u00e0 thi\u1ebft k\u1ebf nh\u1eb9 c\u1ee7a van gi\u00fap van b\u1ec1n, d\u1ec5 l\u1eafp \u0111\u1eb7t v\u00e0 d\u1ec5 b\u1ea3o tr\u00ec.<\/li><li>Hi\u1ec7u su\u1ea5t b\u1ecbt k\u00edn tuy\u1ec7t v\u1eddi: L\u1edbp \u0111\u1ec7m \u0111\u00e0n h\u1ed3i v\u00e0 thi\u1ebft k\u1ebf \u0111\u1ebf kim lo\u1ea1i n\u00e9n tr\u01b0\u1edbc mang l\u1ea1i kh\u1ea3 n\u0103ng b\u00f9 \u0111\u1eafp hi\u1ec7u qu\u1ea3 cho s\u1ef1 hao m\u00f2n, \u0111\u1ea3m b\u1ea3o \u0111\u1ed9 b\u1ecbt k\u00edn \u0111\u00e1ng tin c\u1eady l\u00e2u d\u00e0i.<\/li><li>Tu\u1ed5i th\u1ecd cao: V\u1eadt li\u1ec7u b\u1ecbt k\u00edn flo c\u00f3 kh\u1ea3 n\u0103ng ch\u1ed1ng x\u00f3i m\u00f2n cao gi\u00fap k\u00e9o d\u00e0i \u0111\u1ed9 b\u1ec1n trong m\u00f4i tr\u01b0\u1eddng kh\u1eafc nghi\u1ec7t.<\/li><li>L\u1ef1c c\u1ea3n d\u00f2ng ch\u1ea3y t\u1ed1i thi\u1ec3u: Thi\u1ebft k\u1ebf to\u00e0n l\u1ed7 \u0111\u1ea3m b\u1ea3o \u0111\u01b0\u1eddng \u0111i c\u1ee7a bi, \u0111\u01b0\u1eddng \u0111i c\u1ee7a th\u00e2n van v\u00e0 \u0111\u01b0\u1eddng k\u00ednh \u1ed1ng \u0111\u01b0\u1ee3c c\u0103n ch\u1ec9nh \u0111\u1ec3 gi\u1ea3m thi\u1ec3u l\u1ef1c c\u1ea3n d\u00f2ng ch\u1ea3y, cho ph\u00e9p ch\u1ea5t l\u1ecfng ch\u1ea3y tr\u01a1n tru.<\/li><li>Ph\u1ea1m vi s\u1eed d\u1ee5ng r\u1ed9ng r\u00e3i: Van bi n\u00e0y ph\u00f9 h\u1ee3p \u0111\u1ec3 v\u1eadn chuy\u1ec3n n\u01b0\u1edbc, d\u1ea7u, kh\u00ed v\u00e0 m\u1ed9t s\u1ed1 ch\u1ea5t l\u1ecfng \u0103n m\u00f2n. N\u00f3 h\u1ed7 tr\u1ee3 nhi\u1ec1u ti\u00eau chu\u1ea9n m\u1eb7t b\u00edch v\u00e0 b\u1ec1 m\u1eb7t b\u1ecbt k\u00edn kh\u00e1c nhau v\u00e0 c\u00f3 th\u1ec3 v\u1eadn h\u00e0nh b\u1eb1ng tay ho\u1eb7c b\u1eb1ng b\u1ed9 truy\u1ec1n \u0111\u1ed9ng \u0111i\u1ec7n, kh\u00ed n\u00e9n ho\u1eb7c th\u1ee7y l\u1ef1c.<\/li><\/ul>\t\t\t\t\t\t\t\t<\/div>\n\t\t\t\t<\/div>\n\t\t\t\t<\/div>\n\t\t\t\t<div class=\"elementor-element elementor-element-8e57110 elementor-widget elementor-widget-image\" data-id=\"8e57110\" data-element_type=\"widget\" data-e-type=\"widget\" data-settings=\"{&quot;ekit_we_effect_on&quot;:&quot;none&quot;}\" data-widget_type=\"image.default\">\n\t\t\t\t<div class=\"elementor-widget-container\">\n\t\t\t\t\t\t\t\t\t\t\t\t\t\t\t<img fetchpriority=\"high\" decoding=\"async\" width=\"768\" height=\"759\" src=\"https:\/\/www.delcofluid.com\/wp-content\/uploads\/2024\/03\/product-finder-graphic-3-x900.jpg\" class=\"attachment-large size-large wp-image-2576\" alt=\"Solenoid Valves\" srcset=\"https:\/\/www.delcofluid.com\/wp-content\/uploads\/2024\/03\/product-finder-graphic-3-x900.jpg 768w, https:\/\/www.delcofluid.com\/wp-content\/uploads\/2024\/03\/product-finder-graphic-3-x900-100x100.jpg 100w, https:\/\/www.delcofluid.com\/wp-content\/uploads\/2024\/03\/product-finder-graphic-3-x900-600x593.jpg 600w, https:\/\/www.delcofluid.com\/wp-content\/uploads\/2024\/03\/product-finder-graphic-3-x900-300x296.jpg 300w\" sizes=\"(max-width: 768px) 100vw, 768px\" \/>\t\t\t\t\t\t\t\t\t\t\t\t\t\t\t<\/div>\n\t\t\t\t<\/div>\n\t\t\t\t\t<\/div>\n\t\t\t\t<\/div>\n\t\t<div class=\"elementor-element elementor-element-a55eeda e-flex e-con-boxed e-con e-parent\" data-id=\"a55eeda\" data-element_type=\"container\" data-e-type=\"container\" data-settings=\"{&quot;background_background&quot;:&quot;classic&quot;,&quot;ekit_has_onepagescroll_dot&quot;:&quot;yes&quot;}\">\n\t\t\t\t\t<div class=\"e-con-inner\">\n\t\t\t\t<div class=\"elementor-element elementor-element-585e9d9 elementor-widget elementor-widget-heading\" data-id=\"585e9d9\" data-element_type=\"widget\" data-e-type=\"widget\" data-settings=\"{&quot;ekit_we_effect_on&quot;:&quot;none&quot;}\" data-widget_type=\"heading.default\">\n\t\t\t\t<div class=\"elementor-widget-container\">\n\t\t\t\t\t<h2 class=\"elementor-heading-title elementor-size-default\">Th\u00f4ng s\u1ed1 k\u1ef9 thu\u1eadt<\/h2>\t\t\t\t<\/div>\n\t\t\t\t<\/div>\n\t\t\t\t\t<\/div>\n\t\t\t\t<\/div>\n\t\t<div class=\"elementor-element elementor-element-3414eb9 e-con-full e-flex e-con e-parent\" data-id=\"3414eb9\" data-element_type=\"container\" data-e-type=\"container\" data-settings=\"{&quot;background_background&quot;:&quot;classic&quot;,&quot;ekit_has_onepagescroll_dot&quot;:&quot;yes&quot;}\">\n\t\t\t\t<div class=\"elementor-element elementor-element-13df62f elementor-widget__width-initial elementor-widget elementor-widget-text-editor\" data-id=\"13df62f\" data-element_type=\"widget\" data-e-type=\"widget\" data-settings=\"{&quot;ekit_we_effect_on&quot;:&quot;none&quot;}\" data-widget_type=\"text-editor.default\">\n\t\t\t\t<div class=\"elementor-widget-container\">\n\t\t\t\t\t\t\t\t\t<table width=\"855\">\n<tbody>\n<tr>\n<td width=\"159\">K\u00edch th\u01b0\u1edbc c\u1ed5ng:<\/td>\n<td width=\"205\">&nbsp;1\/2\u2033 \u0111\u1ebfn 16\u2033<\/td>\n<td width=\"146\">V\u1eadt li\u1ec7u th\u00e2n m\u00e1y:<\/td>\n<td width=\"345\">Th\u00e9p kh\u00f4ng g\u1ec9 304\/316<\/td>\n<\/tr>\n<tr>\n<td width=\"159\">\u00c1p l\u1ef1c:<\/td>\n<td>1,6 \u0111\u1ebfn 6,4MPa<\/td>\n<td width=\"146\">K\u1ebft th\u00fac k\u1ebft n\u1ed1i:&nbsp;<\/td>\n<td width=\"345\">M\u1eb7t b\u00edch<\/td>\n<\/tr>\n<tr>\n<td width=\"159\">B\u1ea3o h\u00e0nh\uff1a<\/td>\n<td width=\"205\">12 con b\u01b0\u1edbm \u0111\u00eam<\/td>\n<td width=\"146\">Nhi\u1ec7t \u0111\u1ed9 l\u00e0m vi\u1ec7c:<\/td>\n<td width=\"345\">PTFE\u2264180\u00b0C, Kim lo\u1ea1i ng\u1ed3i\u2264350\u00b0C<\/td>\n<\/tr>\n<tr>\n<td width=\"159\">X\u1ebfp h\u1ea1ng \u00e1p su\u1ea5t:<\/td>\n<td width=\"205\">300LB (150LB v\u00e0 600LB l\u00e0 t\u00f9y ch\u1ecdn)<\/td>\n<td width=\"146\">Ph\u01b0\u01a1ng ti\u1ec7n truy\u1ec1n th\u00f4ng ph\u00f9 h\u1ee3p<\/td>\n<td width=\"345\">N\u01b0\u1edbc, d\u1ea7u, kh\u00ed, kh\u00f4ng kh\u00ed, v.v.<\/td>\n<\/tr>\n<\/tbody>\n<\/table>\t\t\t\t\t\t\t\t<\/div>\n\t\t\t\t<\/div>\n\t\t\t\t<\/div>\n\t\t<div class=\"elementor-element elementor-element-daef6c8 e-con-full e-flex e-con e-parent\" data-id=\"daef6c8\" data-element_type=\"container\" data-e-type=\"container\" data-settings=\"{&quot;ekit_has_onepagescroll_dot&quot;:&quot;yes&quot;}\">\n\t\t\t\t<div class=\"elementor-element elementor-element-52ddb61 elementor-widget elementor-widget-heading\" data-id=\"52ddb61\" data-element_type=\"widget\" data-e-type=\"widget\" data-settings=\"{&quot;ekit_we_effect_on&quot;:&quot;none&quot;}\" data-widget_type=\"heading.default\">\n\t\t\t\t<div class=\"elementor-widget-container\">\n\t\t\t\t\t<h2 class=\"elementor-heading-title elementor-size-default\">\u1ee8ng d\u1ee5ng<\/h2>\t\t\t\t<\/div>\n\t\t\t\t<\/div>\n\t\t\t\t<div class=\"elementor-element elementor-element-ac1034b elementor-widget elementor-widget-text-editor\" data-id=\"ac1034b\" data-element_type=\"widget\" data-e-type=\"widget\" data-settings=\"{&quot;ekit_we_effect_on&quot;:&quot;none&quot;}\" data-widget_type=\"text-editor.default\">\n\t\t\t\t<div class=\"elementor-widget-container\">\n\t\t\t\t\t\t\t\t\t<p>1. C\u00f4ng nghi\u1ec7p h\u00f3a ch\u1ea5t<br \/>Trong ng\u00e0nh c\u00f4ng nghi\u1ec7p h\u00f3a ch\u1ea5t, van bi n\u00e0y \u0111\u01b0\u1ee3c thi\u1ebft k\u1ebf \u0111\u1eb7c bi\u1ec7t \u0111\u1ec3 x\u1eed l\u00fd c\u00e1c h\u00f3a ch\u1ea5t c\u00f3 t\u00ednh \u0103n m\u00f2n cao nh\u01b0 axit, ki\u1ec1m v\u00e0 mu\u1ed1i. N\u00f3 c\u00f3 \u0111\u1ed9 b\u1ec1n c\u01a1 h\u1ecdc cao v\u00e0 kh\u1ea3 n\u0103ng ch\u1ed1ng \u0103n m\u00f2n tuy\u1ec7t v\u1eddi, l\u00e0m cho n\u00f3 ph\u00f9 h\u1ee3p \u0111\u1ec3 v\u1eadn chuy\u1ec3n, tr\u1ed9n v\u00e0 ph\u1ea3n \u1ee9ng h\u00f3a ch\u1ea5t.<br \/>2.Ng\u00e0nh c\u00f4ng nghi\u1ec7p d\u01b0\u1ee3c ph\u1ea9m<br \/>Trong ng\u00e0nh d\u01b0\u1ee3c ph\u1ea9m, van n\u00e0y \u0111\u1ea3m b\u1ea3o m\u00f4i tr\u01b0\u1eddng tinh khi\u1ebft v\u00e0 \u0111\u01b0\u1ee3c c\u00f4 l\u1eadp \u0111\u00e1ng tin c\u1eady trong qu\u00e1 tr\u00ecnh s\u1ea3n xu\u1ea5t thu\u1ed1c. N\u00f3 ng\u0103n ng\u1eeba hi\u1ec7u qu\u1ea3 s\u1ef1 nhi\u1ec5m b\u1ea9n khi x\u1eed l\u00fd nguy\u00ean li\u1ec7u th\u00f4, s\u1ea3n ph\u1ea9m trung gian v\u00e0 th\u00e0nh ph\u1ea9m, duy tr\u00ec m\u00f4i tr\u01b0\u1eddng v\u00f4 tr\u00f9ng.<br \/>3. Ng\u00e0nh ch\u1ebf bi\u1ebfn th\u1ef1c ph\u1ea9m<br \/>Trong ng\u00e0nh ch\u1ebf bi\u1ebfn th\u1ef1c ph\u1ea9m, van n\u00e0y \u0111\u01b0\u1ee3c s\u1eed d\u1ee5ng \u0111\u1ec3 v\u1eadn chuy\u1ec3n v\u00e0 x\u1eed l\u00fd th\u1ef1c ph\u1ea9m v\u00e0 \u0111\u1ed3 u\u1ed1ng. N\u00f3 c\u00f3 thi\u1ebft k\u1ebf h\u1ee3p v\u1ec7 sinh v\u00e0 kh\u1ea3 n\u0103ng ch\u1ed1ng l\u1ea1i c\u00e1c ch\u1ea5t t\u1ea9y r\u1eeda t\u1ed1t, \u0111\u1ea3m b\u1ea3o tu\u00e2n th\u1ee7 c\u00e1c ti\u00eau chu\u1ea9n v\u1ec7 sinh ch\u1ebf bi\u1ebfn th\u1ef1c ph\u1ea9m.<br \/>4. Ng\u00e0nh b\u1ea3o v\u1ec7 m\u00f4i tr\u01b0\u1eddng<br \/>Trong ng\u00e0nh b\u1ea3o v\u1ec7 m\u00f4i tr\u01b0\u1eddng, van n\u00e0y \u0111\u01b0\u1ee3c s\u1eed d\u1ee5ng \u0111\u1ec3 qu\u1ea3n l\u00fd n\u01b0\u1edbc th\u1ea3i, ki\u1ec3m so\u00e1t \u00f4 nhi\u1ec5m v\u00e0 tu\u00e2n th\u1ee7 c\u00e1c quy \u0111\u1ecbnh v\u1ec1 m\u00f4i tr\u01b0\u1eddng. Thi\u1ebft k\u1ebf ch\u1ed1ng \u0103n m\u00f2n v\u00e0 c\u1ea5u tr\u00fac ch\u1eafc ch\u1eafn \u0111\u1ea3m b\u1ea3o ki\u1ec3m so\u00e1t \u00f4 nhi\u1ec5m hi\u1ec7u qu\u1ea3 v\u00e0 b\u1ea3o v\u1ec7 m\u00f4i tr\u01b0\u1eddng.<br \/>5. Ng\u00e0nh c\u00f4ng nghi\u1ec7p d\u1ea7u kh\u00ed<br \/>Trong ng\u00e0nh d\u1ea7u kh\u00ed, van n\u00e0y \u0111\u01b0\u1ee3c s\u1eed d\u1ee5ng \u0111\u1ec3 v\u1eadn chuy\u1ec3n d\u1ea7u kh\u00ed c\u0169ng nh\u01b0 nhi\u1ec1u lo\u1ea1i ch\u1ea5t l\u1ecfng c\u00f4ng nghi\u1ec7p kh\u00e1c nhau. N\u00f3 c\u00f3 th\u1ec3 x\u1eed l\u00fd nhi\u1ec1u lo\u1ea1i ch\u1ea5t l\u1ecfng, bao g\u1ed3m d\u1ea7u m\u1ecf, kh\u00ed \u0111\u1ed1t t\u1ef1 nhi\u00ean v\u00e0 ch\u1ea5t l\u1ecfng \u00e1p su\u1ea5t cao, khi\u1ebfn n\u00f3 tr\u1edf th\u00e0nh m\u1ed9t th\u00e0nh ph\u1ea7n \u0111\u00e1ng tin c\u1eady trong h\u1ec7 th\u1ed1ng \u0111\u01b0\u1eddng \u1ed1ng.<\/p><p>\u00a0<\/p><p>\u00a0<\/p>\t\t\t\t\t\t\t\t<\/div>\n\t\t\t\t<\/div>\n\t\t\t\t<\/div>\n\t\t\t\t<\/div>","protected":false},"excerpt":{"rendered":"<p><strong>Van bi m\u1eb7t b\u00edch b\u1eb1ng th\u00e9p kh\u00f4ng g\u1ec9 th\u1ee7 c\u00f4ng<\/strong> c\u00f3 c\u1ea5u tr\u00fac nh\u1ecf g\u1ecdn, v\u1ebb ngo\u00e0i h\u1ea5p d\u1eabn v\u00e0 l\u1ef1c c\u1ea3n d\u00f2ng ch\u1ea3y th\u1ea5p. C\u01a1 ch\u1ebf \u0111\u00f3ng c\u1ee7a n\u00f3 bao g\u1ed3m m\u1ed9t qu\u1ea3 b\u00f3ng (ho\u1eb7c m\u1ed9t ph\u1ea7n qu\u1ea3 b\u00f3ng) c\u00f3 l\u1ed7 m\u1edf ho\u1eb7c \u0111\u00f3ng van b\u1eb1ng c\u00e1ch xoay 90\u00b0 th\u00e2n van, \u0111i\u1ec1u ch\u1ec9nh hi\u1ec7u qu\u1ea3 d\u00f2ng ch\u1ea3y c\u1ee7a ch\u1ea5t l\u1ecfng.<br \/>\nVan bi cung c\u1ea5p l\u1ef1c c\u1ea3n d\u00f2ng ch\u1ea3y t\u1ed1i thi\u1ec3u. Khi van bi to\u00e0n l\u1ed7 m\u1edf, \u0111\u01b0\u1eddng k\u00ednh c\u1ee7a \u0111\u01b0\u1eddng d\u1eabn bi, \u0111\u01b0\u1eddng d\u1eabn th\u00e2n van v\u00e0 \u1ed1ng n\u1ed1i \u0111\u1ec1u th\u1eb3ng h\u00e0ng, t\u1ea1o ra \u0111\u01b0\u1eddng d\u1eabn li\u00ean t\u1ee5c cho m\u00f4i tr\u01b0\u1eddng m\u00e0 h\u1ea7u nh\u01b0 kh\u00f4ng b\u1ecb c\u1ea3n tr\u1edf. Thi\u1ebft k\u1ebf n\u00e0y \u0111\u1ea3m b\u1ea3o r\u1eb1ng d\u00f2ng ch\u1ea3y c\u1ee7a m\u00f4i tr\u01b0\u1eddng hi\u1ec7u qu\u1ea3 v\u00e0 kh\u00f4ng b\u1ecb h\u1ea1n ch\u1ebf.<br \/>\nTrong s\u1ed1 t\u1ea5t c\u1ea3 c\u00e1c lo\u1ea1i van, van bi n\u1ed5i ti\u1ebfng v\u1edbi kh\u1ea3 n\u0103ng ho\u1ea1t \u0111\u1ed9ng nhanh. Thi\u1ebft k\u1ebf nh\u1ecf g\u1ecdn v\u00e0 nh\u1eb9 gi\u00fap l\u1eafp \u0111\u1eb7t v\u00e0 b\u1ea3o tr\u00ec d\u1ec5 d\u00e0ng trong h\u1ec7 th\u1ed1ng \u0111\u01b0\u1eddng \u1ed1ng. Thi\u1ebft k\u1ebf to\u00e0n b\u1ed9 l\u1ed7 khoan gi\u00fap t\u0103ng c\u01b0\u1eddng hi\u1ec7u qu\u1ea3 n\u00e0y h\u01a1n n\u1eefa; khi van m\u1edf ho\u00e0n to\u00e0n, s\u1ef1 c\u0103n ch\u1ec9nh c\u1ee7a bi, th\u00e2n van v\u00e0 \u1ed1ng n\u1ed1i t\u1ea1o ra \u0111\u01b0\u1eddng d\u1eabn d\u00f2ng ch\u1ea3y tr\u01a1n tru, kh\u00f4ng b\u1ecb gi\u00e1n \u0111o\u1ea1n. Hi\u1ec7u su\u1ea5t d\u00f2ng ch\u1ea3y \u0111\u1eb7c bi\u1ec7t n\u00e0y v\u00e0 ho\u1ea1t \u0111\u1ed9ng nhanh ch\u00f3ng khi\u1ebfn van bi n\u1ed5i to\u00e0n b\u1ed9 l\u1ed7 khoan tr\u1edf n\u00ean l\u00fd t\u01b0\u1edfng cho c\u00e1c \u1ee9ng d\u1ee5ng trong ng\u00e0nh c\u00f4ng nghi\u1ec7p h\u00f3a d\u1ea7u v\u00e0 \u0111\u01b0\u1eddng \u1ed1ng d\u00e0i.<\/p>\n<p>Model: Van bi m\u1eb7t b\u00edch th\u1ee7 c\u00f4ng<br \/>\nPh\u1ea1m vi k\u00edch th\u01b0\u1edbc: 1\/2\u2033 \u0111\u1ebfn 16\u2033<br \/>\nPh\u1ea1m vi \u00e1p su\u1ea5t: PN1.6, 2.5, 4.0, 6.4 MPa<br \/>\nCh\u1ea5t li\u1ec7u: Th\u00e9p kh\u00f4ng g\u1ec9 304 ho\u1eb7c Th\u00e9p kh\u00f4ng g\u1ec9 316<\/p>\n<p>&nbsp;<\/p>","protected":false},"featured_media":7310,"template":"","meta":{"site-sidebar-layout":"default","site-content-layout":"","ast-site-content-layout":"default","site-content-style":"default","site-sidebar-style":"default","ast-global-header-display":"","ast-banner-title-visibility":"","ast-main-header-display":"","ast-hfb-above-header-display":"","ast-hfb-below-header-display":"","ast-hfb-mobile-header-display":"","site-post-title":"","ast-breadcrumbs-content":"","ast-featured-img":"","footer-sml-layout":"","ast-disable-related-posts":"","theme-transparent-header-meta":"default","adv-header-id-meta":"","stick-header-meta":"","header-above-stick-meta":"","header-main-stick-meta":"","header-below-stick-meta":"","astra-migrate-meta-layouts":"set","ast-page-background-enabled":"default","ast-page-background-meta":{"desktop":{"background-color":"var(--ast-global-color-4)","background-image":"","background-repeat":"repeat","background-position":"center center","background-size":"auto","background-attachment":"scroll","background-type":"","background-media":"","overlay-type":"","overlay-color":"","overlay-opacity":"","overlay-gradient":""},"tablet":{"background-color":"","background-image":"","background-repeat":"repeat","background-position":"center center","background-size":"auto","background-attachment":"scroll","background-type":"","background-media":"","overlay-type":"","overlay-color":"","overlay-opacity":"","overlay-gradient":""},"mobile":{"background-color":"","background-image":"","background-repeat":"repeat","background-position":"center center","background-size":"auto","background-attachment":"scroll","background-type":"","background-media":"","overlay-type":"","overlay-color":"","overlay-opacity":"","overlay-gradient":""}},"ast-content-background-meta":{"desktop":{"background-color":"var(--ast-global-color-5)","background-image":"","background-repeat":"repeat","background-position":"center center","background-size":"auto","background-attachment":"scroll","background-type":"","background-media":"","overlay-type":"","overlay-color":"","overlay-opacity":"","overlay-gradient":""},"tablet":{"background-color":"var(--ast-global-color-5)","background-image":"","background-repeat":"repeat","background-position":"center center","background-size":"auto","background-attachment":"scroll","background-type":"","background-media":"","overlay-type":"","overlay-color":"","overlay-opacity":"","overlay-gradient":""},"mobile":{"background-color":"var(--ast-global-color-5)","background-image":"","background-repeat":"repeat","background-position":"center center","background-size":"auto","background-attachment":"scroll","background-type":"","background-media":"","overlay-type":"","overlay-color":"","overlay-opacity":"","overlay-gradient":""}}},"product_brand":[],"product_cat":[705,116,33],"product_tag":[214,656,261,661,73,56],"class_list":{"0":"post-6378","1":"product","2":"type-product","3":"status-publish","4":"has-post-thumbnail","6":"product_cat-manual-ball-valve","7":"product_cat-manual-valves","8":"product_cat-products","9":"product_tag-flange-ball-valve","10":"product_tag-manual-flange-butterfly-valve","11":"product_tag-manual-valve","12":"product_tag-stainless-steel-flange-ball-valve","13":"product_tag-valve","14":"product_tag-valves","15":"desktop-align-center","16":"tablet-align-left","17":"mobile-align-left","19":"first","20":"instock","21":"shipping-taxable","22":"product-type-simple"},"_links":{"self":[{"href":"https:\/\/www.delcofluid.com\/vi\/wp-json\/wp\/v2\/product\/6378","targetHints":{"allow":["GET"]}}],"collection":[{"href":"https:\/\/www.delcofluid.com\/vi\/wp-json\/wp\/v2\/product"}],"about":[{"href":"https:\/\/www.delcofluid.com\/vi\/wp-json\/wp\/v2\/types\/product"}],"version-history":[{"count":0,"href":"https:\/\/www.delcofluid.com\/vi\/wp-json\/wp\/v2\/product\/6378\/revisions"}],"wp:featuredmedia":[{"embeddable":true,"href":"https:\/\/www.delcofluid.com\/vi\/wp-json\/wp\/v2\/media\/7310"}],"wp:attachment":[{"href":"https:\/\/www.delcofluid.com\/vi\/wp-json\/wp\/v2\/media?parent=6378"}],"wp:term":[{"taxonomy":"product_brand","embeddable":true,"href":"https:\/\/www.delcofluid.com\/vi\/wp-json\/wp\/v2\/product_brand?post=6378"},{"taxonomy":"product_cat","embeddable":true,"href":"https:\/\/www.delcofluid.com\/vi\/wp-json\/wp\/v2\/product_cat?post=6378"},{"taxonomy":"product_tag","embeddable":true,"href":"https:\/\/www.delcofluid.com\/vi\/wp-json\/wp\/v2\/product_tag?post=6378"}],"curies":[{"name":"wp","href":"https:\/\/api.w.org\/{rel}","templated":true}]}}