{"id":6400,"date":"2024-07-03T07:54:35","date_gmt":"2024-07-03T06:54:35","guid":{"rendered":"https:\/\/www.delcofluid.com\/?post_type=product&#038;p=6400"},"modified":"2024-08-09T10:46:50","modified_gmt":"2024-08-09T09:46:50","slug":"manual-stainless-steel-4-way-flange-ball-valve","status":"publish","type":"product","link":"https:\/\/www.delcofluid.com\/vi\/san-pham\/manual-stainless-steel-4-way-flange-ball-valve\/","title":{"rendered":"Van bi m\u1eb7t b\u00edch 4 chi\u1ec1u b\u1eb1ng th\u00e9p kh\u00f4ng g\u1ec9 th\u1ee7 c\u00f4ng"},"content":{"rendered":"<div data-elementor-type=\"product-post\" data-elementor-id=\"6400\" class=\"elementor elementor-6400\" data-elementor-post-type=\"product\">\n\t\t\t\t<div class=\"elementor-element elementor-element-6fb59a60 e-flex e-con-boxed e-con e-parent\" data-id=\"6fb59a60\" data-element_type=\"container\" data-e-type=\"container\" data-settings=\"{&quot;ekit_has_onepagescroll_dot&quot;:&quot;yes&quot;}\">\n\t\t\t\t\t<div class=\"e-con-inner\">\n\t\t<div class=\"elementor-element elementor-element-b2e102c e-con-full e-flex e-con e-child\" data-id=\"b2e102c\" data-element_type=\"container\" data-e-type=\"container\" data-settings=\"{&quot;ekit_has_onepagescroll_dot&quot;:&quot;yes&quot;}\">\n\t\t\t\t<div class=\"elementor-element elementor-element-4c3cf80 elementor-widget elementor-widget-heading\" data-id=\"4c3cf80\" data-element_type=\"widget\" data-e-type=\"widget\" data-settings=\"{&quot;ekit_we_effect_on&quot;:&quot;none&quot;}\" data-widget_type=\"heading.default\">\n\t\t\t\t<div class=\"elementor-widget-container\">\n\t\t\t\t\t<h2 class=\"elementor-heading-title elementor-size-default\">\u0110\u1eb7c tr\u01b0ng<\/h2>\t\t\t\t<\/div>\n\t\t\t\t<\/div>\n\t\t\t\t<div class=\"elementor-element elementor-element-1af4cc68 elementor-widget__width-initial elementor-widget elementor-widget-text-editor\" data-id=\"1af4cc68\" data-element_type=\"widget\" data-e-type=\"widget\" data-settings=\"{&quot;ekit_we_effect_on&quot;:&quot;none&quot;}\" data-widget_type=\"text-editor.default\">\n\t\t\t\t<div class=\"elementor-widget-container\">\n\t\t\t\t\t\t\t\t\t<ul><li>Chuy\u1ec3n \u0111\u1ed5i h\u01b0\u1edbng d\u00f2ng ch\u1ea3y hi\u1ec7u qu\u1ea3: Van bi m\u1eb7t b\u00edch 4 chi\u1ec1u th\u1ee7 c\u00f4ng c\u00f3 th\u1ec3 nhanh ch\u00f3ng chuy\u1ec3n \u0111\u1ed5i h\u01b0\u1edbng d\u00f2ng ch\u1ea3y c\u1ee7a hai m\u00f4i tr\u01b0\u1eddng th\u00f4ng qua thao t\u00e1c xoay 90\u00b0 \u0111\u01a1n gi\u1ea3n, cung c\u1ea5p gi\u1ea3i ph\u00e1p \u0111i\u1ec1u khi\u1ec3n hi\u1ec7u qu\u1ea3 v\u00e0 ti\u1ec7n l\u1ee3i cho c\u00e1c \u1ee9ng d\u1ee5ng y\u00eau c\u1ea7u \u0111i\u1ec1u ch\u1ec9nh h\u01b0\u1edbng d\u00f2ng ch\u1ea3y.<\/li><li>\u0110\u1ed9 \u1ed5n \u0111\u1ecbnh v\u00e0 \u0111\u1ed9 b\u1ec1n cao: Th\u00e2n van \u0111\u01b0\u1ee3c s\u1ea3n xu\u1ea5t b\u1eb1ng quy tr\u00ecnh \u0111\u00fac ch\u00ednh x\u00e1c v\u00e0 \u0111\u01b0\u1ee3c trang b\u1ecb c\u1ea5u tr\u00fac m\u1eb7t b\u00edch qu\u00e1 kh\u1ed5. Thi\u1ebft k\u1ebf n\u00e0y c\u1ea3i thi\u1ec7n \u0111\u00e1ng k\u1ec3 \u0111\u1ed9 \u1ed5n \u0111\u1ecbnh v\u00e0 \u0111\u1ed9 b\u1ec1n c\u1ee7a van, c\u00f3 th\u1ec3 duy tr\u00ec hi\u1ec7u su\u1ea5t tuy\u1ec7t v\u1eddi trong nhi\u1ec1u m\u00f4i tr\u01b0\u1eddng c\u00f4ng nghi\u1ec7p kh\u00e1c nhau.<\/li><li>Th\u00edch \u1ee9ng v\u1edbi \u0111i\u1ec1u ki\u1ec7n nhi\u1ec7t \u0111\u1ed9 kh\u1eafc nghi\u1ec7t: Thi\u1ebft k\u1ebf v\u1ecf b\u1ecdc cho ph\u00e9p h\u01a1i n\u01b0\u1edbc ho\u1eb7c d\u1ea7u \u1edf nhi\u1ec7t \u0111\u1ed9 cao ch\u1ea3y qua th\u00e2n van, gi\u1eef m\u00f4i ch\u1ea5t \u1edf tr\u1ea1ng th\u00e1i l\u1ecfng, do \u0111\u00f3 \u0111\u00e1p \u1ee9ng nhu c\u1ea7u s\u1ea3n xu\u1ea5t trong \u0111i\u1ec1u ki\u1ec7n nhi\u1ec7t \u0111\u1ed9 kh\u1eafc nghi\u1ec7t, \u0111\u1eb7c bi\u1ec7t ph\u00f9 h\u1ee3p v\u1edbi c\u00e1c quy tr\u00ecnh nh\u01b0 x\u1eed l\u00fd bitum v\u00e0 l\u01b0u hu\u1ef3nh l\u1ecfng.<\/li><li>T\u00f9y ch\u1ecdn b\u1ecbt k\u00edn linh ho\u1ea1t: Th\u00e2n van h\u1ed7 tr\u1ee3 c\u1ea3 gi\u1ea3i ph\u00e1p b\u1ecbt k\u00edn m\u1ec1m v\u00e0 b\u1ecbt k\u00edn c\u1ee9ng hai chi\u1ec1u, c\u00f3 th\u1ec3 th\u00edch \u1ee9ng v\u1edbi nhi\u1ec1u \u1ee9ng d\u1ee5ng c\u00f4ng nghi\u1ec7p kh\u00e1c nhau t\u1eeb nhi\u1ec7t \u0111\u1ed9 ph\u00f2ng \u0111\u1ebfn nhi\u1ec7t \u0111\u1ed9 v\u00e0 \u00e1p su\u1ea5t cao, cung c\u1ea5p c\u00e1c gi\u1ea3i ph\u00e1p b\u1ecbt k\u00edn linh ho\u1ea1t.<\/li><li>Kh\u1ea3 n\u0103ng m\u1edf r\u1ed9ng linh ho\u1ea1t: Van c\u00f3 th\u1ec3 \u0111\u01b0\u1ee3c ph\u00e1t tri\u1ec3n t\u1eeb van bi m\u1eb7t b\u00edch b\u1ed1n chi\u1ec1u \u0111\u1ec3 ph\u00e1t tri\u1ec3n van bi ba chi\u1ec1u v\u00e0 n\u0103m chi\u1ec1u th\u1eb3ng \u0111\u1ee9ng, h\u1ed7 tr\u1ee3 thi\u1ebft k\u1ebf \u0111\u01b0\u1eddng d\u1eabn ch\u1ea5t l\u1ecfng ph\u1ee9c t\u1ea1p, ph\u00f9 h\u1ee3p cho c\u00e1c t\u00ecnh hu\u1ed1ng chuy\u1ec3n h\u01b0\u1edbng, h\u1ee3p nh\u1ea5t v\u00e0 c\u00e1c \u1ee9ng d\u1ee5ng c\u00f4ng nghi\u1ec7p kh\u00e1c.<\/li><\/ul>\t\t\t\t\t\t\t\t<\/div>\n\t\t\t\t<\/div>\n\t\t\t\t<\/div>\n\t\t\t\t<div class=\"elementor-element elementor-element-8e57110 elementor-widget elementor-widget-image\" data-id=\"8e57110\" data-element_type=\"widget\" data-e-type=\"widget\" data-settings=\"{&quot;ekit_we_effect_on&quot;:&quot;none&quot;}\" data-widget_type=\"image.default\">\n\t\t\t\t<div class=\"elementor-widget-container\">\n\t\t\t\t\t\t\t\t\t\t\t\t\t\t\t<img fetchpriority=\"high\" decoding=\"async\" width=\"768\" height=\"759\" src=\"https:\/\/www.delcofluid.com\/wp-content\/uploads\/2024\/03\/product-finder-graphic-3-x900.jpg\" class=\"attachment-large size-large wp-image-2576\" alt=\"Solenoid Valves\" srcset=\"https:\/\/www.delcofluid.com\/wp-content\/uploads\/2024\/03\/product-finder-graphic-3-x900.jpg 768w, https:\/\/www.delcofluid.com\/wp-content\/uploads\/2024\/03\/product-finder-graphic-3-x900-100x100.jpg 100w, https:\/\/www.delcofluid.com\/wp-content\/uploads\/2024\/03\/product-finder-graphic-3-x900-600x593.jpg 600w, https:\/\/www.delcofluid.com\/wp-content\/uploads\/2024\/03\/product-finder-graphic-3-x900-300x296.jpg 300w\" sizes=\"(max-width: 768px) 100vw, 768px\" \/>\t\t\t\t\t\t\t\t\t\t\t\t\t\t\t<\/div>\n\t\t\t\t<\/div>\n\t\t\t\t\t<\/div>\n\t\t\t\t<\/div>\n\t\t<div class=\"elementor-element elementor-element-a55eeda e-flex e-con-boxed e-con e-parent\" data-id=\"a55eeda\" data-element_type=\"container\" data-e-type=\"container\" data-settings=\"{&quot;background_background&quot;:&quot;classic&quot;,&quot;ekit_has_onepagescroll_dot&quot;:&quot;yes&quot;}\">\n\t\t\t\t\t<div class=\"e-con-inner\">\n\t\t\t\t<div class=\"elementor-element elementor-element-585e9d9 elementor-widget elementor-widget-heading\" data-id=\"585e9d9\" data-element_type=\"widget\" data-e-type=\"widget\" data-settings=\"{&quot;ekit_we_effect_on&quot;:&quot;none&quot;}\" data-widget_type=\"heading.default\">\n\t\t\t\t<div class=\"elementor-widget-container\">\n\t\t\t\t\t<h2 class=\"elementor-heading-title elementor-size-default\">Th\u00f4ng s\u1ed1 k\u1ef9 thu\u1eadt<\/h2>\t\t\t\t<\/div>\n\t\t\t\t<\/div>\n\t\t\t\t\t<\/div>\n\t\t\t\t<\/div>\n\t\t<div class=\"elementor-element elementor-element-3414eb9 e-con-full e-flex e-con e-parent\" data-id=\"3414eb9\" data-element_type=\"container\" data-e-type=\"container\" data-settings=\"{&quot;background_background&quot;:&quot;classic&quot;,&quot;ekit_has_onepagescroll_dot&quot;:&quot;yes&quot;}\">\n\t\t\t\t<div class=\"elementor-element elementor-element-13df62f elementor-widget__width-initial elementor-widget elementor-widget-text-editor\" data-id=\"13df62f\" data-element_type=\"widget\" data-e-type=\"widget\" data-settings=\"{&quot;ekit_we_effect_on&quot;:&quot;none&quot;}\" data-widget_type=\"text-editor.default\">\n\t\t\t\t<div class=\"elementor-widget-container\">\n\t\t\t\t\t\t\t\t\t<table width=\"855\">\n<tbody>\n<tr>\n<td width=\"159\">K\u00edch th\u01b0\u1edbc c\u1ed5ng:<\/td>\n<td width=\"205\">&nbsp;1\/2\u2033 \u0111\u1ebfn 8\u2033<\/td>\n<td width=\"146\">V\u1eadt li\u1ec7u th\u00e2n m\u00e1y:<\/td>\n<td width=\"345\">Th\u00e9p kh\u00f4ng g\u1ec9<\/td>\n<\/tr>\n<tr>\n<td width=\"159\">\u00c1p l\u1ef1c:<\/td>\n<td>&nbsp;PN1.6, 2.5, 4.0, 6.4MPa<\/td>\n<td width=\"146\">K\u1ebft th\u00fac k\u1ebft n\u1ed1i:&nbsp;<\/td>\n<td width=\"345\">M\u1eb7t b\u00edch<\/td>\n<\/tr>\n<tr>\n<td width=\"159\">B\u1ea3o h\u00e0nh\uff1a<\/td>\n<td width=\"205\">12 con b\u01b0\u1edbm \u0111\u00eam<\/td>\n<td width=\"146\">Nhi\u1ec7t \u0111\u1ed9 l\u00e0m vi\u1ec7c:<\/td>\n<td width=\"345\">PTFE\u2264180\u00b0C, Kim lo\u1ea1i ng\u1ed3i\u2264350\u00b0C<\/td>\n<\/tr>\n<tr>\n<td width=\"159\">X\u1ebfp h\u1ea1ng \u00e1p su\u1ea5t:<\/td>\n<td width=\"205\">300LB (150LB v\u00e0 600LB l\u00e0 t\u00f9y ch\u1ecdn)<\/td>\n<td width=\"146\">Ph\u01b0\u01a1ng ti\u1ec7n truy\u1ec1n th\u00f4ng ph\u00f9 h\u1ee3p<\/td>\n<td width=\"345\">N\u01b0\u1edbc, d\u1ea7u, kh\u00ed, kh\u00f4ng kh\u00ed, v.v.<\/td>\n<\/tr>\n<\/tbody>\n<\/table>\t\t\t\t\t\t\t\t<\/div>\n\t\t\t\t<\/div>\n\t\t\t\t<\/div>\n\t\t<div class=\"elementor-element elementor-element-daef6c8 e-con-full e-flex e-con e-parent\" data-id=\"daef6c8\" data-element_type=\"container\" data-e-type=\"container\" data-settings=\"{&quot;ekit_has_onepagescroll_dot&quot;:&quot;yes&quot;}\">\n\t\t\t\t<div class=\"elementor-element elementor-element-52ddb61 elementor-widget elementor-widget-heading\" data-id=\"52ddb61\" data-element_type=\"widget\" data-e-type=\"widget\" data-settings=\"{&quot;ekit_we_effect_on&quot;:&quot;none&quot;}\" data-widget_type=\"heading.default\">\n\t\t\t\t<div class=\"elementor-widget-container\">\n\t\t\t\t\t<h2 class=\"elementor-heading-title elementor-size-default\">\u1ee8ng d\u1ee5ng<\/h2>\t\t\t\t<\/div>\n\t\t\t\t<\/div>\n\t\t\t\t<div class=\"elementor-element elementor-element-ac1034b elementor-widget elementor-widget-text-editor\" data-id=\"ac1034b\" data-element_type=\"widget\" data-e-type=\"widget\" data-settings=\"{&quot;ekit_we_effect_on&quot;:&quot;none&quot;}\" data-widget_type=\"text-editor.default\">\n\t\t\t\t<div class=\"elementor-widget-container\">\n\t\t\t\t\t\t\t\t\t<p>1. C\u00f4ng nghi\u1ec7p h\u00f3a ch\u1ea5t<br \/>Van bi m\u1eb7t b\u00edch b\u1ed1n chi\u1ec1u th\u1ee7 c\u00f4ng \u0111\u01b0\u1ee3c s\u1eed d\u1ee5ng trong ng\u00e0nh c\u00f4ng nghi\u1ec7p h\u00f3a ch\u1ea5t \u0111\u1ec3 \u0111i\u1ec1u h\u01b0\u1edbng d\u00f2ng ch\u1ea3y c\u1ee7a ch\u1ea5t h\u00f3a h\u1ecdc, h\u1ed7 tr\u1ee3 chuy\u1ec3n \u0111\u1ed5i ch\u1ea5t l\u1ecfng cho l\u00f2 ph\u1ea3n \u1ee9ng, b\u1ec3 tr\u1ed9n v\u00e0 b\u00ecnh ch\u1ee9a, \u0111\u1ed3ng th\u1eddi ho\u1ea1t \u0111\u1ed9ng t\u1ed1t trong nhi\u1ec1u \u0111i\u1ec1u ki\u1ec7n nhi\u1ec7t \u0111\u1ed9 v\u00e0 \u00e1p su\u1ea5t kh\u00e1c nhau.<br \/>2. H\u1ec7 th\u1ed1ng ph\u00f2ng ch\u00e1y ch\u1eefa ch\u00e1y<br \/>Trong h\u1ec7 th\u1ed1ng ph\u00f2ng ch\u00e1y ch\u1eefa ch\u00e1y, van bi b\u00edch b\u1ed1n chi\u1ec1u th\u1ee7 c\u00f4ng \u0111i\u1ec1u ch\u1ec9nh l\u01b0u l\u01b0\u1ee3ng n\u01b0\u1edbc \u0111\u1ec3 \u0111\u00e1p \u1ee9ng c\u00e1c nhu c\u1ea7u ch\u1eefa ch\u00e1y \u0111a d\u1ea1ng. N\u00f3 l\u00fd t\u01b0\u1edfng \u0111\u1ec3 ki\u1ec3m so\u00e1t l\u01b0u l\u01b0\u1ee3ng v\u00e0 chuy\u1ec3n m\u1ea1ch \u0111\u01b0\u1eddng \u1ed1ng trong m\u1ea1ng l\u01b0\u1edbi n\u01b0\u1edbc ch\u1eefa ch\u00e1y, \u0111\u1ea3m b\u1ea3o t\u00ednh linh ho\u1ea1t v\u00e0 hi\u1ec7u qu\u1ea3 c\u1ee7a h\u1ec7 th\u1ed1ng.<br \/>3. Ng\u00e0nh c\u00f4ng nghi\u1ec7p gi\u1ea5y v\u00e0 b\u1ed9t gi\u1ea5y<br \/>Trong ng\u00e0nh c\u00f4ng nghi\u1ec7p b\u1ed9t gi\u1ea5y v\u00e0 gi\u1ea5y, van n\u00e0y qu\u1ea3n l\u00fd qu\u00e1 tr\u00ecnh ch\u1ebf bi\u1ebfn b\u1ed9t gi\u1ea5y, ki\u1ec3m so\u00e1t s\u1ea3n xu\u1ea5t v\u00e0 b\u1ea3o tr\u00ec thi\u1ebft b\u1ecb. N\u00f3 ph\u00f9 h\u1ee3p \u0111\u1ec3 s\u1eed d\u1ee5ng trong c\u00e1c d\u00e2y chuy\u1ec1n s\u1ea3n xu\u1ea5t v\u00e0 h\u1ec7 th\u1ed1ng \u0111\u01b0\u1eddng \u1ed1ng b\u1ed9t gi\u1ea5y \u0111\u1ec3 \u0111i\u1ec1u ch\u1ec9nh l\u01b0u l\u01b0\u1ee3ng ch\u1ea5t l\u1ecfng trong su\u1ed1t qu\u00e1 tr\u00ecnh s\u1ea3n xu\u1ea5t.<br \/>4. V\u1eadn chuy\u1ec3n v\u00e0 X\u1eed l\u00fd<br \/>Trong v\u1eadn chuy\u1ec3n v\u00e0 x\u1eed l\u00fd, van bi b\u00edch b\u1ed1n chi\u1ec1u th\u1ee7 c\u00f4ng ki\u1ec3m so\u00e1t d\u00f2ng ch\u1ea3y ch\u1ea5t l\u1ecfng trong qu\u00e1 tr\u00ecnh x\u1ebfp d\u1ee1 h\u00e0ng h\u00f3a. Th\u00edch h\u1ee3p cho vi\u1ec7c x\u1ebfp d\u1ee1 t\u00e0u v\u00e0 qu\u1ea3n l\u00fd h\u00e0ng h\u00f3a, t\u1ed1i \u01b0u h\u00f3a qu\u00e1 tr\u00ecnh v\u1eadn chuy\u1ec3n v\u00e0 x\u1eed l\u00fd.<\/p>\t\t\t\t\t\t\t\t<\/div>\n\t\t\t\t<\/div>\n\t\t\t\t<\/div>\n\t\t\t\t<\/div>","protected":false},"excerpt":{"rendered":"<p>Van bi b\u00edch b\u1ed1n chi\u1ec1u th\u1ee7 c\u00f4ng cung c\u1ea5p kh\u1ea3 n\u0103ng ki\u1ec3m so\u00e1t ch\u1ea5t l\u1ecfng \u0111\u1eb7c bi\u1ec7t. Xoay 90\u00b0 \u0111\u01a1n gi\u1ea3n cho ph\u00e9p chuy\u1ec3n \u0111\u1ed5i nhanh gi\u1eefa hai h\u01b0\u1edbng d\u00f2ng ch\u1ea3y c\u1ee7a ph\u01b0\u01a1ng ti\u1ec7n cho c\u00e1c \u1ee9ng d\u1ee5ng \u0111a n\u0103ng. Thi\u1ebft k\u1ebf n\u00e0y h\u1ee3p l\u00fd h\u00f3a ho\u1ea1t \u0111\u1ed9ng v\u00e0 v\u01b0\u1ee3t tr\u1ed9i trong c\u00e1c t\u00ecnh hu\u1ed1ng y\u00eau c\u1ea7u \u0111i\u1ec1u ch\u1ec9nh l\u01b0u l\u01b0\u1ee3ng. Th\u00e2n van \u0111\u00fac ch\u00ednh x\u00e1c c\u00f3 b\u00edch qu\u00e1 kh\u1ed5 gi\u00fap t\u0103ng c\u01b0\u1eddng \u0111\u00e1ng k\u1ec3 \u0111\u1ed9 \u1ed5n \u0111\u1ecbnh v\u00e0 \u0111\u1ed9 b\u1ec1n.<\/p>\n<p>\u0110\u1ec3 ng\u0103n ch\u1eb7n s\u1ef1 k\u1ebft tinh ho\u1eb7c t\u1eafc ngh\u1ebdn c\u1ee7a m\u00f4i tr\u01b0\u1eddng, van k\u1ebft h\u1ee3p m\u1ed9t c\u1ea5u tr\u00fac c\u00f3 v\u1ecf b\u1ecdc cho ph\u00e9p h\u01a1i n\u01b0\u1edbc ho\u1eb7c d\u1ea7u \u1edf nhi\u1ec7t \u0111\u1ed9 cao ch\u1ea3y qua th\u00e2n van, duy tr\u00ec m\u00f4i tr\u01b0\u1eddng \u1edf tr\u1ea1ng th\u00e1i l\u1ecfng v\u00e0 l\u00e0m cho n\u00f3 tr\u1edf n\u00ean l\u00fd t\u01b0\u1edfng cho c\u00e1c quy tr\u00ecnh li\u00ean quan \u0111\u1ebfn nh\u1ef1a \u0111\u01b0\u1eddng ho\u1eb7c l\u01b0u hu\u1ef3nh l\u1ecfng. Thi\u1ebft k\u1ebf n\u00e0y \u0111\u1ea3m b\u1ea3o ho\u1ea1t \u0111\u1ed9ng \u1ed5n \u0111\u1ecbnh v\u00e0 hi\u1ec7u qu\u1ea3 trong \u0111i\u1ec1u ki\u1ec7n nhi\u1ec7t \u0111\u1ed9 kh\u1eafc nghi\u1ec7t.<\/p>\n<p>Ngo\u00e0i ra, van c\u00f2n cung c\u1ea5p nhi\u1ec1u t\u00f9y ch\u1ecdn c\u1ea5u h\u00ecnh kh\u00e1c nhau, bao g\u1ed3m bi ch\u1eef T, bi n\u1ed5i ho\u1eb7c c\u1ed1 \u0111\u1ecbnh, thi\u1ebft k\u1ebf ch\u1ed1ng ch\u00e1y v\u00e0 thi\u1ebft b\u1ecb ch\u1ed1ng t\u0129nh \u0111i\u1ec7n. Tay c\u1ea7m c\u00f3 th\u1ec3 kh\u00f3a t\u00f9y ch\u1ecdn v\u00e0 b\u1ec7 cao tu\u00e2n th\u1ee7 ISO 5211 gi\u00fap l\u1eafp \u0111\u1eb7t b\u1ed9 truy\u1ec1n \u0111\u1ed9ng d\u1ec5 d\u00e0ng h\u01a1n, khi\u1ebfn van n\u00e0y tr\u1edf th\u00e0nh l\u1ef1a ch\u1ecdn linh ho\u1ea1t cho c\u00e1c ng\u00e0nh c\u00f4ng nghi\u1ec7p h\u00f3a ch\u1ea5t, d\u1ea7u kh\u00ed v\u00e0 b\u1ea3o v\u1ec7 m\u00f4i tr\u01b0\u1eddng.<\/p>\n<p>Model: Van bi m\u1eb7t b\u00edch th\u1ee7 c\u00f4ng<br \/>\nPh\u1ea1m vi k\u00edch th\u01b0\u1edbc: 1\/2\u2033 \u0111\u1ebfn 8\u2033<br \/>\nPh\u1ea1m vi \u00e1p su\u1ea5t: PN1.6, 2.5, 4.0, 6.4 MPa<br \/>\nCh\u1ea5t li\u1ec7u: Th\u00e9p kh\u00f4ng g\u1ec9 304 ho\u1eb7c Th\u00e9p kh\u00f4ng g\u1ec9 316<\/p>\n<p>&nbsp;<\/p>","protected":false},"featured_media":7309,"template":"","meta":{"site-sidebar-layout":"default","site-content-layout":"","ast-site-content-layout":"default","site-content-style":"default","site-sidebar-style":"default","ast-global-header-display":"","ast-banner-title-visibility":"","ast-main-header-display":"","ast-hfb-above-header-display":"","ast-hfb-below-header-display":"","ast-hfb-mobile-header-display":"","site-post-title":"","ast-breadcrumbs-content":"","ast-featured-img":"","footer-sml-layout":"","ast-disable-related-posts":"","theme-transparent-header-meta":"default","adv-header-id-meta":"","stick-header-meta":"","header-above-stick-meta":"","header-main-stick-meta":"","header-below-stick-meta":"","astra-migrate-meta-layouts":"set","ast-page-background-enabled":"default","ast-page-background-meta":{"desktop":{"background-color":"var(--ast-global-color-4)","background-image":"","background-repeat":"repeat","background-position":"center center","background-size":"auto","background-attachment":"scroll","background-type":"","background-media":"","overlay-type":"","overlay-color":"","overlay-opacity":"","overlay-gradient":""},"tablet":{"background-color":"","background-image":"","background-repeat":"repeat","background-position":"center center","background-size":"auto","background-attachment":"scroll","background-type":"","background-media":"","overlay-type":"","overlay-color":"","overlay-opacity":"","overlay-gradient":""},"mobile":{"background-color":"","background-image":"","background-repeat":"repeat","background-position":"center center","background-size":"auto","background-attachment":"scroll","background-type":"","background-media":"","overlay-type":"","overlay-color":"","overlay-opacity":"","overlay-gradient":""}},"ast-content-background-meta":{"desktop":{"background-color":"var(--ast-global-color-5)","background-image":"","background-repeat":"repeat","background-position":"center center","background-size":"auto","background-attachment":"scroll","background-type":"","background-media":"","overlay-type":"","overlay-color":"","overlay-opacity":"","overlay-gradient":""},"tablet":{"background-color":"var(--ast-global-color-5)","background-image":"","background-repeat":"repeat","background-position":"center center","background-size":"auto","background-attachment":"scroll","background-type":"","background-media":"","overlay-type":"","overlay-color":"","overlay-opacity":"","overlay-gradient":""},"mobile":{"background-color":"var(--ast-global-color-5)","background-image":"","background-repeat":"repeat","background-position":"center center","background-size":"auto","background-attachment":"scroll","background-type":"","background-media":"","overlay-type":"","overlay-color":"","overlay-opacity":"","overlay-gradient":""}}},"product_brand":[],"product_cat":[705,116,33],"product_tag":[245,214,261,662,661,73,56],"class_list":{"0":"post-6400","1":"product","2":"type-product","3":"status-publish","4":"has-post-thumbnail","6":"product_cat-manual-ball-valve","7":"product_cat-manual-valves","8":"product_cat-products","9":"product_tag-4-way-ball-valve","10":"product_tag-flange-ball-valve","11":"product_tag-manual-valve","12":"product_tag-stainless-steel-4-way-flange-ball-valve","13":"product_tag-stainless-steel-flange-ball-valve","14":"product_tag-valve","15":"product_tag-valves","16":"desktop-align-center","17":"tablet-align-left","18":"mobile-align-left","20":"first","21":"instock","22":"shipping-taxable","23":"product-type-simple"},"_links":{"self":[{"href":"https:\/\/www.delcofluid.com\/vi\/wp-json\/wp\/v2\/product\/6400","targetHints":{"allow":["GET"]}}],"collection":[{"href":"https:\/\/www.delcofluid.com\/vi\/wp-json\/wp\/v2\/product"}],"about":[{"href":"https:\/\/www.delcofluid.com\/vi\/wp-json\/wp\/v2\/types\/product"}],"version-history":[{"count":0,"href":"https:\/\/www.delcofluid.com\/vi\/wp-json\/wp\/v2\/product\/6400\/revisions"}],"wp:featuredmedia":[{"embeddable":true,"href":"https:\/\/www.delcofluid.com\/vi\/wp-json\/wp\/v2\/media\/7309"}],"wp:attachment":[{"href":"https:\/\/www.delcofluid.com\/vi\/wp-json\/wp\/v2\/media?parent=6400"}],"wp:term":[{"taxonomy":"product_brand","embeddable":true,"href":"https:\/\/www.delcofluid.com\/vi\/wp-json\/wp\/v2\/product_brand?post=6400"},{"taxonomy":"product_cat","embeddable":true,"href":"https:\/\/www.delcofluid.com\/vi\/wp-json\/wp\/v2\/product_cat?post=6400"},{"taxonomy":"product_tag","embeddable":true,"href":"https:\/\/www.delcofluid.com\/vi\/wp-json\/wp\/v2\/product_tag?post=6400"}],"curies":[{"name":"wp","href":"https:\/\/api.w.org\/{rel}","templated":true}]}}