{"id":6422,"date":"2024-07-04T02:14:51","date_gmt":"2024-07-04T01:14:51","guid":{"rendered":"https:\/\/www.delcofluid.com\/?post_type=product&#038;p=6422"},"modified":"2024-08-09T10:42:09","modified_gmt":"2024-08-09T09:42:09","slug":"manual-stainless-steel-3pc-flange-ball-valve","status":"publish","type":"product","link":"https:\/\/www.delcofluid.com\/vi\/san-pham\/manual-stainless-steel-3pc-flange-ball-valve\/","title":{"rendered":"Van bi m\u1eb7t b\u00edch 3PC b\u1eb1ng th\u00e9p kh\u00f4ng g\u1ec9 th\u1ee7 c\u00f4ng c\u00f3 tay c\u1ea7m"},"content":{"rendered":"<div data-elementor-type=\"product-post\" data-elementor-id=\"6422\" class=\"elementor elementor-6422\" data-elementor-post-type=\"product\">\n\t\t\t\t<div class=\"elementor-element elementor-element-6fb59a60 e-flex e-con-boxed e-con e-parent\" data-id=\"6fb59a60\" data-element_type=\"container\" data-e-type=\"container\" data-settings=\"{&quot;ekit_has_onepagescroll_dot&quot;:&quot;yes&quot;}\">\n\t\t\t\t\t<div class=\"e-con-inner\">\n\t\t<div class=\"elementor-element elementor-element-b2e102c e-con-full e-flex e-con e-child\" data-id=\"b2e102c\" data-element_type=\"container\" data-e-type=\"container\" data-settings=\"{&quot;ekit_has_onepagescroll_dot&quot;:&quot;yes&quot;}\">\n\t\t\t\t<div class=\"elementor-element elementor-element-4c3cf80 elementor-widget elementor-widget-heading\" data-id=\"4c3cf80\" data-element_type=\"widget\" data-e-type=\"widget\" data-settings=\"{&quot;ekit_we_effect_on&quot;:&quot;none&quot;}\" data-widget_type=\"heading.default\">\n\t\t\t\t<div class=\"elementor-widget-container\">\n\t\t\t\t\t<h2 class=\"elementor-heading-title elementor-size-default\">\u0110\u1eb7c tr\u01b0ng<\/h2>\t\t\t\t<\/div>\n\t\t\t\t<\/div>\n\t\t\t\t<div class=\"elementor-element elementor-element-1af4cc68 elementor-widget__width-initial elementor-widget elementor-widget-text-editor\" data-id=\"1af4cc68\" data-element_type=\"widget\" data-e-type=\"widget\" data-settings=\"{&quot;ekit_we_effect_on&quot;:&quot;none&quot;}\" data-widget_type=\"text-editor.default\">\n\t\t\t\t<div class=\"elementor-widget-container\">\n\t\t\t\t\t\t\t\t\t<ul><li>Thi\u1ebft k\u1ebf nh\u1ecf g\u1ecdn: Thi\u1ebft k\u1ebf nh\u1ecf g\u1ecdn cho ph\u00e9p ho\u1ea1t \u0111\u1ed9ng hi\u1ec7u qu\u1ea3 trong kh\u00f4ng gian h\u1ea1n ch\u1ebf, trong khi v\u1ebb ngo\u00e0i \u0111\u1eb9p m\u1eaft l\u00e0m t\u0103ng t\u00ednh th\u1ea9m m\u1ef9 v\u00e0 \u0111\u01a1n gi\u1ea3n h\u00f3a vi\u1ec7c l\u1eafp \u0111\u1eb7t v\u00e0 b\u1ea3o tr\u00ec.<\/li><li>\u00a0V\u1ebb ngo\u00e0i thanh l\u1ecbch: Van kh\u00f4ng ch\u1ec9 v\u01b0\u1ee3t tr\u1ed9i v\u1ec1 ch\u1ee9c n\u0103ng m\u00e0 c\u00f2n c\u00f3 thi\u1ebft k\u1ebf thanh l\u1ecbch, mang \u0111\u1ebfn n\u00e9t hi\u1ec7n \u0111\u1ea1i cho b\u1ea5t k\u1ef3 h\u1ec7 th\u1ed1ng \u0111\u01b0\u1eddng \u1ed1ng n\u00e0o. B\u1ec1 m\u1eb7t nh\u1eb5n m\u1ecbn v\u00e0 tay ngh\u1ec1 th\u1ee7 c\u00f4ng tinh x\u1ea3o l\u00e0m t\u0103ng th\u00eam s\u1ee9c h\u1ea5p d\u1eabn v\u1ec1 m\u1eb7t th\u1ecb gi\u00e1c t\u1ed5ng th\u1ec3 trong khi v\u1eabn duy tr\u00ec ch\u1ee9c n\u0103ng th\u1ef1c t\u1ebf.<\/li><li>\u00a0Kh\u1ea3 n\u0103ng l\u01b0u l\u01b0\u1ee3ng cao: Thi\u1ebft k\u1ebf to\u00e0n l\u1ed7 gi\u00fap c\u0103n ch\u1ec9nh \u0111\u01b0\u1eddng d\u1eabn bi, \u0111\u01b0\u1eddng d\u1eabn th\u00e2n van v\u00e0 \u0111\u01b0\u1eddng k\u00ednh \u1ed1ng \u0111\u1ec3 t\u1ea1o ra \u0111\u01b0\u1eddng d\u1eabn l\u01b0u th\u00f4ng su\u1ed1t, gi\u00fap t\u0103ng \u0111\u00e1ng k\u1ec3 kh\u1ea3 n\u0103ng l\u01b0u th\u00f4ng ch\u1ea5t l\u1ecfng.<\/li><li>L\u1ef1c c\u1ea3n d\u00f2ng ch\u1ea3y th\u1ea5p: Thi\u1ebft k\u1ebf to\u00e0n l\u1ed7 gi\u00fap gi\u1ea3m thi\u1ec3u l\u1ef1c c\u1ea3n d\u00f2ng ch\u1ea3y, \u0111\u1ea3m b\u1ea3o d\u00f2ng ch\u1ea5t l\u1ecfng ch\u1ea3y hi\u1ec7u qu\u1ea3 v\u00e0 l\u00fd t\u01b0\u1edfng cho c\u00e1c \u1ee9ng d\u1ee5ng y\u00eau c\u1ea7u l\u1ef1c c\u1ea3n d\u00f2ng ch\u1ea3y th\u1ea5p.<\/li><li>\u00a0D\u1ec5 b\u1ea3o tr\u00ec: Thi\u1ebft k\u1ebf d\u1ea1ng m\u00f4-\u0111un gi\u00fap vi\u1ec7c b\u1ea3o tr\u00ec v\u00e0 thay th\u1ebf ph\u1ee5 t\u00f9ng tr\u1edf n\u00ean \u0111\u01a1n gi\u1ea3n, cho ph\u00e9p b\u1ea3o d\u01b0\u1ee1ng nhanh ch\u00f3ng v\u00e0 hi\u1ec7u qu\u1ea3 m\u00e0 kh\u00f4ng c\u1ea7n ph\u1ea3i th\u00e1o d\u1ee1 to\u00e0n b\u1ed9 \u0111\u01b0\u1eddng \u1ed1ng.<\/li><li>Th\u00e2n thi\u1ec7n v\u1edbi ng\u01b0\u1eddi d\u00f9ng: C\u1ea5u tr\u00fac nh\u1eb9 v\u00e0 thi\u1ebft k\u1ebf th\u00e2n thi\u1ec7n v\u1edbi ng\u01b0\u1eddi d\u00f9ng gi\u00fap vi\u1ec7c l\u1eafp \u0111\u1eb7t \u0111\u01a1n gi\u1ea3n v\u00e0 b\u1ea3o tr\u00ec nhanh ch\u00f3ng, n\u00e2ng cao kh\u1ea3 n\u0103ng s\u1eed d\u1ee5ng t\u1ed5ng th\u1ec3.<\/li><\/ul>\t\t\t\t\t\t\t\t<\/div>\n\t\t\t\t<\/div>\n\t\t\t\t<\/div>\n\t\t\t\t<div class=\"elementor-element elementor-element-8e57110 elementor-widget elementor-widget-image\" data-id=\"8e57110\" data-element_type=\"widget\" data-e-type=\"widget\" data-settings=\"{&quot;ekit_we_effect_on&quot;:&quot;none&quot;}\" data-widget_type=\"image.default\">\n\t\t\t\t<div class=\"elementor-widget-container\">\n\t\t\t\t\t\t\t\t\t\t\t\t\t\t\t<img fetchpriority=\"high\" decoding=\"async\" width=\"768\" height=\"759\" src=\"https:\/\/www.delcofluid.com\/wp-content\/uploads\/2024\/03\/product-finder-graphic-3-x900.jpg\" class=\"attachment-large size-large wp-image-2576\" alt=\"Solenoid Valves\" srcset=\"https:\/\/www.delcofluid.com\/wp-content\/uploads\/2024\/03\/product-finder-graphic-3-x900.jpg 768w, https:\/\/www.delcofluid.com\/wp-content\/uploads\/2024\/03\/product-finder-graphic-3-x900-100x100.jpg 100w, https:\/\/www.delcofluid.com\/wp-content\/uploads\/2024\/03\/product-finder-graphic-3-x900-600x593.jpg 600w, https:\/\/www.delcofluid.com\/wp-content\/uploads\/2024\/03\/product-finder-graphic-3-x900-300x296.jpg 300w\" sizes=\"(max-width: 768px) 100vw, 768px\" \/>\t\t\t\t\t\t\t\t\t\t\t\t\t\t\t<\/div>\n\t\t\t\t<\/div>\n\t\t\t\t\t<\/div>\n\t\t\t\t<\/div>\n\t\t<div class=\"elementor-element elementor-element-a55eeda e-flex e-con-boxed e-con e-parent\" data-id=\"a55eeda\" data-element_type=\"container\" data-e-type=\"container\" data-settings=\"{&quot;background_background&quot;:&quot;classic&quot;,&quot;ekit_has_onepagescroll_dot&quot;:&quot;yes&quot;}\">\n\t\t\t\t\t<div class=\"e-con-inner\">\n\t\t\t\t<div class=\"elementor-element elementor-element-585e9d9 elementor-widget elementor-widget-heading\" data-id=\"585e9d9\" data-element_type=\"widget\" data-e-type=\"widget\" data-settings=\"{&quot;ekit_we_effect_on&quot;:&quot;none&quot;}\" data-widget_type=\"heading.default\">\n\t\t\t\t<div class=\"elementor-widget-container\">\n\t\t\t\t\t<h2 class=\"elementor-heading-title elementor-size-default\">Th\u00f4ng s\u1ed1 k\u1ef9 thu\u1eadt<\/h2>\t\t\t\t<\/div>\n\t\t\t\t<\/div>\n\t\t\t\t\t<\/div>\n\t\t\t\t<\/div>\n\t\t<div class=\"elementor-element elementor-element-3414eb9 e-con-full e-flex e-con e-parent\" data-id=\"3414eb9\" data-element_type=\"container\" data-e-type=\"container\" data-settings=\"{&quot;background_background&quot;:&quot;classic&quot;,&quot;ekit_has_onepagescroll_dot&quot;:&quot;yes&quot;}\">\n\t\t\t\t<div class=\"elementor-element elementor-element-13df62f elementor-widget__width-initial elementor-widget elementor-widget-text-editor\" data-id=\"13df62f\" data-element_type=\"widget\" data-e-type=\"widget\" data-settings=\"{&quot;ekit_we_effect_on&quot;:&quot;none&quot;}\" data-widget_type=\"text-editor.default\">\n\t\t\t\t<div class=\"elementor-widget-container\">\n\t\t\t\t\t\t\t\t\t<table width=\"855\">\n<tbody>\n<tr>\n<td width=\"159\">K\u00edch th\u01b0\u1edbc c\u1ed5ng:<\/td>\n<td width=\"205\">&nbsp;1\/2\u2033 \u0111\u1ebfn 12\u2033<\/td>\n<td width=\"146\">V\u1eadt li\u1ec7u th\u00e2n m\u00e1y:<\/td>\n<td width=\"345\">Th\u00e9p kh\u00f4ng g\u1ec9<\/td>\n<\/tr>\n<tr>\n<td width=\"159\">\u00c1p l\u1ef1c:<\/td>\n<td>1,6MPa \u0111\u1ebfn 6,4MPa<br><\/td>\n<td width=\"146\">K\u1ebft th\u00fac k\u1ebft n\u1ed1i:&nbsp;<\/td>\n<td width=\"345\">M\u1eb7t b\u00edch<\/td>\n<\/tr>\n<tr>\n<td width=\"159\">B\u1ea3o h\u00e0nh\uff1a<\/td>\n<td width=\"205\">12 con b\u01b0\u1edbm \u0111\u00eam<\/td>\n<td width=\"146\">Nhi\u1ec7t \u0111\u1ed9 l\u00e0m vi\u1ec7c:<\/td>\n<td width=\"345\">PTFE\u2264180\u00b0C, Kim lo\u1ea1i ng\u1ed3i\u2264350\u00b0C<\/td>\n<\/tr>\n<tr>\n<td width=\"159\">X\u1ebfp h\u1ea1ng \u00e1p su\u1ea5t:<\/td>\n<td width=\"205\">300LB (150LB v\u00e0 600LB l\u00e0 t\u00f9y ch\u1ecdn)<\/td>\n<td width=\"146\">T\u00f9y ch\u1ecdn k\u00edch ho\u1ea1t<\/td>\n<td width=\"345\">Kh\u00ed n\u00e9n ho\u1eb7c \u0111i\u1ec7n<\/td>\n<\/tr>\n<\/tbody>\n<\/table>\t\t\t\t\t\t\t\t<\/div>\n\t\t\t\t<\/div>\n\t\t\t\t<\/div>\n\t\t<div class=\"elementor-element elementor-element-daef6c8 e-con-full e-flex e-con e-parent\" data-id=\"daef6c8\" data-element_type=\"container\" data-e-type=\"container\" data-settings=\"{&quot;ekit_has_onepagescroll_dot&quot;:&quot;yes&quot;}\">\n\t\t\t\t<div class=\"elementor-element elementor-element-52ddb61 elementor-widget elementor-widget-heading\" data-id=\"52ddb61\" data-element_type=\"widget\" data-e-type=\"widget\" data-settings=\"{&quot;ekit_we_effect_on&quot;:&quot;none&quot;}\" data-widget_type=\"heading.default\">\n\t\t\t\t<div class=\"elementor-widget-container\">\n\t\t\t\t\t<h2 class=\"elementor-heading-title elementor-size-default\">\u1ee8ng d\u1ee5ng<\/h2>\t\t\t\t<\/div>\n\t\t\t\t<\/div>\n\t\t\t\t<div class=\"elementor-element elementor-element-ac1034b elementor-widget elementor-widget-text-editor\" data-id=\"ac1034b\" data-element_type=\"widget\" data-e-type=\"widget\" data-settings=\"{&quot;ekit_we_effect_on&quot;:&quot;none&quot;}\" data-widget_type=\"text-editor.default\">\n\t\t\t\t<div class=\"elementor-widget-container\">\n\t\t\t\t\t\t\t\t\t<p>1. Ng\u00e0nh x\u1eed l\u00fd n\u01b0\u1edbc<br \/>Th\u00edch h\u1ee3p cho h\u1ec7 th\u1ed1ng c\u1ea5p n\u01b0\u1edbc \u0111\u00f4 th\u1ecb, h\u1ec7 th\u1ed1ng l\u00e0m m\u00e1t n\u01b0\u1edbc c\u00f4ng nghi\u1ec7p v\u00e0 \u0111\u01b0\u1eddng \u1ed1ng c\u1ea5p n\u01b0\u1edbc cho t\u00f2a nh\u00e0 \u0111\u1ec3 \u0111\u1ea3m b\u1ea3o l\u01b0u l\u01b0\u1ee3ng n\u01b0\u1edbc \u1ed5n \u0111\u1ecbnh v\u00e0 c\u00f3 th\u1ec3 ki\u1ec3m so\u00e1t \u0111\u01b0\u1ee3c.<br \/>2. Ng\u00e0nh n\u0103ng l\u01b0\u1ee3ng v\u00e0 h\u00f3a d\u1ea7u<br \/>L\u00fd t\u01b0\u1edfng \u0111\u1ec3 v\u1eadn chuy\u1ec3n h\u01a1i n\u01b0\u1edbc v\u00e0 d\u1ea7u, \u0111\u01b0\u1ee3c thi\u1ebft k\u1ebf cho \u0111i\u1ec1u ki\u1ec7n nhi\u1ec7t \u0111\u1ed9 v\u00e0 \u00e1p su\u1ea5t cao, v\u00e0 c\u00f3 kh\u1ea3 n\u0103ng x\u1eed l\u00fd nhi\u1ec1u lo\u1ea1i ph\u01b0\u01a1ng ti\u1ec7n kh\u00e1c nhau.<br \/>3. C\u00f4ng nghi\u1ec7p h\u00f3a ch\u1ea5t<br \/>Th\u00edch h\u1ee3p \u0111\u1ec3 x\u1eed l\u00fd c\u00e1c ch\u1ea5t h\u00f3a h\u1ecdc nh\u01b0 axit nitric v\u00e0 axit axetic, c\u00f3 kh\u1ea3 n\u0103ng ch\u1ed1ng \u0103n m\u00f2n tuy\u1ec7t v\u1eddi.<br \/>4. Ng\u00e0nh c\u00f4ng nghi\u1ec7p th\u1ef1c ph\u1ea9m<br \/>Ho\u00e0n h\u1ea3o cho s\u1ea3n xu\u1ea5t th\u1ef1c ph\u1ea9m v\u00e0 ch\u1ebf bi\u1ebfn \u0111\u1ed3 u\u1ed1ng, \u0111\u00e1p \u1ee9ng c\u00e1c ti\u00eau chu\u1ea9n v\u1ec7 sinh nghi\u00eam ng\u1eb7t \u0111\u1ec3 \u0111\u1ea3m b\u1ea3o \u0111\u1ed9 an to\u00e0n v\u00e0 tinh khi\u1ebft c\u1ee7a ch\u1ea5t l\u1ecfng.<br \/>5. Ng\u00e0nh c\u00f4ng nghi\u1ec7p d\u01b0\u1ee3c ph\u1ea9m<br \/>\u0110\u01b0\u1ee3c thi\u1ebft k\u1ebf cho quy tr\u00ecnh s\u1ea3n xu\u1ea5t d\u01b0\u1ee3c ph\u1ea9m, \u0111\u1ea3m b\u1ea3o \u0111i\u1ec1u ki\u1ec7n v\u1ec7 sinh v\u00e0 duy tr\u00ec ch\u1ea5t l\u01b0\u1ee3ng ch\u1ea5t l\u1ecfng cao.<br \/>6. H\u1ec7 th\u1ed1ng \u00e1p su\u1ea5t cao<br \/>Th\u00edch h\u1ee3p cho \u0111\u01b0\u1eddng \u1ed1ng v\u00e0 thi\u1ebft b\u1ecb \u00e1p su\u1ea5t cao, \u0111\u01b0\u1ee3c thi\u1ebft k\u1ebf \u0111\u1ec3 \u0111\u00e1p \u1ee9ng nhu c\u1ea7u v\u1eadn chuy\u1ec3n ch\u1ea5t l\u1ecfng \u00e1p su\u1ea5t cao.<br \/>7. B\u1ea3o tr\u00ec v\u00e0 v\u1ec7 sinh<br \/>C\u00f3 thi\u1ebft k\u1ebf cho ph\u00e9p th\u00e1o r\u1eddi, b\u1ea3o tr\u00ec v\u00e0 v\u1ec7 sinh d\u1ec5 d\u00e0ng, l\u00fd t\u01b0\u1edfng cho nh\u1eefng m\u00f4i tr\u01b0\u1eddng c\u1ea7n b\u1ea3o tr\u00ec th\u01b0\u1eddng xuy\u00ean.<\/p>\t\t\t\t\t\t\t\t<\/div>\n\t\t\t\t<\/div>\n\t\t\t\t<\/div>\n\t\t\t\t<\/div>","protected":false},"excerpt":{"rendered":"<p>Van bi m\u1eb7t b\u00edch 3 m\u1ea3nh th\u1ee7 c\u00f4ng bao g\u1ed3m ba th\u00e0nh ph\u1ea7n ch\u00ednh: th\u00e2n van v\u00e0 hai n\u1eafp \u0111\u1ea7u. Thi\u1ebft k\u1ebf nh\u1ecf g\u1ecdn, v\u1ebb ngo\u00e0i h\u1ea5p d\u1eabn v\u00e0 kh\u1ea3 n\u0103ng ch\u1ed1ng d\u00f2ng ch\u1ea3y th\u1ea5p khi\u1ebfn n\u00f3 \u0111\u01b0\u1ee3c \u01b0a chu\u1ed9ng. Van c\u00f3 c\u1ea5u tr\u00fac bi \u0111\u1ee5c l\u1ed7 cho ph\u00e9p \u0111i\u1ec1u ch\u1ec9nh ch\u1ea5t l\u1ecfng b\u1eb1ng c\u00e1ch xoay 90\u00b0 \u0111\u01a1n gi\u1ea3n c\u1ee7a th\u00e2n van, \u0111\u1ea3m b\u1ea3o ki\u1ec3m so\u00e1t hi\u1ec7u qu\u1ea3.<\/p>\n<p>Lo\u1ea1i van n\u00e0y c\u00f3 l\u1ef1c c\u1ea3n d\u00f2ng ch\u1ea3y t\u1ed1i thi\u1ec3u, \u0111\u1eb7c bi\u1ec7t l\u00e0 v\u1edbi thi\u1ebft k\u1ebf l\u1ed7 khoan \u0111\u1ea7y \u0111\u1ee7. Khi m\u1edf ho\u00e0n to\u00e0n, \u0111\u01b0\u1eddng k\u00ednh c\u1ee7a \u0111\u01b0\u1eddng d\u1eabn bi, \u0111\u01b0\u1eddng d\u1eabn th\u00e2n van v\u00e0 \u1ed1ng n\u1ed1i s\u1ebd th\u1eb3ng h\u00e0ng \u0111\u1ec3 t\u1ea1o th\u00e0nh m\u1ed9t k\u00eanh kh\u00f4ng b\u1ecb c\u1ea3n tr\u1edf, cho ph\u00e9p d\u00f2ng ch\u1ea3y hi\u1ec7u qu\u1ea3.<\/p>\n<p>Nh\u1edd kh\u1ea3 n\u0103ng t\u00e1c \u0111\u1ed9ng nhanh, van bi m\u1eb7t b\u00edch 3 m\u1ea3nh v\u1eeba nh\u1ecf g\u1ecdn v\u1eeba nh\u1eb9, gi\u00fap l\u1eafp \u0111\u1eb7t v\u00e0 b\u1ea3o tr\u00ec d\u1ec5 d\u00e0ng. Van ph\u00f9 h\u1ee3p v\u1edbi nhi\u1ec1u m\u00f4i tr\u01b0\u1eddng kh\u00e1c nhau, bao g\u1ed3m n\u01b0\u1edbc, h\u01a1i n\u01b0\u1edbc, d\u1ea7u, axit nitric v\u00e0 axit axetic. Van \u0111\u1eb7c bi\u1ec7t ph\u00f9 h\u1ee3p v\u1edbi c\u00e1c h\u1ec7 th\u1ed1ng ho\u1eb7c \u1ee9ng d\u1ee5ng \u00e1p su\u1ea5t cao \u0111\u00f2i h\u1ecfi ph\u1ea3i b\u1ea3o tr\u00ec v\u00e0 v\u1ec7 sinh th\u01b0\u1eddng xuy\u00ean. T\u00ednh d\u1ec5 b\u1ea3o tr\u00ec v\u00e0 v\u1ec7 sinh c\u1ee7a van khi\u1ebfn van l\u00fd t\u01b0\u1edfng cho c\u00e1c \u0111i\u1ec1u ki\u1ec7n ph\u1ee9c t\u1ea1p v\u00e0 m\u00f4i tr\u01b0\u1eddng ti\u00eau chu\u1ea9n cao, \u0111\u1eb7c bi\u1ec7t l\u00e0 trong c\u00e1c ng\u00e0nh c\u00f4ng nghi\u1ec7p c\u00f3 y\u00eau c\u1ea7u v\u1ec7 sinh nghi\u00eam ng\u1eb7t nh\u01b0 ch\u1ebf bi\u1ebfn th\u1ef1c ph\u1ea9m v\u00e0 d\u01b0\u1ee3c ph\u1ea9m.<\/p>\n<p>Model: Van bi m\u1eb7t b\u00edch th\u1ee7 c\u00f4ng<br \/>\nPh\u1ea1m vi k\u00edch th\u01b0\u1edbc: 1\/2\u2033 \u0111\u1ebfn 12\u2033<br \/>\nPh\u1ea1m vi \u00e1p su\u1ea5t: PN1.6, 2.5, 4.0, 6.4 MPa<br \/>\nCh\u1ea5t li\u1ec7u: Th\u00e9p kh\u00f4ng g\u1ec9 304 ho\u1eb7c Th\u00e9p kh\u00f4ng g\u1ec9 316<\/p>\n<p>&nbsp;<\/p>","protected":false},"featured_media":7304,"template":"","meta":{"site-sidebar-layout":"default","site-content-layout":"","ast-site-content-layout":"default","site-content-style":"default","site-sidebar-style":"default","ast-global-header-display":"","ast-banner-title-visibility":"","ast-main-header-display":"","ast-hfb-above-header-display":"","ast-hfb-below-header-display":"","ast-hfb-mobile-header-display":"","site-post-title":"","ast-breadcrumbs-content":"","ast-featured-img":"","footer-sml-layout":"","ast-disable-related-posts":"","theme-transparent-header-meta":"default","adv-header-id-meta":"","stick-header-meta":"","header-above-stick-meta":"","header-main-stick-meta":"","header-below-stick-meta":"","astra-migrate-meta-layouts":"set","ast-page-background-enabled":"default","ast-page-background-meta":{"desktop":{"background-color":"var(--ast-global-color-4)","background-image":"","background-repeat":"repeat","background-position":"center center","background-size":"auto","background-attachment":"scroll","background-type":"","background-media":"","overlay-type":"","overlay-color":"","overlay-opacity":"","overlay-gradient":""},"tablet":{"background-color":"","background-image":"","background-repeat":"repeat","background-position":"center center","background-size":"auto","background-attachment":"scroll","background-type":"","background-media":"","overlay-type":"","overlay-color":"","overlay-opacity":"","overlay-gradient":""},"mobile":{"background-color":"","background-image":"","background-repeat":"repeat","background-position":"center center","background-size":"auto","background-attachment":"scroll","background-type":"","background-media":"","overlay-type":"","overlay-color":"","overlay-opacity":"","overlay-gradient":""}},"ast-content-background-meta":{"desktop":{"background-color":"var(--ast-global-color-5)","background-image":"","background-repeat":"repeat","background-position":"center center","background-size":"auto","background-attachment":"scroll","background-type":"","background-media":"","overlay-type":"","overlay-color":"","overlay-opacity":"","overlay-gradient":""},"tablet":{"background-color":"var(--ast-global-color-5)","background-image":"","background-repeat":"repeat","background-position":"center center","background-size":"auto","background-attachment":"scroll","background-type":"","background-media":"","overlay-type":"","overlay-color":"","overlay-opacity":"","overlay-gradient":""},"mobile":{"background-color":"var(--ast-global-color-5)","background-image":"","background-repeat":"repeat","background-position":"center center","background-size":"auto","background-attachment":"scroll","background-type":"","background-media":"","overlay-type":"","overlay-color":"","overlay-opacity":"","overlay-gradient":""}}},"product_brand":[],"product_cat":[705,116,33],"product_tag":[663,214,656,261,661,73,56],"class_list":{"0":"post-6422","1":"product","2":"type-product","3":"status-publish","4":"has-post-thumbnail","6":"product_cat-manual-ball-valve","7":"product_cat-manual-valves","8":"product_cat-products","9":"product_tag-3pc-flange-ball-valve","10":"product_tag-flange-ball-valve","11":"product_tag-manual-flange-butterfly-valve","12":"product_tag-manual-valve","13":"product_tag-stainless-steel-flange-ball-valve","14":"product_tag-valve","15":"product_tag-valves","16":"desktop-align-center","17":"tablet-align-left","18":"mobile-align-left","20":"first","21":"instock","22":"shipping-taxable","23":"product-type-simple"},"_links":{"self":[{"href":"https:\/\/www.delcofluid.com\/vi\/wp-json\/wp\/v2\/product\/6422","targetHints":{"allow":["GET"]}}],"collection":[{"href":"https:\/\/www.delcofluid.com\/vi\/wp-json\/wp\/v2\/product"}],"about":[{"href":"https:\/\/www.delcofluid.com\/vi\/wp-json\/wp\/v2\/types\/product"}],"version-history":[{"count":0,"href":"https:\/\/www.delcofluid.com\/vi\/wp-json\/wp\/v2\/product\/6422\/revisions"}],"wp:featuredmedia":[{"embeddable":true,"href":"https:\/\/www.delcofluid.com\/vi\/wp-json\/wp\/v2\/media\/7304"}],"wp:attachment":[{"href":"https:\/\/www.delcofluid.com\/vi\/wp-json\/wp\/v2\/media?parent=6422"}],"wp:term":[{"taxonomy":"product_brand","embeddable":true,"href":"https:\/\/www.delcofluid.com\/vi\/wp-json\/wp\/v2\/product_brand?post=6422"},{"taxonomy":"product_cat","embeddable":true,"href":"https:\/\/www.delcofluid.com\/vi\/wp-json\/wp\/v2\/product_cat?post=6422"},{"taxonomy":"product_tag","embeddable":true,"href":"https:\/\/www.delcofluid.com\/vi\/wp-json\/wp\/v2\/product_tag?post=6422"}],"curies":[{"name":"wp","href":"https:\/\/api.w.org\/{rel}","templated":true}]}}