{"id":6438,"date":"2024-07-04T04:24:05","date_gmt":"2024-07-04T03:24:05","guid":{"rendered":"https:\/\/www.delcofluid.com\/?post_type=product&#038;p=6438"},"modified":"2024-07-17T07:12:37","modified_gmt":"2024-07-17T06:12:37","slug":"manual-stainless-steel-3-way-full-bore-flange-ball-valve","status":"publish","type":"product","link":"https:\/\/www.delcofluid.com\/vi\/san-pham\/manual-stainless-steel-3-way-full-bore-flange-ball-valve\/","title":{"rendered":"Van bi m\u1eb7t b\u00edch 3 chi\u1ec1u b\u1eb1ng th\u00e9p kh\u00f4ng g\u1ec9 th\u1ee7 c\u00f4ng"},"content":{"rendered":"<div data-elementor-type=\"product-post\" data-elementor-id=\"6438\" class=\"elementor elementor-6438\" data-elementor-post-type=\"product\">\n\t\t\t\t<div class=\"elementor-element elementor-element-6fb59a60 e-con-full e-flex e-con e-parent\" data-id=\"6fb59a60\" data-element_type=\"container\" data-e-type=\"container\" data-settings=\"{&quot;ekit_has_onepagescroll_dot&quot;:&quot;yes&quot;}\">\n\t\t<div class=\"elementor-element elementor-element-b2e102c e-con-full e-flex e-con e-child\" data-id=\"b2e102c\" data-element_type=\"container\" data-e-type=\"container\" data-settings=\"{&quot;ekit_has_onepagescroll_dot&quot;:&quot;yes&quot;}\">\n\t\t\t\t<div class=\"elementor-element elementor-element-4c3cf80 elementor-widget elementor-widget-heading\" data-id=\"4c3cf80\" data-element_type=\"widget\" data-e-type=\"widget\" data-settings=\"{&quot;ekit_we_effect_on&quot;:&quot;none&quot;}\" data-widget_type=\"heading.default\">\n\t\t\t\t<div class=\"elementor-widget-container\">\n\t\t\t\t\t<h2 class=\"elementor-heading-title elementor-size-default\">\u0110\u1eb7c tr\u01b0ng<\/h2>\t\t\t\t<\/div>\n\t\t\t\t<\/div>\n\t\t\t\t<div class=\"elementor-element elementor-element-1af4cc68 elementor-widget__width-initial elementor-widget elementor-widget-text-editor\" data-id=\"1af4cc68\" data-element_type=\"widget\" data-e-type=\"widget\" data-settings=\"{&quot;ekit_we_effect_on&quot;:&quot;none&quot;}\" data-widget_type=\"text-editor.default\">\n\t\t\t\t<div class=\"elementor-widget-container\">\n\t\t\t\t\t\t\t\t\t<ul><li>C\u1ea5u tr\u00fac nh\u1ecf g\u1ecdn: Van n\u00e0y c\u00f3 thi\u1ebft k\u1ebf nh\u1ecf g\u1ecdn, ho\u1ea1t \u0111\u1ed9ng hi\u1ec7u qu\u1ea3 trong kh\u00f4ng gian h\u1ea1n ch\u1ebf. V\u1ebb ngo\u00e0i b\u00f3ng b\u1ea9y, hi\u1ec7n \u0111\u1ea1i c\u1ee7a n\u00f3 l\u00e0m t\u0103ng c\u1ea3 t\u00ednh th\u1ea9m m\u1ef9 v\u00e0 ch\u1ee9c n\u0103ng.<\/li><li>Hi\u1ec7u su\u1ea5t b\u1ecbt k\u00edn tuy\u1ec7t v\u1eddi: \u0110\u01b0\u1ee3c trang b\u1ecb gio\u0103ng PTFE b\u1ec1n b\u1ec9, van n\u00e0y \u0111\u1ea3m b\u1ea3o ho\u1ea1t \u0111\u1ed9ng ch\u1ed1ng r\u00f2 r\u1ec9 l\u00e2u d\u00e0i trong \u0111i\u1ec1u ki\u1ec7n \u00e1p su\u1ea5t v\u00e0 nhi\u1ec7t \u0111\u1ed9 cao.<\/li><li>Kh\u1ea3 n\u0103ng l\u01b0u l\u01b0\u1ee3ng cao: Thi\u1ebft k\u1ebf to\u00e0n l\u1ed7 gi\u00fap gi\u1ea3m thi\u1ec3u s\u1ee9c c\u1ea3n d\u00f2ng ch\u1ea3y, cho ph\u00e9p truy\u1ec1n ch\u1ea5t l\u1ecfng hi\u1ec7u qu\u1ea3 v\u00e0 kh\u00f4ng b\u1ecb gi\u00e1n \u0111o\u1ea1n.<\/li><li>Tr\u1edf l\u1ef1c d\u00f2ng ch\u1ea3y th\u1ea5p: C\u1ea5u tr\u00fac h\u1ee3p l\u00fd c\u1ee7a van duy tr\u00ec hi\u1ec7u su\u1ea5t d\u00f2ng ch\u1ea3y cao v\u1edbi m\u1ee9c c\u1ea3n tr\u1edf t\u1ed1i thi\u1ec3u.<\/li><li>D\u1ec5 b\u1ea3o tr\u00ec: Thi\u1ebft k\u1ebf d\u1ea1ng m\u00f4-\u0111un gi\u00fap th\u00e1o r\u1eddi v\u00e0 b\u1ea3o tr\u00ec d\u1ec5 d\u00e0ng, tr\u00e1nh ph\u1ea3i th\u00e1o to\u00e0n b\u1ed9 \u0111\u01b0\u1eddng \u1ed1ng.<\/li><li>Ki\u1ec3m so\u00e1t ch\u1ea5t l\u1ecfng \u0111a n\u0103ng: Van bi m\u1eb7t b\u00edch 3 chi\u1ec1u th\u1ee7 c\u00f4ng cung c\u1ea5p c\u00e1c gi\u1ea3i ph\u00e1p linh ho\u1ea1t \u0111\u1ec3 chuy\u1ec3n \u0111\u1ed5i d\u00f2ng ch\u1ea3y, chuy\u1ec3n h\u01b0\u1edbng v\u00e0 k\u1ebft h\u1ee3p, khi\u1ebfn ch\u00fang tr\u1edf n\u00ean l\u00fd t\u01b0\u1edfng cho c\u00e1c \u1ee9ng d\u1ee5ng c\u00f4ng nghi\u1ec7p ph\u1ee9c t\u1ea1p.<\/li><\/ul>\t\t\t\t\t\t\t\t<\/div>\n\t\t\t\t<\/div>\n\t\t\t\t<\/div>\n\t\t\t\t<div class=\"elementor-element elementor-element-8e57110 elementor-widget elementor-widget-image\" data-id=\"8e57110\" data-element_type=\"widget\" data-e-type=\"widget\" data-settings=\"{&quot;ekit_we_effect_on&quot;:&quot;none&quot;}\" data-widget_type=\"image.default\">\n\t\t\t\t<div class=\"elementor-widget-container\">\n\t\t\t\t\t\t\t\t\t\t\t\t\t\t\t<img fetchpriority=\"high\" decoding=\"async\" width=\"768\" height=\"759\" src=\"https:\/\/www.delcofluid.com\/wp-content\/uploads\/2024\/03\/product-finder-graphic-3-x900.jpg\" class=\"attachment-large size-large wp-image-2576\" alt=\"Solenoid Valves\" srcset=\"https:\/\/www.delcofluid.com\/wp-content\/uploads\/2024\/03\/product-finder-graphic-3-x900.jpg 768w, https:\/\/www.delcofluid.com\/wp-content\/uploads\/2024\/03\/product-finder-graphic-3-x900-100x100.jpg 100w, https:\/\/www.delcofluid.com\/wp-content\/uploads\/2024\/03\/product-finder-graphic-3-x900-600x593.jpg 600w, https:\/\/www.delcofluid.com\/wp-content\/uploads\/2024\/03\/product-finder-graphic-3-x900-300x296.jpg 300w\" sizes=\"(max-width: 768px) 100vw, 768px\" \/>\t\t\t\t\t\t\t\t\t\t\t\t\t\t\t<\/div>\n\t\t\t\t<\/div>\n\t\t\t\t<\/div>\n\t\t<div class=\"elementor-element elementor-element-a55eeda e-flex e-con-boxed e-con e-parent\" data-id=\"a55eeda\" data-element_type=\"container\" data-e-type=\"container\" data-settings=\"{&quot;background_background&quot;:&quot;classic&quot;,&quot;ekit_has_onepagescroll_dot&quot;:&quot;yes&quot;}\">\n\t\t\t\t\t<div class=\"e-con-inner\">\n\t\t\t\t<div class=\"elementor-element elementor-element-585e9d9 elementor-widget elementor-widget-heading\" data-id=\"585e9d9\" data-element_type=\"widget\" data-e-type=\"widget\" data-settings=\"{&quot;ekit_we_effect_on&quot;:&quot;none&quot;}\" data-widget_type=\"heading.default\">\n\t\t\t\t<div class=\"elementor-widget-container\">\n\t\t\t\t\t<h2 class=\"elementor-heading-title elementor-size-default\">Th\u00f4ng s\u1ed1 k\u1ef9 thu\u1eadt<\/h2>\t\t\t\t<\/div>\n\t\t\t\t<\/div>\n\t\t\t\t\t<\/div>\n\t\t\t\t<\/div>\n\t\t<div class=\"elementor-element elementor-element-3414eb9 e-con-full e-flex e-con e-parent\" data-id=\"3414eb9\" data-element_type=\"container\" data-e-type=\"container\" data-settings=\"{&quot;background_background&quot;:&quot;classic&quot;,&quot;ekit_has_onepagescroll_dot&quot;:&quot;yes&quot;}\">\n\t\t\t\t<div class=\"elementor-element elementor-element-13df62f elementor-widget__width-initial elementor-widget elementor-widget-text-editor\" data-id=\"13df62f\" data-element_type=\"widget\" data-e-type=\"widget\" data-settings=\"{&quot;ekit_we_effect_on&quot;:&quot;none&quot;}\" data-widget_type=\"text-editor.default\">\n\t\t\t\t<div class=\"elementor-widget-container\">\n\t\t\t\t\t\t\t\t\t<table width=\"855\"><tbody><tr><td width=\"159\">K\u00edch th\u01b0\u1edbc c\u1ed5ng:<\/td><td width=\"205\">\u00a01\/2\u2033 \u0111\u1ebfn 16\u2033<\/td><td width=\"146\">V\u1eadt li\u1ec7u th\u00e2n m\u00e1y:<\/td><td width=\"345\">Th\u00e9p kh\u00f4ng g\u1ec9<\/td><\/tr><tr><td width=\"159\">\u00c1p l\u1ef1c:<\/td><td>\u00a0PN1.6, 2.5, 4.0, 6.4MPa<\/td><td width=\"146\">K\u1ebft th\u00fac k\u1ebft n\u1ed1i:\u00a0<\/td><td width=\"345\">M\u1eb7t b\u00edch<\/td><\/tr><tr><td width=\"159\">B\u1ea3o h\u00e0nh\uff1a<\/td><td width=\"205\">12 con b\u01b0\u1edbm \u0111\u00eam<\/td><td width=\"146\">Nhi\u1ec7t \u0111\u1ed9 l\u00e0m vi\u1ec7c:<\/td><td width=\"345\">PTFE\u2264180\u00b0C, Kim lo\u1ea1i ng\u1ed3i\u2264350\u00b0C<\/td><\/tr><tr><td width=\"159\">X\u1ebfp h\u1ea1ng \u00e1p su\u1ea5t:<\/td><td width=\"205\">150LB (300LB v\u00e0 600LB l\u00e0 t\u00f9y ch\u1ecdn)<\/td><td width=\"146\">Ph\u01b0\u01a1ng ti\u1ec7n truy\u1ec1n th\u00f4ng ph\u00f9 h\u1ee3p<\/td><td width=\"345\">N\u01b0\u1edbc, d\u1ea7u, kh\u00ed, kh\u00f4ng kh\u00ed, v.v.<\/td><\/tr><\/tbody><\/table>\t\t\t\t\t\t\t\t<\/div>\n\t\t\t\t<\/div>\n\t\t\t\t<\/div>\n\t\t<div class=\"elementor-element elementor-element-daef6c8 e-con-full e-flex e-con e-parent\" data-id=\"daef6c8\" data-element_type=\"container\" data-e-type=\"container\" data-settings=\"{&quot;ekit_has_onepagescroll_dot&quot;:&quot;yes&quot;}\">\n\t\t\t\t<div class=\"elementor-element elementor-element-52ddb61 elementor-widget elementor-widget-heading\" data-id=\"52ddb61\" data-element_type=\"widget\" data-e-type=\"widget\" data-settings=\"{&quot;ekit_we_effect_on&quot;:&quot;none&quot;}\" data-widget_type=\"heading.default\">\n\t\t\t\t<div class=\"elementor-widget-container\">\n\t\t\t\t\t<h2 class=\"elementor-heading-title elementor-size-default\">\u1ee8ng d\u1ee5ng<\/h2>\t\t\t\t<\/div>\n\t\t\t\t<\/div>\n\t\t\t\t<div class=\"elementor-element elementor-element-ac1034b elementor-widget elementor-widget-text-editor\" data-id=\"ac1034b\" data-element_type=\"widget\" data-e-type=\"widget\" data-settings=\"{&quot;ekit_we_effect_on&quot;:&quot;none&quot;}\" data-widget_type=\"text-editor.default\">\n\t\t\t\t<div class=\"elementor-widget-container\">\n\t\t\t\t\t\t\t\t\t<p>1. Ng\u00e0nh x\u1eed l\u00fd n\u01b0\u1edbc<br \/>\u0110\u01b0\u1ee3c s\u1eed d\u1ee5ng trong h\u1ec7 th\u1ed1ng c\u1ea5p n\u01b0\u1edbc th\u00e0nh ph\u1ed1, quy tr\u00ecnh l\u00e0m m\u00e1t c\u00f4ng nghi\u1ec7p v\u00e0 \u0111\u01b0\u1eddng \u1ed1ng x\u00e2y d\u1ef1ng \u0111\u1ec3 \u0111\u1ea3m b\u1ea3o l\u01b0u l\u01b0\u1ee3ng n\u01b0\u1edbc \u1ed5n \u0111\u1ecbnh v\u00e0 c\u00f3 th\u1ec3 ki\u1ec3m so\u00e1t \u0111\u01b0\u1ee3c.<br \/>2. Ng\u00e0nh n\u0103ng l\u01b0\u1ee3ng v\u00e0 h\u00f3a d\u1ea7u<br \/>L\u00fd t\u01b0\u1edfng \u0111\u1ec3 v\u1eadn chuy\u1ec3n h\u01a1i n\u01b0\u1edbc, d\u1ea7u v\u00e0 kh\u00ed. \u0110\u01b0\u1ee3c thi\u1ebft k\u1ebf \u0111\u1ec3 x\u1eed l\u00fd nhi\u1ec7t \u0111\u1ed9 v\u00e0 \u00e1p su\u1ea5t cao, ph\u00f9 h\u1ee3p v\u1edbi nhi\u1ec1u ph\u01b0\u01a1ng ti\u1ec7n kh\u00e1c nhau.<br \/>3. C\u00f4ng nghi\u1ec7p h\u00f3a ch\u1ea5t<br \/>Th\u00edch h\u1ee3p cho c\u00e1c h\u00f3a ch\u1ea5t \u0103n m\u00f2n nh\u01b0 axit nitric v\u00e0 axit axetic, c\u00f3 kh\u1ea3 n\u0103ng ch\u1ed1ng \u0103n m\u00f2n tuy\u1ec7t v\u1eddi.<br \/>4. Ng\u00e0nh c\u00f4ng nghi\u1ec7p th\u1ef1c ph\u1ea9m<br \/>Thi\u1ebft y\u1ebfu trong s\u1ea3n xu\u1ea5t th\u1ef1c ph\u1ea9m v\u00e0 ch\u1ebf bi\u1ebfn \u0111\u1ed3 u\u1ed1ng, tu\u00e2n th\u1ee7 c\u00e1c ti\u00eau chu\u1ea9n v\u1ec7 sinh nghi\u00eam ng\u1eb7t \u0111\u1ec3 \u0111\u1ea3m b\u1ea3o ch\u1ea5t l\u1ecfng an to\u00e0n v\u00e0 tinh khi\u1ebft.<br \/>5. Ng\u00e0nh c\u00f4ng nghi\u1ec7p d\u01b0\u1ee3c ph\u1ea9m<br \/>\u00c1p d\u1ee5ng trong s\u1ea3n xu\u1ea5t d\u01b0\u1ee3c ph\u1ea9m, duy tr\u00ec \u0111i\u1ec1u ki\u1ec7n v\u1ec7 sinh v\u00e0 \u0111\u1ea3m b\u1ea3o ch\u1ea5t l\u01b0\u1ee3ng ch\u1ea5t l\u1ecfng.<br \/>6. H\u1ec7 th\u1ed1ng \u00e1p su\u1ea5t cao<br \/>\u0110\u01b0\u1ee3c thi\u1ebft k\u1ebf cho \u0111\u01b0\u1eddng \u1ed1ng v\u00e0 thi\u1ebft b\u1ecb \u00e1p su\u1ea5t cao, \u0111\u00e1p \u1ee9ng nhu c\u1ea7u v\u1eadn chuy\u1ec3n ch\u1ea5t l\u1ecfng \u00e1p su\u1ea5t cao.<\/p>\t\t\t\t\t\t\t\t<\/div>\n\t\t\t\t<\/div>\n\t\t\t\t<\/div>\n\t\t\t\t<\/div>","protected":false},"excerpt":{"rendered":"<p>Van bi b\u00edch 3 chi\u1ec1u th\u1ee7 c\u00f4ng l\u00e0 van c\u00f4ng nghi\u1ec7p \u0111a n\u0103ng \u0111\u01b0\u1ee3c thi\u1ebft k\u1ebf \u0111\u1ec3 chuy\u1ec3n \u0111\u1ed5i, chuy\u1ec3n h\u01b0\u1edbng v\u00e0 h\u1ee3p nh\u1ea5t d\u00f2ng ch\u1ea5t l\u1ecfng. C\u00e1c th\u00e0nh ph\u1ea7n ch\u00ednh c\u1ee7a n\u00f3 bao g\u1ed3m th\u00e2n b\u1eb1ng th\u00e9p \u0111\u00fac ho\u1eb7c th\u00e9p kh\u00f4ng g\u1ec9 c\u00f3 \u0111\u1ed9 b\u1ec1n cao, bi ch\u1ed1ng m\u00e0i m\u00f2n v\u00e0 ph\u1edbt PTFE ch\u1ed1ng \u0103n m\u00f2n, cho ph\u00e9p ki\u1ec3m so\u00e1t ch\u1ea5t l\u1ecfng hi\u1ec7u qu\u1ea3 gi\u1eefa hai \u0111\u1ea7u v\u00e0o v\u00e0 m\u1ed9t \u0111\u1ea7u ra th\u00f4ng qua thao t\u00e1c th\u1ee7 c\u00f4ng \u0111\u01a1n gi\u1ea3n.<\/p>\n<p>Van n\u00e0y c\u00f3 hai lo\u1ea1i: k\u00eanh L (Q41F-L) v\u00e0 k\u00eanh T (Q41F-T). Van lo\u1ea1i L k\u1ebft n\u1ed1i hai k\u00eanh d\u1ecdc, l\u00fd t\u01b0\u1edfng \u0111\u1ec3 chuy\u1ec3n \u0111\u1ed5i \u0111\u01b0\u1eddng d\u1eabn ch\u1ea5t l\u1ecfng v\u00e0 \u0111i\u1ec1u ch\u1ec9nh l\u01b0u l\u01b0\u1ee3ng, trong khi van lo\u1ea1i T t\u1ea1o \u0111i\u1ec1u ki\u1ec7n cho vi\u1ec7c chuy\u1ec3n h\u01b0\u1edbng ch\u1ea5t l\u1ecfng, h\u1ee3p nh\u1ea5t v\u00e0 ki\u1ec3m so\u00e1t l\u01b0u l\u01b0\u1ee3ng ph\u1ee9c t\u1ea1p gi\u1eefa ba k\u00eanh. C\u1ea3 hai lo\u1ea1i \u0111\u1ec1u \u0111\u01b0\u1ee3c thi\u1ebft k\u1ebf \u0111\u1ec3 d\u1ec5 v\u1eadn h\u00e0nh v\u00e0 b\u1ea3o tr\u00ec, c\u00f3 c\u1ea5u tr\u00fac m\u00f4-\u0111un \u0111\u1ec3 th\u00e1o r\u1eddi, v\u1ec7 sinh hi\u1ec7u qu\u1ea3 v\u00e0 \u0111\u1ed9 b\u1ec1n l\u00e2u d\u00e0i.<\/p>\n<p>Van n\u00e0y \u0111\u00e1p \u1ee9ng nhi\u1ec1u nhu c\u1ea7u ki\u1ec3m so\u00e1t ch\u1ea5t l\u1ecfng kh\u00e1c nhau t\u1eeb c\u00e1c ho\u1ea1t \u0111\u1ed9ng th\u01b0\u1eddng ng\u00e0y \u0111\u1ebfn c\u00e1c nhi\u1ec7m v\u1ee5 k\u1ef9 thu\u1eadt ph\u1ee9c t\u1ea1p. C\u00e1c \u1ee9ng d\u1ee5ng bao g\u1ed3m x\u1eed l\u00fd n\u01b0\u1edbc, n\u0103ng l\u01b0\u1ee3ng v\u00e0 c\u00f4ng nghi\u1ec7p h\u00f3a d\u1ea7u, ch\u1ebf bi\u1ebfn h\u00f3a ch\u1ea5t, s\u1ea3n xu\u1ea5t th\u1ef1c ph\u1ea9m, s\u1ea3n xu\u1ea5t d\u01b0\u1ee3c ph\u1ea9m v\u00e0 h\u1ec7 th\u1ed1ng \u00e1p su\u1ea5t cao.<\/p>\n<p>Model: Van bi m\u1eb7t b\u00edch th\u1ee7 c\u00f4ng<br \/>\nPh\u1ea1m vi k\u00edch th\u01b0\u1edbc: 1\/2\u2033 \u0111\u1ebfn 16\u2033<br \/>\nPh\u1ea1m vi \u00e1p su\u1ea5t: PN1.6, 2.5, 4.0, 6.4 MPa<br \/>\nCh\u1ea5t li\u1ec7u: Th\u00e9p kh\u00f4ng g\u1ec9 304 ho\u1eb7c Th\u00e9p kh\u00f4ng g\u1ec9 316<\/p>\n<p>&nbsp;<\/p>","protected":false},"featured_media":7303,"template":"","meta":{"site-sidebar-layout":"default","site-content-layout":"","ast-site-content-layout":"default","site-content-style":"default","site-sidebar-style":"default","ast-global-header-display":"","ast-banner-title-visibility":"","ast-main-header-display":"","ast-hfb-above-header-display":"","ast-hfb-below-header-display":"","ast-hfb-mobile-header-display":"","site-post-title":"","ast-breadcrumbs-content":"","ast-featured-img":"","footer-sml-layout":"","ast-disable-related-posts":"","theme-transparent-header-meta":"default","adv-header-id-meta":"","stick-header-meta":"","header-above-stick-meta":"","header-main-stick-meta":"","header-below-stick-meta":"","astra-migrate-meta-layouts":"set","ast-page-background-enabled":"default","ast-page-background-meta":{"desktop":{"background-color":"var(--ast-global-color-4)","background-image":"","background-repeat":"repeat","background-position":"center center","background-size":"auto","background-attachment":"scroll","background-type":"","background-media":"","overlay-type":"","overlay-color":"","overlay-opacity":"","overlay-gradient":""},"tablet":{"background-color":"","background-image":"","background-repeat":"repeat","background-position":"center center","background-size":"auto","background-attachment":"scroll","background-type":"","background-media":"","overlay-type":"","overlay-color":"","overlay-opacity":"","overlay-gradient":""},"mobile":{"background-color":"","background-image":"","background-repeat":"repeat","background-position":"center center","background-size":"auto","background-attachment":"scroll","background-type":"","background-media":"","overlay-type":"","overlay-color":"","overlay-opacity":"","overlay-gradient":""}},"ast-content-background-meta":{"desktop":{"background-color":"var(--ast-global-color-5)","background-image":"","background-repeat":"repeat","background-position":"center center","background-size":"auto","background-attachment":"scroll","background-type":"","background-media":"","overlay-type":"","overlay-color":"","overlay-opacity":"","overlay-gradient":""},"tablet":{"background-color":"var(--ast-global-color-5)","background-image":"","background-repeat":"repeat","background-position":"center center","background-size":"auto","background-attachment":"scroll","background-type":"","background-media":"","overlay-type":"","overlay-color":"","overlay-opacity":"","overlay-gradient":""},"mobile":{"background-color":"var(--ast-global-color-5)","background-image":"","background-repeat":"repeat","background-position":"center center","background-size":"auto","background-attachment":"scroll","background-type":"","background-media":"","overlay-type":"","overlay-color":"","overlay-opacity":"","overlay-gradient":""}}},"product_brand":[],"product_cat":[705,116,33],"product_tag":[241,214,664,261,661,73,56],"class_list":{"0":"post-6438","1":"product","2":"type-product","3":"status-publish","4":"has-post-thumbnail","6":"product_cat-manual-ball-valve","7":"product_cat-manual-valves","8":"product_cat-products","9":"product_tag-3-way-ball-valve","10":"product_tag-flange-ball-valve","11":"product_tag-full-bore-flange-ball-valve","12":"product_tag-manual-valve","13":"product_tag-stainless-steel-flange-ball-valve","14":"product_tag-valve","15":"product_tag-valves","16":"desktop-align-center","17":"tablet-align-left","18":"mobile-align-left","20":"first","21":"instock","22":"shipping-taxable","23":"product-type-simple"},"_links":{"self":[{"href":"https:\/\/www.delcofluid.com\/vi\/wp-json\/wp\/v2\/product\/6438","targetHints":{"allow":["GET"]}}],"collection":[{"href":"https:\/\/www.delcofluid.com\/vi\/wp-json\/wp\/v2\/product"}],"about":[{"href":"https:\/\/www.delcofluid.com\/vi\/wp-json\/wp\/v2\/types\/product"}],"version-history":[{"count":0,"href":"https:\/\/www.delcofluid.com\/vi\/wp-json\/wp\/v2\/product\/6438\/revisions"}],"wp:featuredmedia":[{"embeddable":true,"href":"https:\/\/www.delcofluid.com\/vi\/wp-json\/wp\/v2\/media\/7303"}],"wp:attachment":[{"href":"https:\/\/www.delcofluid.com\/vi\/wp-json\/wp\/v2\/media?parent=6438"}],"wp:term":[{"taxonomy":"product_brand","embeddable":true,"href":"https:\/\/www.delcofluid.com\/vi\/wp-json\/wp\/v2\/product_brand?post=6438"},{"taxonomy":"product_cat","embeddable":true,"href":"https:\/\/www.delcofluid.com\/vi\/wp-json\/wp\/v2\/product_cat?post=6438"},{"taxonomy":"product_tag","embeddable":true,"href":"https:\/\/www.delcofluid.com\/vi\/wp-json\/wp\/v2\/product_tag?post=6438"}],"curies":[{"name":"wp","href":"https:\/\/api.w.org\/{rel}","templated":true}]}}