{"id":6507,"date":"2024-07-05T07:54:49","date_gmt":"2024-07-05T06:54:49","guid":{"rendered":"https:\/\/www.delcofluid.com\/?post_type=product&#038;p=6507"},"modified":"2024-08-09T08:12:00","modified_gmt":"2024-08-09T07:12:00","slug":"manual-stainless-steel-3pc-full-port-female-thread-ball-valve","status":"publish","type":"product","link":"https:\/\/www.delcofluid.com\/vi\/san-pham\/manual-stainless-steel-3pc-full-port-female-thread-ball-valve\/","title":{"rendered":"Van bi ren c\u00e1i to\u00e0n c\u1ed5ng 3PC b\u1eb1ng th\u00e9p kh\u00f4ng g\u1ec9 th\u1ee7 c\u00f4ng"},"content":{"rendered":"<div data-elementor-type=\"product-post\" data-elementor-id=\"6507\" class=\"elementor elementor-6507\" data-elementor-post-type=\"product\">\n\t\t\t\t<div class=\"elementor-element elementor-element-6fb59a60 e-con-full e-flex e-con e-parent\" data-id=\"6fb59a60\" data-element_type=\"container\" data-e-type=\"container\" data-settings=\"{&quot;ekit_has_onepagescroll_dot&quot;:&quot;yes&quot;}\">\n\t\t<div class=\"elementor-element elementor-element-b2e102c e-con-full e-flex e-con e-child\" data-id=\"b2e102c\" data-element_type=\"container\" data-e-type=\"container\" data-settings=\"{&quot;ekit_has_onepagescroll_dot&quot;:&quot;yes&quot;}\">\n\t\t\t\t<div class=\"elementor-element elementor-element-4c3cf80 elementor-widget elementor-widget-heading\" data-id=\"4c3cf80\" data-element_type=\"widget\" data-e-type=\"widget\" data-settings=\"{&quot;ekit_we_effect_on&quot;:&quot;none&quot;}\" data-widget_type=\"heading.default\">\n\t\t\t\t<div class=\"elementor-widget-container\">\n\t\t\t\t\t<h2 class=\"elementor-heading-title elementor-size-default\">\u0110\u1eb7c tr\u01b0ng<\/h2>\t\t\t\t<\/div>\n\t\t\t\t<\/div>\n\t\t\t\t<div class=\"elementor-element elementor-element-1af4cc68 elementor-widget__width-initial elementor-widget elementor-widget-text-editor\" data-id=\"1af4cc68\" data-element_type=\"widget\" data-e-type=\"widget\" data-settings=\"{&quot;ekit_we_effect_on&quot;:&quot;none&quot;}\" data-widget_type=\"text-editor.default\">\n\t\t\t\t<div class=\"elementor-widget-container\">\n\t\t\t\t\t\t\t\t\t<ul><li>C\u1ea5u tr\u00fac nh\u1ecf g\u1ecdn: C\u1ea5u tr\u00fac bao g\u1ed3m m\u1ed9t th\u00e2n van ch\u00ednh v\u00e0 hai th\u00e2n ph\u1ee5, \u0111\u01b0\u1ee3c bu l\u00f4ng v\u1edbi nhau \u0111\u1ec3 t\u1ea1o th\u00e0nh m\u1ed9t kh\u1ed1i duy nh\u1ea5t, gi\u00fap d\u1ec5 d\u00e0ng l\u1eafp \u0111\u1eb7t, th\u00e1o r\u1eddi v\u00e0 b\u1ea3o tr\u00ec, \u0111\u1ed3ng th\u1eddi th\u00edch \u1ee9ng v\u1edbi nhi\u1ec1u h\u1ea1n ch\u1ebf v\u1ec1 kh\u00f4ng gian v\u00e0 m\u00f4i tr\u01b0\u1eddng ph\u1ee9c t\u1ea1p.<\/li><li>Thi\u1ebft k\u1ebf to\u00e0n l\u1ed7: Thi\u1ebft k\u1ebf van bi to\u00e0n l\u1ed7 \u0111\u1ea3m b\u1ea3o d\u00f2ng ch\u1ea3y c\u1ee7a ch\u1ea5t l\u1ecfng kh\u00f4ng b\u1ecb c\u1ea3n tr\u1edf, gi\u1ea3m s\u1ee9c c\u1ea3n c\u1ee7a ch\u1ea5t l\u1ecfng v\u00e0 t\u0103ng hi\u1ec7u qu\u1ea3 h\u1ec7 th\u1ed1ng cho nhi\u1ec1u h\u1ec7 th\u1ed1ng \u0111\u01b0\u1eddng \u1ed1ng.<\/li><li>D\u1ec5 v\u1eadn h\u00e0nh: C\u00f3 th\u1ec3 th\u1ef1c hi\u1ec7n thao t\u00e1c quay m\u1ed9t ph\u1ea7n t\u01b0 v\u00f2ng v\u1edbi g\u00f3c quay 90 \u0111\u1ed9 v\u00e0 t\u1ed1c \u0111\u1ed9 \u0111\u00f3ng m\u1edf t\u1eeb tr\u1ea1ng th\u00e1i m\u1edf ho\u00e0n to\u00e0n sang \u0111\u00f3ng ho\u00e0n to\u00e0n c\u1ef1c k\u1ef3 nhanh ch\u00f3ng, gi\u00fap d\u1ec5 d\u00e0ng \u0111i\u1ec1u khi\u1ec3n v\u00e0 v\u1eadn h\u00e0nh t\u1eeb xa.<\/li><li>Ch\u1ed1ng \u0103n m\u00f2n: S\u1eed d\u1ee5ng th\u00e9p kh\u00f4ng g\u1ec9 ch\u1ea5t l\u01b0\u1ee3ng cao v\u00e0 ph\u1edbt PTFE c\u00f3 kh\u1ea3 n\u0103ng ch\u1ed1ng \u0103n m\u00f2n tuy\u1ec7t v\u1eddi v\u00e0 \u0111\u1ed9 k\u00edn kh\u00edt. Th\u00edch h\u1ee3p cho nhi\u1ec1u lo\u1ea1i m\u00f4i tr\u01b0\u1eddng nh\u01b0 n\u01b0\u1edbc, d\u1ea7u, kh\u00ed\/kh\u00f4ng kh\u00ed, ki\u1ec1m nh\u1eb9, axit, biodiesel, nhi\u00ean li\u1ec7u v\u00e0 r\u01b0\u1ee3u.<\/li><li>\u00a0Nhi\u1ec1u \u1ee9ng d\u1ee5ng: Cung c\u1ea5p kh\u1ea3 n\u0103ng ki\u1ec3m so\u00e1t ch\u1ea5t l\u1ecfng v\u00e0 hi\u1ec7u su\u1ea5t b\u1ecbt k\u00edn \u0111\u00e1ng tin c\u1eady trong nhi\u1ec1u \u1ee9ng d\u1ee5ng bao g\u1ed3m x\u1eed l\u00fd n\u01b0\u1edbc, th\u1ef1c ph\u1ea9m v\u00e0 \u0111\u1ed3 u\u1ed1ng, \u0111\u00f3ng t\u00e0u, h\u1ec7 th\u1ed1ng l\u00f2 h\u01a1i, d\u1ea7u kh\u00ed, c\u00f4ng nghi\u1ec7p kh\u00ed \u0111\u1ed1t v\u00e0 h\u1ec7 th\u1ed1ng ch\u00e2n kh\u00f4ng.<\/li><\/ul>\t\t\t\t\t\t\t\t<\/div>\n\t\t\t\t<\/div>\n\t\t\t\t<\/div>\n\t\t\t\t<div class=\"elementor-element elementor-element-8e57110 elementor-widget elementor-widget-image\" data-id=\"8e57110\" data-element_type=\"widget\" data-e-type=\"widget\" data-settings=\"{&quot;ekit_we_effect_on&quot;:&quot;none&quot;}\" data-widget_type=\"image.default\">\n\t\t\t\t<div class=\"elementor-widget-container\">\n\t\t\t\t\t\t\t\t\t\t\t\t\t\t\t<img fetchpriority=\"high\" decoding=\"async\" width=\"768\" height=\"759\" src=\"https:\/\/www.delcofluid.com\/wp-content\/uploads\/2024\/03\/product-finder-graphic-3-x900.jpg\" class=\"attachment-large size-large wp-image-2576\" alt=\"Solenoid Valves\" srcset=\"https:\/\/www.delcofluid.com\/wp-content\/uploads\/2024\/03\/product-finder-graphic-3-x900.jpg 768w, https:\/\/www.delcofluid.com\/wp-content\/uploads\/2024\/03\/product-finder-graphic-3-x900-100x100.jpg 100w, https:\/\/www.delcofluid.com\/wp-content\/uploads\/2024\/03\/product-finder-graphic-3-x900-600x593.jpg 600w, https:\/\/www.delcofluid.com\/wp-content\/uploads\/2024\/03\/product-finder-graphic-3-x900-300x296.jpg 300w\" sizes=\"(max-width: 768px) 100vw, 768px\" \/>\t\t\t\t\t\t\t\t\t\t\t\t\t\t\t<\/div>\n\t\t\t\t<\/div>\n\t\t\t\t<\/div>\n\t\t<div class=\"elementor-element elementor-element-a55eeda e-flex e-con-boxed e-con e-parent\" data-id=\"a55eeda\" data-element_type=\"container\" data-e-type=\"container\" data-settings=\"{&quot;background_background&quot;:&quot;classic&quot;,&quot;ekit_has_onepagescroll_dot&quot;:&quot;yes&quot;}\">\n\t\t\t\t\t<div class=\"e-con-inner\">\n\t\t\t\t<div class=\"elementor-element elementor-element-585e9d9 elementor-widget elementor-widget-heading\" data-id=\"585e9d9\" data-element_type=\"widget\" data-e-type=\"widget\" data-settings=\"{&quot;ekit_we_effect_on&quot;:&quot;none&quot;}\" data-widget_type=\"heading.default\">\n\t\t\t\t<div class=\"elementor-widget-container\">\n\t\t\t\t\t<h2 class=\"elementor-heading-title elementor-size-default\">Th\u00f4ng s\u1ed1 k\u1ef9 thu\u1eadt<\/h2>\t\t\t\t<\/div>\n\t\t\t\t<\/div>\n\t\t\t\t\t<\/div>\n\t\t\t\t<\/div>\n\t\t<div class=\"elementor-element elementor-element-3414eb9 e-con-full e-flex e-con e-parent\" data-id=\"3414eb9\" data-element_type=\"container\" data-e-type=\"container\" data-settings=\"{&quot;background_background&quot;:&quot;classic&quot;,&quot;ekit_has_onepagescroll_dot&quot;:&quot;yes&quot;}\">\n\t\t\t\t<div class=\"elementor-element elementor-element-13df62f elementor-widget__width-initial elementor-widget elementor-widget-text-editor\" data-id=\"13df62f\" data-element_type=\"widget\" data-e-type=\"widget\" data-settings=\"{&quot;ekit_we_effect_on&quot;:&quot;none&quot;}\" data-widget_type=\"text-editor.default\">\n\t\t\t\t<div class=\"elementor-widget-container\">\n\t\t\t\t\t\t\t\t\t<table width=\"855\">\n<tbody>\n<tr>\n<td width=\"159\">K\u00edch th\u01b0\u1edbc c\u1ed5ng:<\/td>\n<td width=\"205\">&nbsp;1\/4\u2033 \u0111\u1ebfn 4\u2033<\/td>\n<td width=\"146\">V\u1eadt li\u1ec7u:<\/td>\n<td width=\"345\">Th\u00e9p kh\u00f4ng g\u1ec9 304 ho\u1eb7c th\u00e9p kh\u00f4ng g\u1ec9 316<\/td>\n<\/tr>\n<tr>\n<td width=\"159\">Ph\u1ea1m vi \u00e1p su\u1ea5t:<\/td>\n<td>10bar, 16bar<\/td>\n<td width=\"146\">Quy\u1ec1n l\u1ef1c:<\/td>\n<td width=\"345\">X\u1eed l\u00fd<\/td>\n<\/tr>\n<tr>\n<td width=\"159\">B\u1ea3o h\u00e0nh\uff1a<\/td>\n<td width=\"205\">12 con b\u01b0\u1edbm \u0111\u00eam<\/td>\n<td width=\"146\">Ph\u1ea1m vi nhi\u1ec7t \u0111\u1ed9:<\/td>\n<td width=\"345\">-29~180\u2103<\/td>\n<\/tr>\n<tr>\n<td width=\"159\">S\u1ef1 li\u00ean quan:<\/td>\n<td width=\"205\">Ch\u1ee7 \u0111\u1ec1 n\u1eef<\/td>\n<td width=\"146\">Ph\u01b0\u01a1ng ti\u1ec7n truy\u1ec1n th\u00f4ng ph\u00f9 h\u1ee3p<\/td>\n<td width=\"345\">N\u01b0\u1edbc, d\u1ea7u, kh\u00ed, axit nitric, axit axetic, v.v.<\/td>\n<\/tr>\n<\/tbody>\n<\/table>\t\t\t\t\t\t\t\t<\/div>\n\t\t\t\t<\/div>\n\t\t\t\t<\/div>\n\t\t<div class=\"elementor-element elementor-element-daef6c8 e-con-full e-flex e-con e-parent\" data-id=\"daef6c8\" data-element_type=\"container\" data-e-type=\"container\" data-settings=\"{&quot;ekit_has_onepagescroll_dot&quot;:&quot;yes&quot;}\">\n\t\t\t\t<div class=\"elementor-element elementor-element-52ddb61 elementor-widget elementor-widget-heading\" data-id=\"52ddb61\" data-element_type=\"widget\" data-e-type=\"widget\" data-settings=\"{&quot;ekit_we_effect_on&quot;:&quot;none&quot;}\" data-widget_type=\"heading.default\">\n\t\t\t\t<div class=\"elementor-widget-container\">\n\t\t\t\t\t<h2 class=\"elementor-heading-title elementor-size-default\">\u1ee8ng d\u1ee5ng<\/h2>\t\t\t\t<\/div>\n\t\t\t\t<\/div>\n\t\t\t\t<div class=\"elementor-element elementor-element-ac1034b elementor-widget elementor-widget-text-editor\" data-id=\"ac1034b\" data-element_type=\"widget\" data-e-type=\"widget\" data-settings=\"{&quot;ekit_we_effect_on&quot;:&quot;none&quot;}\" data-widget_type=\"text-editor.default\">\n\t\t\t\t<div class=\"elementor-widget-container\">\n\t\t\t\t\t\t\t\t\t<p>X\u1eed l\u00fd n\u01b0\u1edbc<br \/>Van bi ren b\u1eb1ng th\u00e9p kh\u00f4ng g\u1ec9 3 m\u1ea3nh th\u1ee7 c\u00f4ng l\u00e0 thi\u1ebft y\u1ebfu trong c\u00e1c h\u1ec7 th\u1ed1ng x\u1eed l\u00fd n\u01b0\u1edbc. Kh\u1ea3 n\u0103ng ch\u1ed1ng \u0103n m\u00f2n v\u00e0 \u0111\u1ed9 k\u00edn kh\u00edt \u0111\u1ea3m b\u1ea3o ho\u1ea1t \u0111\u1ed9ng hi\u1ec7u qu\u1ea3 v\u00e0 \u0111\u00e1ng tin c\u1eady. Thi\u1ebft k\u1ebf l\u1ed7 khoan \u0111\u1ea7y \u0111\u1ee7 cho ph\u00e9p ch\u1ea5t l\u1ecfng \u0111i qua tr\u01a1n tru, gi\u1ea3m l\u1ef1c c\u1ea3n v\u00e0 c\u1ea3i thi\u1ec7n hi\u1ec7u su\u1ea5t h\u1ec7 th\u1ed1ng.<br \/>Th\u1ef1c ph\u1ea9m v\u00e0 \u0111\u1ed3 u\u1ed1ng<br \/>Trong ng\u00e0nh th\u1ef1c ph\u1ea9m v\u00e0 \u0111\u1ed3 u\u1ed1ng, van n\u00e0y cung c\u1ea5p kh\u1ea3 n\u0103ng ch\u1ed1ng \u0103n m\u00f2n v\u00e0 an to\u00e0n tuy\u1ec7t v\u1eddi v\u1edbi k\u1ebft c\u1ea5u th\u00e9p kh\u00f4ng g\u1ec9 v\u00e0 ph\u1edbt PTFE. N\u00f3 \u0111\u00e1p \u1ee9ng c\u00e1c ti\u00eau chu\u1ea9n v\u1ec7 sinh cao, \u0111\u1ea3m b\u1ea3o ch\u1ea5t l\u01b0\u1ee3ng v\u00e0 an to\u00e0n c\u1ee7a s\u1ea3n ph\u1ea9m.<br \/>H\u1ec7 th\u1ed1ng n\u1ed3i h\u01a1i<br \/>\u0110\u01b0\u1ee3c s\u1eed d\u1ee5ng \u0111\u1ec3 ki\u1ec3m so\u00e1t ch\u1ea5t l\u1ecfng trong h\u1ec7 th\u1ed1ng l\u00f2 h\u01a1i, c\u00e1c van n\u00e0y c\u00f3 th\u1ec3 ch\u1ecbu \u0111\u01b0\u1ee3c nhi\u1ec7t \u0111\u1ed9 v\u00e0 \u00e1p su\u1ea5t cao, \u0111\u1ea3m b\u1ea3o h\u1ec7 th\u1ed1ng v\u1eadn h\u00e0nh an to\u00e0n v\u00e0 ng\u0103n ng\u1eeba r\u00f2 r\u1ec9 v\u00e0 tai n\u1ea1n.<br \/>D\u1ea7u kh\u00ed<br \/>Van n\u00e0y \u0111\u00f3ng vai tr\u00f2 quan tr\u1ecdng trong vi\u1ec7c khai th\u00e1c, x\u1eed l\u00fd v\u00e0 v\u1eadn chuy\u1ec3n d\u1ea7u kh\u00ed. N\u00f3 c\u00f3 th\u1ec3 ch\u1ecbu \u0111\u01b0\u1ee3c m\u00f4i tr\u01b0\u1eddng \u00e1p su\u1ea5t cao v\u00e0 cung c\u1ea5p m\u1ed9t l\u1edbp \u0111\u1ec7m \u0111\u00e1ng tin c\u1eady \u0111\u1ec3 ng\u0103n ng\u1eeba r\u00f2 r\u1ec9 v\u00e0 \u0111\u1ea3m b\u1ea3o ho\u1ea1t \u0111\u1ed9ng an to\u00e0n.<br \/>Ng\u00e0nh c\u00f4ng nghi\u1ec7p kh\u00ed \u0111\u1ed1t<br \/>Trong qu\u00e1 tr\u00ecnh truy\u1ec1n kh\u00ed, van cung c\u1ea5p kh\u1ea3 n\u0103ng b\u1ecbt k\u00edn v\u00e0 ki\u1ec3m so\u00e1t l\u01b0u l\u01b0\u1ee3ng \u0111\u00e1ng tin c\u1eady nh\u1edd c\u1ea5u tr\u00fac nh\u1ecf g\u1ecdn v\u00e0 v\u1eadn h\u00e0nh d\u1ec5 d\u00e0ng, \u0111\u1ed3ng th\u1eddi c\u00f3 th\u1ec3 th\u00edch \u1ee9ng v\u1edbi nhi\u1ec1u \u0111i\u1ec1u ki\u1ec7n \u00e1p su\u1ea5t v\u00e0 nhi\u1ec7t \u0111\u1ed9 l\u00e0m vi\u1ec7c kh\u00e1c nhau \u0111\u1ec3 \u0111\u1ea3m b\u1ea3o h\u1ec7 th\u1ed1ng ho\u1ea1t \u0111\u1ed9ng \u1ed5n \u0111\u1ecbnh.<br \/>H\u1ec7 th\u1ed1ng ch\u00e2n kh\u00f4ng<br \/>Van bi ren th\u00e9p kh\u00f4ng g\u1ec9 3 m\u1ea3nh th\u1ee7 c\u00f4ng c\u0169ng ph\u00f9 h\u1ee3p v\u1edbi h\u1ec7 th\u1ed1ng ch\u00e2n kh\u00f4ng, mang l\u1ea1i hi\u1ec7u su\u1ea5t b\u1ecbt k\u00edn t\u1ed1t \u0111\u1ec3 \u0111\u1ea3m b\u1ea3o m\u1ee9c ch\u00e2n kh\u00f4ng c\u1ee7a h\u1ec7 th\u1ed1ng v\u00e0 c\u1ea3i thi\u1ec7n hi\u1ec7u qu\u1ea3 l\u00e0m vi\u1ec7c.<\/p>\t\t\t\t\t\t\t\t<\/div>\n\t\t\t\t<\/div>\n\t\t\t\t<\/div>\n\t\t\t\t<\/div>","protected":false},"excerpt":{"rendered":"<p>Van bi ren c\u00e1i to\u00e0n c\u1ed5ng 3PC b\u1eb1ng th\u00e9p kh\u00f4ng g\u1ec9 th\u1ee7 c\u00f4ng c\u00f3 thi\u1ebft k\u1ebf \u0111\u01a1n gi\u1ea3n, nh\u1ecf g\u1ecdn v\u00e0 \u0111\u00e1ng tin c\u1eady. N\u00f3 bao g\u1ed3m m\u1ed9t th\u00e2n van ch\u00ednh v\u00e0 hai th\u00e2n ph\u1ee5 \u0111\u01b0\u1ee3c bu l\u00f4ng l\u1ea1i v\u1edbi nhau \u0111\u1ec3 t\u1ea1o th\u00e0nh m\u1ed9t kh\u1ed1i duy nh\u1ea5t. C\u1ea5u h\u00ecnh n\u00e0y cho ph\u00e9p l\u1eafp r\u00e1p v\u00e0 th\u00e1o r\u1eddi d\u1ec5 d\u00e0ng \u0111\u1ec3 b\u1ea3o tr\u00ec thu\u1eadn ti\u1ec7n. Thi\u1ebft k\u1ebf to\u00e0n l\u1ed7 \u0111\u1ea3m b\u1ea3o kh\u1ea3 n\u0103ng ch\u1ed1ng ch\u1ea5t l\u1ecfng t\u1ed1i thi\u1ec3u, t\u01b0\u01a1ng \u0111\u01b0\u01a1ng v\u1edbi m\u1ed9t \u0111\u01b0\u1eddng \u1ed1ng c\u00f3 c\u00f9ng chi\u1ec1u d\u00e0i v\u00e0 ng\u0103n ng\u1eeba \u0103n m\u00f2n b\u1ec1 m\u1eb7t l\u00e0m k\u00edn van. \u0110\u01b0\u1ee3c trang b\u1ecb c\u00e1c \u0111\u1ec7m v\u00e0 gh\u1ebf PTFE, n\u00f3 c\u00f3 th\u1ec3 ch\u1ecbu \u0111\u01b0\u1ee3c \u00e1p su\u1ea5t l\u00e0m vi\u1ec7c l\u00ean \u0111\u1ebfn 1000 PSI.<\/p>\n<p>C\u00e1c van \u0111\u1ea7u ren n\u00e0y \u0111\u00e1p \u1ee9ng c\u00e1c ti\u00eau chu\u1ea9n qu\u1ed1c t\u1ebf v\u00e0 ph\u00f9 h\u1ee3p v\u1edbi h\u1ec7 th\u1ed1ng \u0111\u01b0\u1eddng \u1ed1ng \u00e1p su\u1ea5t th\u1ea5p, cung c\u1ea5p \u0111\u1ed9 k\u00edn kh\u00edt v\u00e0 hi\u1ec7u su\u1ea5t \u0111\u00e1ng tin c\u1eady trong nhi\u1ec1u n\u0103m s\u1eed d\u1ee5ng nhi\u1ec1u. Kh\u1ea3 n\u0103ng ch\u1ed1ng \u0103n m\u00f2n tuy\u1ec7t v\u1eddi c\u1ee7a ch\u00fang khi\u1ebfn ch\u00fang ph\u00f9 h\u1ee3p v\u1edbi nhi\u1ec1u \u1ee9ng d\u1ee5ng bao g\u1ed3m n\u01b0\u1edbc, d\u1ea7u, kh\u00ed, ki\u1ec1m nh\u1eb9 v\u00e0 axit, biodiesel, nhi\u00ean li\u1ec7u v\u00e0 c\u1ed3n.<\/p>\n<p>Model: Van bi ren tay<br \/>\nPh\u1ea1m vi k\u00edch th\u01b0\u1edbc: 1\/4\u2033 \u0111\u1ebfn 4\u2033<br \/>\nPh\u1ea1m vi \u00e1p su\u1ea5t: 10bar, 16bar<br \/>\nCh\u1ea5t li\u1ec7u: Th\u00e9p kh\u00f4ng g\u1ec9 304 ho\u1eb7c Th\u00e9p kh\u00f4ng g\u1ec9 316<\/p>\n<p>&nbsp;<\/p>","protected":false},"featured_media":7172,"template":"","meta":{"site-sidebar-layout":"default","site-content-layout":"","ast-site-content-layout":"default","site-content-style":"default","site-sidebar-style":"default","ast-global-header-display":"","ast-banner-title-visibility":"","ast-main-header-display":"","ast-hfb-above-header-display":"","ast-hfb-below-header-display":"","ast-hfb-mobile-header-display":"","site-post-title":"","ast-breadcrumbs-content":"","ast-featured-img":"","footer-sml-layout":"","ast-disable-related-posts":"","theme-transparent-header-meta":"default","adv-header-id-meta":"","stick-header-meta":"","header-above-stick-meta":"","header-main-stick-meta":"","header-below-stick-meta":"","astra-migrate-meta-layouts":"set","ast-page-background-enabled":"default","ast-page-background-meta":{"desktop":{"background-color":"var(--ast-global-color-4)","background-image":"","background-repeat":"repeat","background-position":"center center","background-size":"auto","background-attachment":"scroll","background-type":"","background-media":"","overlay-type":"","overlay-color":"","overlay-opacity":"","overlay-gradient":""},"tablet":{"background-color":"","background-image":"","background-repeat":"repeat","background-position":"center center","background-size":"auto","background-attachment":"scroll","background-type":"","background-media":"","overlay-type":"","overlay-color":"","overlay-opacity":"","overlay-gradient":""},"mobile":{"background-color":"","background-image":"","background-repeat":"repeat","background-position":"center center","background-size":"auto","background-attachment":"scroll","background-type":"","background-media":"","overlay-type":"","overlay-color":"","overlay-opacity":"","overlay-gradient":""}},"ast-content-background-meta":{"desktop":{"background-color":"var(--ast-global-color-5)","background-image":"","background-repeat":"repeat","background-position":"center center","background-size":"auto","background-attachment":"scroll","background-type":"","background-media":"","overlay-type":"","overlay-color":"","overlay-opacity":"","overlay-gradient":""},"tablet":{"background-color":"var(--ast-global-color-5)","background-image":"","background-repeat":"repeat","background-position":"center center","background-size":"auto","background-attachment":"scroll","background-type":"","background-media":"","overlay-type":"","overlay-color":"","overlay-opacity":"","overlay-gradient":""},"mobile":{"background-color":"var(--ast-global-color-5)","background-image":"","background-repeat":"repeat","background-position":"center center","background-size":"auto","background-attachment":"scroll","background-type":"","background-media":"","overlay-type":"","overlay-color":"","overlay-opacity":"","overlay-gradient":""}}},"product_brand":[],"product_cat":[705,116,33],"product_tag":[669,668,98,217,665,673,703,667,261,670,73,56],"class_list":{"0":"post-6507","1":"product","2":"type-product","3":"status-publish","4":"has-post-thumbnail","6":"product_cat-manual-ball-valve","7":"product_cat-manual-valves","8":"product_cat-products","9":"product_tag-2-way-ball-valve","10":"product_tag-2-way-female-thread-ball-valve","11":"product_tag-ball-valve","12":"product_tag-ball-valves","13":"product_tag-female-thread-ball-valve","14":"product_tag-full-port-thread-ball-valve","15":"product_tag-manual-ball-valve","16":"product_tag-manual-thread-ball-valve","17":"product_tag-manual-valve","18":"product_tag-stainless-steel-thread-ball-valve","19":"product_tag-valve","20":"product_tag-valves","21":"desktop-align-center","22":"tablet-align-left","23":"mobile-align-left","25":"first","26":"instock","27":"shipping-taxable","28":"product-type-simple"},"_links":{"self":[{"href":"https:\/\/www.delcofluid.com\/vi\/wp-json\/wp\/v2\/product\/6507","targetHints":{"allow":["GET"]}}],"collection":[{"href":"https:\/\/www.delcofluid.com\/vi\/wp-json\/wp\/v2\/product"}],"about":[{"href":"https:\/\/www.delcofluid.com\/vi\/wp-json\/wp\/v2\/types\/product"}],"version-history":[{"count":0,"href":"https:\/\/www.delcofluid.com\/vi\/wp-json\/wp\/v2\/product\/6507\/revisions"}],"wp:featuredmedia":[{"embeddable":true,"href":"https:\/\/www.delcofluid.com\/vi\/wp-json\/wp\/v2\/media\/7172"}],"wp:attachment":[{"href":"https:\/\/www.delcofluid.com\/vi\/wp-json\/wp\/v2\/media?parent=6507"}],"wp:term":[{"taxonomy":"product_brand","embeddable":true,"href":"https:\/\/www.delcofluid.com\/vi\/wp-json\/wp\/v2\/product_brand?post=6507"},{"taxonomy":"product_cat","embeddable":true,"href":"https:\/\/www.delcofluid.com\/vi\/wp-json\/wp\/v2\/product_cat?post=6507"},{"taxonomy":"product_tag","embeddable":true,"href":"https:\/\/www.delcofluid.com\/vi\/wp-json\/wp\/v2\/product_tag?post=6507"}],"curies":[{"name":"wp","href":"https:\/\/api.w.org\/{rel}","templated":true}]}}