{"id":6592,"date":"2024-07-08T09:54:11","date_gmt":"2024-07-08T08:54:11","guid":{"rendered":"https:\/\/www.delcofluid.com\/?post_type=product&#038;p=6592"},"modified":"2024-08-12T05:00:45","modified_gmt":"2024-08-12T04:00:45","slug":"stainless-steel-spring-loaded-closed-flange-safety-valve","status":"publish","type":"product","link":"https:\/\/www.delcofluid.com\/vi\/san-pham\/stainless-steel-spring-loaded-closed-flange-safety-valve\/","title":{"rendered":"Van an to\u00e0n m\u1eb7t b\u00edch k\u00edn l\u00f2 xo th\u00e9p kh\u00f4ng g\u1ec9"},"content":{"rendered":"<div data-elementor-type=\"product-post\" data-elementor-id=\"6592\" class=\"elementor elementor-6592\" data-elementor-post-type=\"product\">\n\t\t\t\t<div class=\"elementor-element elementor-element-6fb59a60 e-con-full e-flex e-con e-parent\" data-id=\"6fb59a60\" data-element_type=\"container\" data-e-type=\"container\" data-settings=\"{&quot;ekit_has_onepagescroll_dot&quot;:&quot;yes&quot;}\">\n\t\t<div class=\"elementor-element elementor-element-b2e102c e-con-full e-flex e-con e-child\" data-id=\"b2e102c\" data-element_type=\"container\" data-e-type=\"container\" data-settings=\"{&quot;ekit_has_onepagescroll_dot&quot;:&quot;yes&quot;}\">\n\t\t\t\t<div class=\"elementor-element elementor-element-4c3cf80 elementor-widget elementor-widget-heading\" data-id=\"4c3cf80\" data-element_type=\"widget\" data-e-type=\"widget\" data-settings=\"{&quot;ekit_we_effect_on&quot;:&quot;none&quot;}\" data-widget_type=\"heading.default\">\n\t\t\t\t<div class=\"elementor-widget-container\">\n\t\t\t\t\t<h2 class=\"elementor-heading-title elementor-size-default\">\u0110\u1eb7c tr\u01b0ng<\/h2>\t\t\t\t<\/div>\n\t\t\t\t<\/div>\n\t\t\t\t<div class=\"elementor-element elementor-element-1af4cc68 elementor-widget__width-initial elementor-widget elementor-widget-text-editor\" data-id=\"1af4cc68\" data-element_type=\"widget\" data-e-type=\"widget\" data-settings=\"{&quot;ekit_we_effect_on&quot;:&quot;none&quot;}\" data-widget_type=\"text-editor.default\">\n\t\t\t\t<div class=\"elementor-widget-container\">\n\t\t\t\t\t\t\t\t\t<ul><li>\u1ed4n \u0111\u1ecbnh \u00e1p su\u1ea5t h\u1ec7 th\u1ed1ng: Van an to\u00e0n t\u1ef1 \u0111\u1ed9ng m\u1edf \u0111\u1ec3 gi\u1ea3i ph\u00f3ng \u00e1p su\u1ea5t d\u01b0 th\u1eeba khi v\u01b0\u1ee3t qu\u00e1 gi\u00e1 tr\u1ecb c\u00e0i \u0111\u1eb7t v\u00e0 \u0111\u00f3ng l\u1ea1i khi \u00e1p su\u1ea5t b\u00ecnh th\u01b0\u1eddng tr\u1edf l\u1ea1i, \u0111\u1ea3m b\u1ea3o ho\u1ea1t \u0111\u1ed9ng \u1ed5n \u0111\u1ecbnh.<\/li><li>Kh\u1ea3 n\u0103ng ch\u1ed1ng \u0103n m\u00f2n v\u01b0\u1ee3t tr\u1ed9i: \u0110\u01b0\u1ee3c ch\u1ebf t\u1ea1o t\u1eeb th\u00e9p kh\u00f4ng g\u1ec9 ch\u1ea5t l\u01b0\u1ee3ng cao, van an to\u00e0n m\u1eb7t b\u00edch n\u00e0y c\u00f3 kh\u1ea3 n\u0103ng ch\u1ed1ng \u0103n m\u00f2n v\u01b0\u1ee3t tr\u1ed9i, \u0111\u1ea3m b\u1ea3o ho\u1ea1t \u0111\u1ed9ng \u1ed5n \u0111\u1ecbnh trong nhi\u1ec1u m\u00f4i tr\u01b0\u1eddng kh\u1eafc nghi\u1ec7t trong th\u1eddi gian d\u00e0i.<\/li><li>Hi\u1ec7u su\u1ea5t nhi\u1ec7t \u0111\u1ed9 cao: \u0110\u01b0\u1ee3c thi\u1ebft k\u1ebf d\u00e0nh cho c\u00e1c \u1ee9ng d\u1ee5ng nhi\u1ec7t \u0111\u1ed9 cao, van n\u00e0y gi\u1ea3i ph\u00f3ng \u00e1p su\u1ea5t hi\u1ec7u qu\u1ea3 trong \u0111i\u1ec1u ki\u1ec7n nhi\u1ec7t \u0111\u1ed9 c\u1ef1c cao, b\u1ea3o v\u1ec7 ho\u1ea1t \u0111\u1ed9ng an to\u00e0n c\u1ee7a thi\u1ebft b\u1ecb v\u00e0 h\u1ec7 th\u1ed1ng.<\/li><li>Thi\u1ebft k\u1ebf nh\u1ecf g\u1ecdn: C\u1ea5u tr\u00fac nh\u1ecf g\u1ecdn gi\u00fap d\u1ec5 d\u00e0ng l\u1eafp \u0111\u1eb7t v\u00e0 b\u1ea3o tr\u00ec trong kh\u00f4ng gian h\u1ea1n ch\u1ebf, t\u1ed1i \u01b0u h\u00f3a c\u00e1ch b\u1ed1 tr\u00ed thi\u1ebft b\u1ecb v\u00e0 kh\u1ea3 n\u0103ng ti\u1ebfp c\u1eadn.<\/li><li>Kh\u1ea3 n\u0103ng t\u01b0\u01a1ng th\u00edch v\u1edbi nhi\u1ec1u lo\u1ea1i ch\u1ea5t l\u1ecfng: C\u00f3 kh\u1ea3 n\u0103ng x\u1eed l\u00fd nhi\u1ec1u lo\u1ea1i kh\u00ed v\u00e0 ch\u1ea5t l\u1ecfng, van n\u00e0y l\u00fd t\u01b0\u1edfng cho nhi\u1ec1u ng\u00e0nh c\u00f4ng nghi\u1ec7p kh\u00e1c nhau, bao g\u1ed3m h\u00f3a ch\u1ea5t, h\u00f3a d\u1ea7u, khai th\u00e1c than v\u00e0 \u0111i\u1ec7n, mang l\u1ea1i t\u00ednh linh ho\u1ea1t trong \u1ee9ng d\u1ee5ng r\u1ed9ng r\u00e3i.<\/li><li>\u0110i\u1ec1u ch\u1ec9nh \u00e1p su\u1ea5t hi\u1ec7u qu\u1ea3: L\u00e0 m\u1ed9t thi\u1ebft b\u1ecb x\u1ea3 \u00e1p su\u1ea5t t\u1ef1 \u0111\u1ed9ng, van s\u1ebd m\u1edf khi \u00e1p su\u1ea5t v\u01b0\u1ee3t qu\u00e1 ng\u01b0\u1ee1ng ti\u00eau chu\u1ea9n, ng\u0103n ng\u1eeba \u00e1p su\u1ea5t t\u00edch t\u1ee5 qu\u00e1 m\u1ee9c. N\u00f3 s\u1ebd t\u1ef1 \u0111\u1ed9ng \u0111\u00f3ng khi \u00e1p su\u1ea5t tr\u1edf l\u1ea1i b\u00ecnh th\u01b0\u1eddng, \u0111\u1ea3m b\u1ea3o h\u1ec7 th\u1ed1ng ho\u1ea1t \u0111\u1ed9ng \u1ed5n \u0111\u1ecbnh. \u00a0 \u00a0\u00a0<\/li><\/ul>\t\t\t\t\t\t\t\t<\/div>\n\t\t\t\t<\/div>\n\t\t\t\t<\/div>\n\t\t\t\t<div class=\"elementor-element elementor-element-8e57110 elementor-widget elementor-widget-image\" data-id=\"8e57110\" data-element_type=\"widget\" data-e-type=\"widget\" data-settings=\"{&quot;ekit_we_effect_on&quot;:&quot;none&quot;}\" data-widget_type=\"image.default\">\n\t\t\t\t<div class=\"elementor-widget-container\">\n\t\t\t\t\t\t\t\t\t\t\t\t\t\t\t<img fetchpriority=\"high\" decoding=\"async\" width=\"768\" height=\"759\" src=\"https:\/\/www.delcofluid.com\/wp-content\/uploads\/2024\/03\/product-finder-graphic-3-x900.jpg\" class=\"attachment-large size-large wp-image-2576\" alt=\"Solenoid Valves\" srcset=\"https:\/\/www.delcofluid.com\/wp-content\/uploads\/2024\/03\/product-finder-graphic-3-x900.jpg 768w, https:\/\/www.delcofluid.com\/wp-content\/uploads\/2024\/03\/product-finder-graphic-3-x900-100x100.jpg 100w, https:\/\/www.delcofluid.com\/wp-content\/uploads\/2024\/03\/product-finder-graphic-3-x900-600x593.jpg 600w, https:\/\/www.delcofluid.com\/wp-content\/uploads\/2024\/03\/product-finder-graphic-3-x900-300x296.jpg 300w\" sizes=\"(max-width: 768px) 100vw, 768px\" \/>\t\t\t\t\t\t\t\t\t\t\t\t\t\t\t<\/div>\n\t\t\t\t<\/div>\n\t\t\t\t<\/div>\n\t\t<div class=\"elementor-element elementor-element-a55eeda e-flex e-con-boxed e-con e-parent\" data-id=\"a55eeda\" data-element_type=\"container\" data-e-type=\"container\" data-settings=\"{&quot;background_background&quot;:&quot;classic&quot;,&quot;ekit_has_onepagescroll_dot&quot;:&quot;yes&quot;}\">\n\t\t\t\t\t<div class=\"e-con-inner\">\n\t\t\t\t<div class=\"elementor-element elementor-element-585e9d9 elementor-widget elementor-widget-heading\" data-id=\"585e9d9\" data-element_type=\"widget\" data-e-type=\"widget\" data-settings=\"{&quot;ekit_we_effect_on&quot;:&quot;none&quot;}\" data-widget_type=\"heading.default\">\n\t\t\t\t<div class=\"elementor-widget-container\">\n\t\t\t\t\t<h2 class=\"elementor-heading-title elementor-size-default\">Th\u00f4ng s\u1ed1 k\u1ef9 thu\u1eadt<\/h2>\t\t\t\t<\/div>\n\t\t\t\t<\/div>\n\t\t\t\t\t<\/div>\n\t\t\t\t<\/div>\n\t\t<div class=\"elementor-element elementor-element-3414eb9 e-con-full e-flex e-con e-parent\" data-id=\"3414eb9\" data-element_type=\"container\" data-e-type=\"container\" data-settings=\"{&quot;background_background&quot;:&quot;classic&quot;,&quot;ekit_has_onepagescroll_dot&quot;:&quot;yes&quot;}\">\n\t\t\t\t<div class=\"elementor-element elementor-element-13df62f elementor-widget__width-initial elementor-widget elementor-widget-text-editor\" data-id=\"13df62f\" data-element_type=\"widget\" data-e-type=\"widget\" data-settings=\"{&quot;ekit_we_effect_on&quot;:&quot;none&quot;}\" data-widget_type=\"text-editor.default\">\n\t\t\t\t<div class=\"elementor-widget-container\">\n\t\t\t\t\t\t\t\t\t<table width=\"855\">\n<tbody>\n<tr>\n<td width=\"159\">Ph\u1ea1m vi k\u00edch th\u01b0\u1edbc:<\/td>\n<td width=\"205\">3\/4\u2033 \u0111\u1ebfn 16\u2033<\/td>\n<td width=\"146\">V\u1eadt li\u1ec7u:<\/td>\n<td width=\"345\">Th\u00e9p kh\u00f4ng g\u1ec9 304\/316, WCB<\/td>\n<\/tr>\n<tr>\n<td width=\"159\">Ph\u1ea1m vi \u00e1p su\u1ea5t:<\/td>\n<td>&nbsp;1,6MPa \u0111\u1ebfn 4MPa<br><\/td>\n<td width=\"146\">Quy\u1ec1n l\u1ef1c:<\/td>\n<td width=\"345\">X\u1eed l\u00fd<\/td>\n<\/tr>\n<tr>\n<td width=\"159\">B\u1ea3o h\u00e0nh\uff1a<\/td>\n<td width=\"205\">12 con b\u01b0\u1edbm \u0111\u00eam<\/td>\n<td width=\"146\">Th\u00e2n h\u00ecnh:<\/td>\n<td width=\"345\">WCB<\/td>\n<\/tr>\n<tr>\n<td width=\"159\">B\u1ec1 m\u1eb7t ni\u00eam phong c\u1ee7a v\u1eadt li\u1ec7u\uff1a<\/td>\n<td width=\"205\">l\u1eafng \u0111\u1ecdng stellite<\/td>\n<td width=\"146\">Xin ch\u00e0o<\/td>\n<td width=\"345\">2Cr13<\/td>\n<\/tr>\n<\/tbody>\n<\/table>\t\t\t\t\t\t\t\t<\/div>\n\t\t\t\t<\/div>\n\t\t\t\t<\/div>\n\t\t<div class=\"elementor-element elementor-element-daef6c8 e-con-full e-flex e-con e-parent\" data-id=\"daef6c8\" data-element_type=\"container\" data-e-type=\"container\" data-settings=\"{&quot;ekit_has_onepagescroll_dot&quot;:&quot;yes&quot;}\">\n\t\t\t\t<div class=\"elementor-element elementor-element-52ddb61 elementor-widget elementor-widget-heading\" data-id=\"52ddb61\" data-element_type=\"widget\" data-e-type=\"widget\" data-settings=\"{&quot;ekit_we_effect_on&quot;:&quot;none&quot;}\" data-widget_type=\"heading.default\">\n\t\t\t\t<div class=\"elementor-widget-container\">\n\t\t\t\t\t<h2 class=\"elementor-heading-title elementor-size-default\">\u1ee8ng d\u1ee5ng<\/h2>\t\t\t\t<\/div>\n\t\t\t\t<\/div>\n\t\t\t\t<div class=\"elementor-element elementor-element-ac1034b elementor-widget elementor-widget-text-editor\" data-id=\"ac1034b\" data-element_type=\"widget\" data-e-type=\"widget\" data-settings=\"{&quot;ekit_we_effect_on&quot;:&quot;none&quot;}\" data-widget_type=\"text-editor.default\">\n\t\t\t\t<div class=\"elementor-widget-container\">\n\t\t\t\t\t\t\t\t\t<p>Ng\u00e0nh c\u00f4ng nghi\u1ec7p h\u00f3a ch\u1ea5t: Van an to\u00e0n m\u1eb7t b\u00edch b\u1eb1ng th\u00e9p kh\u00f4ng g\u1ec9 \u0111\u01b0\u1ee3c s\u1eed d\u1ee5ng trong l\u00f2 ph\u1ea3n \u1ee9ng, b\u1ec3 ch\u1ee9a v\u00e0 \u0111\u01b0\u1eddng \u1ed1ng \u0111\u1ec3 ng\u0103n ng\u1eeba \u00e1p su\u1ea5t qu\u00e1 m\u1ee9c v\u00e0 \u0111\u1ea3m b\u1ea3o ho\u1ea1t \u0111\u1ed9ng an to\u00e0n.<br \/>Ng\u00e0nh c\u00f4ng nghi\u1ec7p h\u00f3a d\u1ea7u: Van an to\u00e0n r\u1ea5t quan tr\u1ecdng trong c\u00e1c quy tr\u00ecnh l\u1ecdc d\u1ea7u, x\u1eed l\u00fd kh\u00ed v\u00e0 l\u01b0u tr\u1eef \u0111\u1ec3 b\u1ea3o v\u1ec7 thi\u1ebft b\u1ecb v\u00e0 tr\u00e1nh c\u00e1c s\u1ef1 c\u1ed1 qu\u00e1 \u00e1p.<br \/>Ng\u00e0nh khai th\u00e1c than: Van an to\u00e0n qu\u1ea3n l\u00fd th\u00f4ng gi\u00f3, tho\u00e1t n\u01b0\u1edbc v\u00e0 \u00e1p su\u1ea5t thi\u1ebft b\u1ecb \u0111\u1ec3 \u0111\u1ea3m b\u1ea3o ho\u1ea1t \u0111\u1ed9ng an to\u00e0n v\u00e0 \u0111\u1ed9 \u1ed5n \u0111\u1ecbnh c\u1ee7a thi\u1ebft b\u1ecb.<br \/>Ng\u00e0nh s\u1ea3n xu\u1ea5t \u0111i\u1ec7n: Van an to\u00e0n \u0111i\u1ec1u ch\u1ec9nh \u00e1p su\u1ea5t trong h\u1ec7 th\u1ed1ng l\u00f2 h\u01a1i, c\u01a1 s\u1edf l\u00e0m m\u00e1t v\u00e0 thi\u1ebft b\u1ecb \u0111i\u1ec7n \u0111\u1ec3 duy tr\u00ec ho\u1ea1t \u0111\u1ed9ng an to\u00e0n v\u00e0 \u1ed5n \u0111\u1ecbnh.<br \/><br \/><\/p>\t\t\t\t\t\t\t\t<\/div>\n\t\t\t\t<\/div>\n\t\t\t\t<\/div>\n\t\t\t\t<\/div>","protected":false},"excerpt":{"rendered":"<p>Van an to\u00e0n l\u00e0 thi\u1ebft b\u1ecb gi\u1ea3m \u00e1p t\u1ef1 \u0111\u1ed9ng \u0111\u01b0\u1ee3c l\u1eafp tr\u00ean thi\u1ebft b\u1ecb, b\u00ecnh ch\u1ee9a ho\u1eb7c \u0111\u01b0\u1eddng \u1ed1ng ch\u1ecbu \u00e1p su\u1ea5t. Khi \u00e1p su\u1ea5t b\u00ean trong h\u1ec7 th\u1ed1ng v\u01b0\u1ee3t qu\u00e1 gi\u00e1 tr\u1ecb an to\u00e0n \u0111\u00e3 c\u00e0i \u0111\u1eb7t, van s\u1ebd t\u1ef1 \u0111\u1ed9ng m\u1edf \u0111\u1ec3 gi\u1ea3i ph\u00f3ng m\u1ed9t s\u1ed1 m\u00f4i tr\u01b0\u1eddng d\u01b0 th\u1eeba v\u00e0 ng\u0103n kh\u00f4ng cho \u00e1p su\u1ea5t t\u0103ng th\u00eam. Khi \u00e1p su\u1ea5t h\u1ec7 th\u1ed1ng gi\u1ea3m xu\u1ed1ng gi\u00e1 tr\u1ecb \u0111\u00e3 ch\u1ec9 \u0111\u1ecbnh, van s\u1ebd t\u1ef1 \u0111\u1ed9ng \u0111\u00f3ng \u0111\u1ec3 \u0111\u1ea3m b\u1ea3o h\u1ec7 th\u1ed1ng tr\u1edf l\u1ea1i ho\u1ea1t \u0111\u1ed9ng b\u00ecnh th\u01b0\u1eddng.<\/p>\n<p>Van an to\u00e0n b\u1eb1ng th\u00e9p kh\u00f4ng g\u1ec9 c\u00f3 kh\u1ea3 n\u0103ng ch\u1ed1ng \u0103n m\u00f2n tuy\u1ec7t v\u1eddi v\u00e0 ph\u00f9 h\u1ee3p v\u1edbi nhi\u1ec1u m\u00f4i tr\u01b0\u1eddng kh\u1eafc nghi\u1ec7t. Van c\u00f3 th\u1ec3 ho\u1ea1t \u0111\u1ed9ng \u1ed5n \u0111\u1ecbnh trong \u0111i\u1ec1u ki\u1ec7n nhi\u1ec7t \u0111\u1ed9 cao, b\u1ea3o v\u1ec7 an to\u00e0n cho thi\u1ebft b\u1ecb v\u00e0 h\u1ec7 th\u1ed1ng. Thi\u1ebft k\u1ebf nh\u1ecf g\u1ecdn gi\u00fap d\u1ec5 d\u00e0ng l\u1eafp \u0111\u1eb7t v\u00e0 v\u1eadn h\u00e0nh trong kh\u00f4ng gian h\u1ea1n ch\u1ebf. Van an to\u00e0n b\u1eb1ng th\u00e9p kh\u00f4ng g\u1ec9 c\u00f3 th\u1ec3 x\u1eed l\u00fd nhi\u1ec1u lo\u1ea1i ch\u1ea5t l\u1ecfng v\u00e0 cung c\u1ea5p kh\u1ea3 n\u0103ng gi\u1ea3m \u00e1p su\u1ea5t v\u00e0 b\u1ea3o v\u1ec7 h\u1ec7 th\u1ed1ng \u0111\u00e1ng tin c\u1eady. Do \u0111\u00f3, n\u00f3 \u0111\u01b0\u1ee3c s\u1eed d\u1ee5ng r\u1ed9ng r\u00e3i trong c\u00e1c l\u0129nh v\u1ef1c h\u00f3a ch\u1ea5t, h\u00f3a d\u1ea7u, khai th\u00e1c than, \u0111i\u1ec7n v\u00e0 c\u00e1c l\u0129nh v\u1ef1c kh\u00e1c \u0111\u1ec3 qu\u1ea3n l\u00fd \u00e1p su\u1ea5t c\u1ee7a kh\u00ed v\u00e0 ch\u1ea5t l\u1ecfng.<\/p>\n<p>Model: Van x\u1ea3 an to\u00e0n<br \/>\nPh\u1ea1m vi k\u00edch th\u01b0\u1edbc: 3\/4\u2033 \u0111\u1ebfn 16\u2033<br \/>\nPh\u1ea1m vi \u00e1p su\u1ea5t: 1,6MPa \u0111\u1ebfn 4MPa<br \/>\nCh\u1ea5t li\u1ec7u: Th\u00e9p kh\u00f4ng g\u1ec9 304\/316 ho\u1eb7c WCB<\/p>\n<p>&nbsp;<\/p>","protected":false},"featured_media":7167,"template":"","meta":{"site-sidebar-layout":"default","site-content-layout":"","ast-site-content-layout":"default","site-content-style":"default","site-sidebar-style":"default","ast-global-header-display":"","ast-banner-title-visibility":"","ast-main-header-display":"","ast-hfb-above-header-display":"","ast-hfb-below-header-display":"","ast-hfb-mobile-header-display":"","site-post-title":"","ast-breadcrumbs-content":"","ast-featured-img":"","footer-sml-layout":"","ast-disable-related-posts":"","theme-transparent-header-meta":"default","adv-header-id-meta":"","stick-header-meta":"","header-above-stick-meta":"","header-main-stick-meta":"","header-below-stick-meta":"","astra-migrate-meta-layouts":"set","ast-page-background-enabled":"default","ast-page-background-meta":{"desktop":{"background-color":"var(--ast-global-color-4)","background-image":"","background-repeat":"repeat","background-position":"center center","background-size":"auto","background-attachment":"scroll","background-type":"","background-media":"","overlay-type":"","overlay-color":"","overlay-opacity":"","overlay-gradient":""},"tablet":{"background-color":"","background-image":"","background-repeat":"repeat","background-position":"center center","background-size":"auto","background-attachment":"scroll","background-type":"","background-media":"","overlay-type":"","overlay-color":"","overlay-opacity":"","overlay-gradient":""},"mobile":{"background-color":"","background-image":"","background-repeat":"repeat","background-position":"center center","background-size":"auto","background-attachment":"scroll","background-type":"","background-media":"","overlay-type":"","overlay-color":"","overlay-opacity":"","overlay-gradient":""}},"ast-content-background-meta":{"desktop":{"background-color":"var(--ast-global-color-5)","background-image":"","background-repeat":"repeat","background-position":"center center","background-size":"auto","background-attachment":"scroll","background-type":"","background-media":"","overlay-type":"","overlay-color":"","overlay-opacity":"","overlay-gradient":""},"tablet":{"background-color":"var(--ast-global-color-5)","background-image":"","background-repeat":"repeat","background-position":"center center","background-size":"auto","background-attachment":"scroll","background-type":"","background-media":"","overlay-type":"","overlay-color":"","overlay-opacity":"","overlay-gradient":""},"mobile":{"background-color":"var(--ast-global-color-5)","background-image":"","background-repeat":"repeat","background-position":"center center","background-size":"auto","background-attachment":"scroll","background-type":"","background-media":"","overlay-type":"","overlay-color":"","overlay-opacity":"","overlay-gradient":""}}},"product_brand":[],"product_cat":[33,709],"product_tag":[685,684,686,687,73,56],"class_list":{"0":"post-6592","1":"product","2":"type-product","3":"status-publish","4":"has-post-thumbnail","6":"product_cat-products","7":"product_cat-safety-valve","8":"product_tag-flange-safety-valve","9":"product_tag-safety-valve","10":"product_tag-spring-loaded-closed-valve","11":"product_tag-stainless-steel-safety-valve","12":"product_tag-valve","13":"product_tag-valves","14":"desktop-align-center","15":"tablet-align-left","16":"mobile-align-left","18":"first","19":"instock","20":"shipping-taxable","21":"product-type-simple"},"_links":{"self":[{"href":"https:\/\/www.delcofluid.com\/vi\/wp-json\/wp\/v2\/product\/6592","targetHints":{"allow":["GET"]}}],"collection":[{"href":"https:\/\/www.delcofluid.com\/vi\/wp-json\/wp\/v2\/product"}],"about":[{"href":"https:\/\/www.delcofluid.com\/vi\/wp-json\/wp\/v2\/types\/product"}],"version-history":[{"count":0,"href":"https:\/\/www.delcofluid.com\/vi\/wp-json\/wp\/v2\/product\/6592\/revisions"}],"wp:featuredmedia":[{"embeddable":true,"href":"https:\/\/www.delcofluid.com\/vi\/wp-json\/wp\/v2\/media\/7167"}],"wp:attachment":[{"href":"https:\/\/www.delcofluid.com\/vi\/wp-json\/wp\/v2\/media?parent=6592"}],"wp:term":[{"taxonomy":"product_brand","embeddable":true,"href":"https:\/\/www.delcofluid.com\/vi\/wp-json\/wp\/v2\/product_brand?post=6592"},{"taxonomy":"product_cat","embeddable":true,"href":"https:\/\/www.delcofluid.com\/vi\/wp-json\/wp\/v2\/product_cat?post=6592"},{"taxonomy":"product_tag","embeddable":true,"href":"https:\/\/www.delcofluid.com\/vi\/wp-json\/wp\/v2\/product_tag?post=6592"}],"curies":[{"name":"wp","href":"https:\/\/api.w.org\/{rel}","templated":true}]}}