{"id":6646,"date":"2024-07-09T03:33:29","date_gmt":"2024-07-09T02:33:29","guid":{"rendered":"https:\/\/www.delcofluid.com\/?post_type=product&#038;p=6646"},"modified":"2025-02-20T09:50:46","modified_gmt":"2025-02-20T09:50:46","slug":"cast-iron-full-lift-spring-loaded-male-threaded-safety-valve","status":"publish","type":"product","link":"https:\/\/www.delcofluid.com\/vi\/san-pham\/cast-iron-full-lift-spring-loaded-male-threaded-safety-valve\/","title":{"rendered":"Van an to\u00e0n m\u1eb7t b\u00edch l\u00f2 xo n\u00e2ng to\u00e0n ph\u1ea7n b\u1eb1ng gang"},"content":{"rendered":"<div data-elementor-type=\"product-post\" data-elementor-id=\"6646\" class=\"elementor elementor-6646\" data-elementor-post-type=\"product\">\n\t\t\t\t<div class=\"elementor-element elementor-element-6fb59a60 e-con-full e-flex e-con e-parent\" data-id=\"6fb59a60\" data-element_type=\"container\" data-e-type=\"container\" data-settings=\"{&quot;ekit_has_onepagescroll_dot&quot;:&quot;yes&quot;}\">\n\t\t<div class=\"elementor-element elementor-element-b2e102c e-con-full e-flex e-con e-child\" data-id=\"b2e102c\" data-element_type=\"container\" data-e-type=\"container\" data-settings=\"{&quot;ekit_has_onepagescroll_dot&quot;:&quot;yes&quot;}\">\n\t\t\t\t<div class=\"elementor-element elementor-element-4c3cf80 elementor-widget elementor-widget-heading\" data-id=\"4c3cf80\" data-element_type=\"widget\" data-e-type=\"widget\" data-settings=\"{&quot;ekit_we_effect_on&quot;:&quot;none&quot;}\" data-widget_type=\"heading.default\">\n\t\t\t\t<div class=\"elementor-widget-container\">\n\t\t\t\t\t<h2 class=\"elementor-heading-title elementor-size-default\">\u0110\u1eb7c tr\u01b0ng<\/h2>\t\t\t\t<\/div>\n\t\t\t\t<\/div>\n\t\t\t\t<div class=\"elementor-element elementor-element-1af4cc68 elementor-widget__width-initial elementor-widget elementor-widget-text-editor\" data-id=\"1af4cc68\" data-element_type=\"widget\" data-e-type=\"widget\" data-settings=\"{&quot;ekit_we_effect_on&quot;:&quot;none&quot;}\" data-widget_type=\"text-editor.default\">\n\t\t\t\t<div class=\"elementor-widget-container\">\n\t\t\t\t\t\t\t\t\t<ul><li>B\u1ea3o v\u1ec7 qu\u00e1 \u00e1p \u0111\u00e1ng tin c\u1eady: T\u1ef1 \u0111\u1ed9ng qu\u1ea3n l\u00fd \u00e1p su\u1ea5t qu\u00e1 m\u1ee9c \u0111\u1ec3 b\u1ea3o v\u1ec7 thi\u1ebft b\u1ecb v\u00e0 \u0111\u1ea3m b\u1ea3o ho\u1ea1t \u0111\u1ed9ng \u1ed5n \u0111\u1ecbnh.<\/li><li>Hi\u1ec7u su\u1ea5t nhi\u1ec7t \u0111\u1ed9 cao: \u0110\u01b0\u1ee3c thi\u1ebft k\u1ebf cho m\u00f4i tr\u01b0\u1eddng l\u00ean t\u1edbi 350\u00b0C, r\u1ea5t l\u00fd t\u01b0\u1edfng cho c\u00e1c \u1ee9ng d\u1ee5ng h\u01a1i n\u01b0\u1edbc v\u00e0 kh\u00ed.<\/li><li>\u0110\u1ed9 k\u00edn v\u00e0 \u0111\u1ed9 b\u1ec1n v\u01b0\u1ee3t tr\u1ed9i: K\u1ebft h\u1ee3p m\u1ed9t th\u00e2n duy nh\u1ea5t v\u1edbi c\u00e1c thanh d\u1eabn k\u00e9p v\u00e0 m\u1ed9t vi\u00ean bi \u1edf gi\u1eefa \u0111\u1ec3 c\u00f3 \u0111\u1ed9 k\u00edn tuy\u1ec7t v\u1eddi v\u00e0 \u0111\u1ed9 b\u1ec1n k\u00e9o d\u00e0i.<\/li><li>\u1ee8ng d\u1ee5ng \u0111a d\u1ea1ng: C\u00f3 hi\u1ec7u qu\u1ea3 trong nhi\u1ec1u l\u0129nh v\u1ef1c kh\u00e1c nhau bao g\u1ed3m h\u00f3a ch\u1ea5t, h\u00f3a d\u1ea7u, khai th\u00e1c than v\u00e0 ph\u00e1t \u0111i\u1ec7n.<\/li><li>\u0110i\u1ec1u ch\u1ec9nh v\u00e0 b\u1ea3o tr\u00ec hi\u1ec7u qu\u1ea3: C\u00f3 ph\u1ea1m vi \u0111i\u1ec1u ch\u1ec9nh l\u00f2 xo r\u1ed9ng v\u00e0 thi\u1ebft k\u1ebf gi\u00fap gi\u1ea3m thi\u1ec3u nhu c\u1ea7u b\u1ea3o tr\u00ec.<\/li><li>L\u1ef1a ch\u1ecdn v\u1eadt li\u1ec7u b\u1ec1n b\u1ec9: C\u00f3 s\u1eb5n c\u00e1c v\u1eadt li\u1ec7u b\u1ec1n b\u1ec9 nh\u01b0 th\u00e9p \u0111\u00fac, th\u00e9p kh\u00f4ng g\u1ec9 v\u00e0 th\u00e9p h\u1ee3p kim cho nhi\u1ec1u \u1ee9ng d\u1ee5ng c\u00f4ng nghi\u1ec7p kh\u00e1c nhau.\u00a0\u00a0<\/li><\/ul>\t\t\t\t\t\t\t\t<\/div>\n\t\t\t\t<\/div>\n\t\t\t\t<\/div>\n\t\t\t\t<div class=\"elementor-element elementor-element-8e57110 elementor-widget elementor-widget-image\" data-id=\"8e57110\" data-element_type=\"widget\" data-e-type=\"widget\" data-settings=\"{&quot;ekit_we_effect_on&quot;:&quot;none&quot;}\" data-widget_type=\"image.default\">\n\t\t\t\t<div class=\"elementor-widget-container\">\n\t\t\t\t\t\t\t\t\t\t\t\t\t\t\t<img fetchpriority=\"high\" decoding=\"async\" width=\"1024\" height=\"1024\" src=\"https:\/\/www.delcofluid.com\/wp-content\/uploads\/2024\/07\/5-4-1024x1024.jpg\" class=\"attachment-large size-large wp-image-6656\" alt=\"Safety Valve\" srcset=\"https:\/\/www.delcofluid.com\/wp-content\/uploads\/2024\/07\/5-4-1024x1024.jpg 1024w, https:\/\/www.delcofluid.com\/wp-content\/uploads\/2024\/07\/5-4-300x300.jpg 300w, https:\/\/www.delcofluid.com\/wp-content\/uploads\/2024\/07\/5-4-150x150.jpg 150w, https:\/\/www.delcofluid.com\/wp-content\/uploads\/2024\/07\/5-4-768x768.jpg 768w, https:\/\/www.delcofluid.com\/wp-content\/uploads\/2024\/07\/5-4-1536x1536.jpg 1536w, https:\/\/www.delcofluid.com\/wp-content\/uploads\/2024\/07\/5-4-2048x2048.jpg 2048w, https:\/\/www.delcofluid.com\/wp-content\/uploads\/2024\/07\/5-4-600x600.jpg 600w, https:\/\/www.delcofluid.com\/wp-content\/uploads\/2024\/07\/5-4-100x100.jpg 100w\" sizes=\"(max-width: 1024px) 100vw, 1024px\" \/>\t\t\t\t\t\t\t\t\t\t\t\t\t\t\t<\/div>\n\t\t\t\t<\/div>\n\t\t\t\t<\/div>\n\t\t<div class=\"elementor-element elementor-element-a55eeda e-flex e-con-boxed e-con e-parent\" data-id=\"a55eeda\" data-element_type=\"container\" data-e-type=\"container\" data-settings=\"{&quot;background_background&quot;:&quot;classic&quot;,&quot;ekit_has_onepagescroll_dot&quot;:&quot;yes&quot;}\">\n\t\t\t\t\t<div class=\"e-con-inner\">\n\t\t\t\t<div class=\"elementor-element elementor-element-585e9d9 elementor-widget elementor-widget-heading\" data-id=\"585e9d9\" data-element_type=\"widget\" data-e-type=\"widget\" data-settings=\"{&quot;ekit_we_effect_on&quot;:&quot;none&quot;}\" data-widget_type=\"heading.default\">\n\t\t\t\t<div class=\"elementor-widget-container\">\n\t\t\t\t\t<h2 class=\"elementor-heading-title elementor-size-default\">Th\u00f4ng s\u1ed1 k\u1ef9 thu\u1eadt<\/h2>\t\t\t\t<\/div>\n\t\t\t\t<\/div>\n\t\t\t\t\t<\/div>\n\t\t\t\t<\/div>\n\t\t<div class=\"elementor-element elementor-element-3414eb9 e-con-full e-flex e-con e-parent\" data-id=\"3414eb9\" data-element_type=\"container\" data-e-type=\"container\" data-settings=\"{&quot;background_background&quot;:&quot;classic&quot;,&quot;ekit_has_onepagescroll_dot&quot;:&quot;yes&quot;}\">\n\t\t\t\t<div class=\"elementor-element elementor-element-13df62f elementor-widget__width-initial elementor-widget elementor-widget-text-editor\" data-id=\"13df62f\" data-element_type=\"widget\" data-e-type=\"widget\" data-settings=\"{&quot;ekit_we_effect_on&quot;:&quot;none&quot;}\" data-widget_type=\"text-editor.default\">\n\t\t\t\t<div class=\"elementor-widget-container\">\n\t\t\t\t\t\t\t\t\t<table width=\"855\">\n<tbody>\n<tr>\n<td width=\"159\">Ph\u1ea1m vi k\u00edch th\u01b0\u1edbc:<\/td>\n<td width=\"205\">3\/4\u201d \u0111\u1ebfn 16\u201d<\/td>\n<td width=\"146\">V\u1eadt li\u1ec7u:<\/td>\n<td width=\"345\">WCB, CF8M<\/td>\n<\/tr>\n<tr>\n<td width=\"159\">Ph\u1ea1m vi \u00e1p su\u1ea5t:<\/td>\n<td>&nbsp;1,6MPa \u0111\u1ebfn 4MPa<br><\/td>\n<td width=\"146\">Gh\u1ebf van:<\/td>\n<td width=\"345\">ZG2Cr13<\/td>\n<\/tr>\n<tr>\n<td width=\"159\">B\u1ea3o h\u00e0nh\uff1a<\/td>\n<td width=\"205\">12 con b\u01b0\u1edbm \u0111\u00eam<\/td>\n<td width=\"146\">&nbsp;\u0110\u0129a van:<\/td>\n<td width=\"345\">2Cr13<\/td>\n<\/tr>\n<tr>\n<td width=\"159\">Th\u00e2n van:<\/td>\n<td width=\"205\">WCB<\/td>\n<td width=\"146\">M\u00f9a xu\u00e2n<\/td>\n<td width=\"345\">50CrVA<\/td>\n<\/tr>\n<\/tbody>\n<\/table>\t\t\t\t\t\t\t\t<\/div>\n\t\t\t\t<\/div>\n\t\t\t\t<\/div>\n\t\t<div class=\"elementor-element elementor-element-daef6c8 e-con-full e-flex e-con e-parent\" data-id=\"daef6c8\" data-element_type=\"container\" data-e-type=\"container\" data-settings=\"{&quot;ekit_has_onepagescroll_dot&quot;:&quot;yes&quot;}\">\n\t\t\t\t<div class=\"elementor-element elementor-element-52ddb61 elementor-widget elementor-widget-heading\" data-id=\"52ddb61\" data-element_type=\"widget\" data-e-type=\"widget\" data-settings=\"{&quot;ekit_we_effect_on&quot;:&quot;none&quot;}\" data-widget_type=\"heading.default\">\n\t\t\t\t<div class=\"elementor-widget-container\">\n\t\t\t\t\t<h2 class=\"elementor-heading-title elementor-size-default\">\u1ee8ng d\u1ee5ng<\/h2>\t\t\t\t<\/div>\n\t\t\t\t<\/div>\n\t\t\t\t<div class=\"elementor-element elementor-element-ac1034b elementor-widget elementor-widget-text-editor\" data-id=\"ac1034b\" data-element_type=\"widget\" data-e-type=\"widget\" data-settings=\"{&quot;ekit_we_effect_on&quot;:&quot;none&quot;}\" data-widget_type=\"text-editor.default\">\n\t\t\t\t<div class=\"elementor-widget-container\">\n\t\t\t\t\t\t\t\t\t<p>\u00a0Ng\u00e0nh c\u00f4ng nghi\u1ec7p h\u00f3a ch\u1ea5t: Trong ng\u00e0nh c\u00f4ng nghi\u1ec7p h\u00f3a ch\u1ea5t, van an to\u00e0n r\u1ea5t c\u1ea7n thi\u1ebft \u0111\u1ec3 ki\u1ec3m so\u00e1t \u00e1p su\u1ea5t d\u01b0 th\u1eeba trong h\u1ec7 th\u1ed1ng x\u1eed l\u00fd, b\u1ea3o v\u1ec7 ph\u1ea3n \u1ee9ng, l\u01b0u tr\u1eef v\u00e0 v\u1eadn chuy\u1ec3n.<br \/>Ng\u00e0nh c\u00f4ng nghi\u1ec7p h\u00f3a d\u1ea7u: Trong c\u00e1c ho\u1ea1t \u0111\u1ed9ng h\u00f3a d\u1ea7u, c\u00e1c van n\u00e0y b\u1ea3o v\u1ec7 thi\u1ebft b\u1ecb li\u00ean quan \u0111\u1ebfn vi\u1ec7c khai th\u00e1c, l\u1ecdc v\u00e0 x\u1eed l\u00fd c\u00e1c s\u1ea3n ph\u1ea9m d\u1ea7u m\u1ecf b\u1eb1ng c\u00e1ch ki\u1ec3m so\u00e1t \u00e1p su\u1ea5t v\u00e0 nhi\u1ec7t \u0111\u1ed9 kh\u1eafc nghi\u1ec7t.<br \/>Ng\u00e0nh khai th\u00e1c than: \u0110\u1ed1i v\u1edbi khai th\u00e1c than, van an to\u00e0n \u0111\u00f3ng vai tr\u00f2 quan tr\u1ecdng trong vi\u1ec7c duy tr\u00ec an to\u00e0n tr\u00ean to\u00e0n b\u1ed9 h\u1ec7 th\u1ed1ng th\u00f4ng gi\u00f3, ch\u1ebf bi\u1ebfn v\u00e0 v\u1eadn chuy\u1ec3n b\u1eb1ng c\u00e1ch \u0111i\u1ec1u ch\u1ec9nh \u00e1p su\u1ea5t hi\u1ec7u qu\u1ea3.<br \/>Ng\u00e0nh s\u1ea3n xu\u1ea5t \u0111i\u1ec7n: Trong s\u1ea3n xu\u1ea5t \u0111i\u1ec7n, van an to\u00e0n \u0111\u1ea3m b\u1ea3o ho\u1ea1t \u0111\u1ed9ng an to\u00e0n c\u1ee7a l\u00f2 h\u01a1i, tua bin v\u00e0 c\u00e1c b\u1ed9 ph\u1eadn \u00e1p su\u1ea5t cao kh\u00e1c b\u1eb1ng c\u00e1ch qu\u1ea3n l\u00fd \u00e1p su\u1ea5t h\u1ec7 th\u1ed1ng.<\/p>\t\t\t\t\t\t\t\t<\/div>\n\t\t\t\t<\/div>\n\t\t\t\t<\/div>\n\t\t\t\t<\/div>","protected":false},"excerpt":{"rendered":"<p>Van an to\u00e0n l\u00e0 van t\u1ef1 \u0111\u1ed9ng \u0111\u01b0\u1ee3c thi\u1ebft k\u1ebf \u0111\u1ec3 \u0111i\u1ec1u ch\u1ec9nh v\u00e0 gi\u1ea3i ph\u00f3ng \u00e1p su\u1ea5t d\u01b0 th\u1eeba trong h\u1ec7 th\u1ed1ng, khi\u1ebfn n\u00f3 tr\u1edf n\u00ean quan tr\u1ecdng trong vi\u1ec7c x\u1eed l\u00fd nhi\u1ec1u lo\u1ea1i kh\u00ed v\u00e0 ch\u1ea5t l\u1ecfng trong \u0111i\u1ec1u ki\u1ec7n \u00e1p su\u1ea5t cao v\u00e0 nhi\u1ec7t \u0111\u1ed9 cao. Ban \u0111\u1ea7u \u0111\u01b0\u1ee3c ph\u00e1t tri\u1ec3n trong cu\u1ed9c C\u00e1ch m\u1ea1ng C\u00f4ng nghi\u1ec7p \u0111\u1ec3 gi\u1ea3i quy\u1ebft c\u00e1c s\u1ef1 c\u1ed1 n\u1ed5 c\u1ee7a n\u1ed3i h\u01a1i h\u01a1i n\u01b0\u1edbc do thi\u1ebfu c\u01a1 ch\u1ebf an to\u00e0n, van an to\u00e0n k\u1ec3 t\u1eeb \u0111\u00f3 \u0111\u00e3 tr\u1edf n\u00ean thi\u1ebft y\u1ebfu \u0111\u1ec3 b\u1ea3o v\u1ec7 b\u00ecnh ch\u1ecbu \u00e1p su\u1ea5t (c\u1ea3 \u0111\u1ed1t v\u00e0 kh\u00f4ng \u0111\u1ed1t) v\u00e0 b\u1ed9 trao \u0111\u1ed5i nhi\u1ec7t. Ng\u00e0y nay, van an to\u00e0n ch\u1ee7 y\u1ebfu \u0111\u01b0\u1ee3c s\u1eed d\u1ee5ng trong c\u00e1c \u1ee9ng d\u1ee5ng nh\u01b0 n\u1ed3i h\u01a1i, b\u00ecnh ch\u1ecbu \u00e1p su\u1ea5t v\u00e0 h\u1ec7 th\u1ed1ng \u0111\u01b0\u1eddng \u1ed1ng \u0111\u1ec3 b\u1ea3o v\u1ec7 an to\u00e0n c\u00e1 nh\u00e2n v\u00e0 \u0111\u1ea3m b\u1ea3o thi\u1ebft b\u1ecb ho\u1ea1t \u0111\u1ed9ng \u1ed5n \u0111\u1ecbnh.<\/p>\n<p>Van an to\u00e0n l\u00f2 xo gang l\u00e0 lo\u1ea1i van an to\u00e0n th\u00f4ng d\u1ee5ng, \u0111\u01b0\u1ee3c bi\u1ebft \u0111\u1ebfn v\u1edbi k\u1ebft c\u1ea5u gang b\u1ec1n v\u00e0 thi\u1ebft k\u1ebf l\u00f2 xo hi\u1ec7u qu\u1ea3. Lo\u1ea1i van an to\u00e0n n\u00e0y \u0111\u01b0\u1ee3c s\u1eed d\u1ee5ng r\u1ed9ng r\u00e3i trong nhi\u1ec1u \u1ee9ng d\u1ee5ng c\u00f4ng nghi\u1ec7p kh\u00e1c nhau do \u0111\u1ed9 b\u1ec1n v\u00e0 hi\u1ec7u qu\u1ea3 trong vi\u1ec7c qu\u1ea3n l\u00fd c\u00e1c t\u00ecnh hu\u1ed1ng qu\u00e1 \u00e1p, do \u0111\u00f3 ng\u0103n ng\u1eeba c\u00e1c m\u1ed1i nguy hi\u1ec3m ti\u1ec1m \u1ea9n v\u1ec1 an to\u00e0n v\u00e0 \u0111\u1ea3m b\u1ea3o hi\u1ec7u su\u1ea5t \u0111\u00e1ng tin c\u1eady c\u1ee7a c\u00e1c h\u1ec7 th\u1ed1ng c\u00f4ng nghi\u1ec7p.<\/p>\n<p>Model: Van an to\u00e0n<br \/>\nPh\u1ea1m vi k\u00edch th\u01b0\u1edbc: 3\/4\u201d \u0111\u1ebfn 16\u201d<br \/>\nPh\u1ea1m vi \u00e1p su\u1ea5t: 1,6MPa \u0111\u1ebfn 4MPa<br \/>\nV\u1eadt li\u1ec7u: WCB, CF8M<\/p>\n<p>&nbsp;<\/p>\n<p>&nbsp;<\/p>","protected":false},"featured_media":7162,"template":"","meta":{"site-sidebar-layout":"default","site-content-layout":"","ast-site-content-layout":"default","site-content-style":"default","site-sidebar-style":"default","ast-global-header-display":"","ast-banner-title-visibility":"","ast-main-header-display":"","ast-hfb-above-header-display":"","ast-hfb-below-header-display":"","ast-hfb-mobile-header-display":"","site-post-title":"","ast-breadcrumbs-content":"","ast-featured-img":"","footer-sml-layout":"","ast-disable-related-posts":"","theme-transparent-header-meta":"default","adv-header-id-meta":"","stick-header-meta":"","header-above-stick-meta":"","header-main-stick-meta":"","header-below-stick-meta":"","astra-migrate-meta-layouts":"set","ast-page-background-enabled":"default","ast-page-background-meta":{"desktop":{"background-color":"var(--ast-global-color-4)","background-image":"","background-repeat":"repeat","background-position":"center center","background-size":"auto","background-attachment":"scroll","background-type":"","background-media":"","overlay-type":"","overlay-color":"","overlay-opacity":"","overlay-gradient":""},"tablet":{"background-color":"","background-image":"","background-repeat":"repeat","background-position":"center center","background-size":"auto","background-attachment":"scroll","background-type":"","background-media":"","overlay-type":"","overlay-color":"","overlay-opacity":"","overlay-gradient":""},"mobile":{"background-color":"","background-image":"","background-repeat":"repeat","background-position":"center center","background-size":"auto","background-attachment":"scroll","background-type":"","background-media":"","overlay-type":"","overlay-color":"","overlay-opacity":"","overlay-gradient":""}},"ast-content-background-meta":{"desktop":{"background-color":"var(--ast-global-color-5)","background-image":"","background-repeat":"repeat","background-position":"center center","background-size":"auto","background-attachment":"scroll","background-type":"","background-media":"","overlay-type":"","overlay-color":"","overlay-opacity":"","overlay-gradient":""},"tablet":{"background-color":"var(--ast-global-color-5)","background-image":"","background-repeat":"repeat","background-position":"center center","background-size":"auto","background-attachment":"scroll","background-type":"","background-media":"","overlay-type":"","overlay-color":"","overlay-opacity":"","overlay-gradient":""},"mobile":{"background-color":"var(--ast-global-color-5)","background-image":"","background-repeat":"repeat","background-position":"center center","background-size":"auto","background-attachment":"scroll","background-type":"","background-media":"","overlay-type":"","overlay-color":"","overlay-opacity":"","overlay-gradient":""}}},"product_brand":[],"product_cat":[33,709],"product_tag":[689,690,688,684,691,56],"class_list":{"0":"post-6646","1":"product","2":"type-product","3":"status-publish","4":"has-post-thumbnail","6":"product_cat-products","7":"product_cat-safety-valve","8":"product_tag-cast-iron-safety-valve","9":"product_tag-full-lift-valve","10":"product_tag-male-threaded-safety-valve","11":"product_tag-safety-valve","12":"product_tag-threaded-safety-valve","13":"product_tag-valves","14":"desktop-align-center","15":"tablet-align-left","16":"mobile-align-left","18":"first","19":"instock","20":"shipping-taxable","21":"product-type-simple"},"_links":{"self":[{"href":"https:\/\/www.delcofluid.com\/vi\/wp-json\/wp\/v2\/product\/6646","targetHints":{"allow":["GET"]}}],"collection":[{"href":"https:\/\/www.delcofluid.com\/vi\/wp-json\/wp\/v2\/product"}],"about":[{"href":"https:\/\/www.delcofluid.com\/vi\/wp-json\/wp\/v2\/types\/product"}],"version-history":[{"count":0,"href":"https:\/\/www.delcofluid.com\/vi\/wp-json\/wp\/v2\/product\/6646\/revisions"}],"wp:featuredmedia":[{"embeddable":true,"href":"https:\/\/www.delcofluid.com\/vi\/wp-json\/wp\/v2\/media\/7162"}],"wp:attachment":[{"href":"https:\/\/www.delcofluid.com\/vi\/wp-json\/wp\/v2\/media?parent=6646"}],"wp:term":[{"taxonomy":"product_brand","embeddable":true,"href":"https:\/\/www.delcofluid.com\/vi\/wp-json\/wp\/v2\/product_brand?post=6646"},{"taxonomy":"product_cat","embeddable":true,"href":"https:\/\/www.delcofluid.com\/vi\/wp-json\/wp\/v2\/product_cat?post=6646"},{"taxonomy":"product_tag","embeddable":true,"href":"https:\/\/www.delcofluid.com\/vi\/wp-json\/wp\/v2\/product_tag?post=6646"}],"curies":[{"name":"wp","href":"https:\/\/api.w.org\/{rel}","templated":true}]}}