{"id":6674,"date":"2024-07-09T07:36:38","date_gmt":"2024-07-09T06:36:38","guid":{"rendered":"https:\/\/www.delcofluid.com\/?post_type=product&#038;p=6674"},"modified":"2024-08-12T07:26:00","modified_gmt":"2024-08-12T06:26:00","slug":"stainless-steel-flange-pressure-reducing-valve","status":"publish","type":"product","link":"https:\/\/www.delcofluid.com\/vi\/san-pham\/stainless-steel-flange-pressure-reducing-valve\/","title":{"rendered":"Van gi\u1ea3m \u00e1p m\u1eb7t b\u00edch th\u00e9p kh\u00f4ng g\u1ec9"},"content":{"rendered":"<div data-elementor-type=\"product-post\" data-elementor-id=\"6674\" class=\"elementor elementor-6674\" data-elementor-post-type=\"product\">\n\t\t\t\t<div class=\"elementor-element elementor-element-6fb59a60 e-con-full e-flex e-con e-parent\" data-id=\"6fb59a60\" data-element_type=\"container\" data-e-type=\"container\" data-settings=\"{&quot;ekit_has_onepagescroll_dot&quot;:&quot;yes&quot;}\">\n\t\t<div class=\"elementor-element elementor-element-b2e102c e-con-full e-flex e-con e-child\" data-id=\"b2e102c\" data-element_type=\"container\" data-e-type=\"container\" data-settings=\"{&quot;ekit_has_onepagescroll_dot&quot;:&quot;yes&quot;}\">\n\t\t\t\t<div class=\"elementor-element elementor-element-4c3cf80 elementor-widget elementor-widget-heading\" data-id=\"4c3cf80\" data-element_type=\"widget\" data-e-type=\"widget\" data-settings=\"{&quot;ekit_we_effect_on&quot;:&quot;none&quot;}\" data-widget_type=\"heading.default\">\n\t\t\t\t<div class=\"elementor-widget-container\">\n\t\t\t\t\t<h2 class=\"elementor-heading-title elementor-size-default\">\u0110\u1eb7c tr\u01b0ng<\/h2>\t\t\t\t<\/div>\n\t\t\t\t<\/div>\n\t\t\t\t<div class=\"elementor-element elementor-element-1af4cc68 elementor-widget__width-initial elementor-widget elementor-widget-text-editor\" data-id=\"1af4cc68\" data-element_type=\"widget\" data-e-type=\"widget\" data-settings=\"{&quot;ekit_we_effect_on&quot;:&quot;none&quot;}\" data-widget_type=\"text-editor.default\">\n\t\t\t\t<div class=\"elementor-widget-container\">\n\t\t\t\t\t\t\t\t\t<ul><li><span style=\"color: #000000\">\u0110i\u1ec1u ch\u1ec9nh \u00e1p su\u1ea5t: Van bi b\u00edch gi\u1ea3m \u00e1p b\u1eb1ng th\u00e9p kh\u00f4ng g\u1ec9 gi\u1ea3m \u00e1p su\u1ea5t \u0111\u1ea7u v\u00e0o cao xu\u1ed1ng \u00e1p su\u1ea5t \u0111\u1ea7u ra \u1ed5n \u0111\u1ecbnh b\u1eb1ng c\u00e1ch \u0111i\u1ec1u ch\u1ec9nh \u00e1p su\u1ea5t d\u00f2ng ch\u1ea3y c\u1ee7a m\u00f4i tr\u01b0\u1eddng \u0111\u1ec3 \u0111\u1ea3m b\u1ea3o h\u1ec7 th\u1ed1ng ho\u1ea1t \u0111\u1ed9ng \u1ed5n \u0111\u1ecbnh trong ph\u1ea1m vi an to\u00e0n.<\/span><\/li><li><span style=\"color: #000000\">Ph\u1ea1m vi ph\u01b0\u01a1ng ti\u1ec7n r\u1ed9ng: Th\u00edch h\u1ee3p cho n\u01b0\u1edbc, kh\u00ed n\u00e9n, kh\u00ed trung t\u00ednh v\u00e0 ch\u1ea5t l\u1ecfng kh\u00f4ng nh\u1edbt l\u00ean \u0111\u1ebfn 95\u00b0C. \u0110\u1eb7c bi\u1ec7t th\u00edch h\u1ee3p \u0111\u1ec3 x\u1eed l\u00fd \u0111\u01b0\u1eddng \u1ed1ng h\u01a1i c\u00f3 l\u01b0u l\u01b0\u1ee3ng v\u00e0 \u00e1p su\u1ea5t thay \u0111\u1ed5i l\u1edbn.<\/span><\/li><li><span style=\"color: #000000\">K\u1ebft n\u1ed1i m\u1eb7t b\u00edch ti\u00eau chu\u1ea9n: Thi\u1ebft k\u1ebf \u0111\u1ea7u m\u1eb7t b\u00edch theo ti\u00eau chu\u1ea9n EN 1092-2 gi\u00fap l\u1eafp \u0111\u1eb7t v\u00e0 th\u00e1o d\u1ee1 d\u1ec5 d\u00e0ng.<\/span><\/li><li><span style=\"color: #000000\">Thi\u1ebft k\u1ebf v\u00e0 \u0111i\u1ec1u khi\u1ec3n \u0111\u01b0\u1ee3c t\u1ed1i \u01b0u h\u00f3a: Thi\u1ebft k\u1ebf van th\u1eb3ng \u0111\u01b0\u1ee3c trang b\u1ecb c\u00e1c \u0111i\u1ec1u khi\u1ec3n t\u00f9y ch\u1ec9nh. Thi\u1ebft k\u1ebf piston van c\u00e2n b\u1eb1ng \u00e1p su\u1ea5t cung c\u1ea5p m\u00f4-men xo\u1eafn kh\u1edfi \u0111\u1ed9ng th\u1ea5p v\u00e0 \u0111\u1ea3m b\u1ea3o \u0111i\u1ec1u ch\u1ec9nh \u00e1p su\u1ea5t \u1ed5n \u0111\u1ecbnh.<\/span><\/li><li><span style=\"color: #000000\">\u0110\u1ed9 k\u00edn v\u00e0 \u0111\u1ed9 b\u1ec1n cao: C\u00e1c ph\u1edbt \u0111\u00e0n h\u1ed3i mang l\u1ea1i \u0111\u1ed9 b\u1ec1n cao \u1edf nh\u1eefng khu v\u1ef1c kh\u00f4ng c\u00f3 d\u00f2ng ch\u1ea3y; thanh d\u1eabn piston th\u00e2n \u0111\u01b0\u1ee3c l\u00e0m b\u1eb1ng \u0111\u1ed3ng thau gia c\u00f4ng vi m\u00f4 ch\u1ed1ng m\u00e0i m\u00f2n v\u00e0 \u0103n m\u00f2n, h\u00e0n ch\u1ed3ng l\u00ean nhau \u0111\u1ec3 ch\u1ed1ng th\u1ea5m.<\/span><\/li><li><span style=\"color: #000000\">Kh\u1ea3 n\u0103ng t\u1ef1 \u0111i\u1ec1u ch\u1ec9nh \u00e1p su\u1ea5t: T\u1ef1 \u0111i\u1ec1u ch\u1ec9nh \u00e1p su\u1ea5t, v\u1edbi ch\u00eanh l\u1ec7ch \u00e1p su\u1ea5t t\u1ed1i thi\u1ec3u l\u00e0 2 bar \u0111\u1ec3 t\u1ea1o ra m\u00f4-men xo\u1eafn c\u1ea7n thi\u1ebft cho ho\u1ea1t \u0111\u1ed9ng, duy tr\u00ec \u00e1p su\u1ea5t \u0111\u1ea7u ra \u1ed5n \u0111\u1ecbnh, kh\u00f4ng ph\u1ee5 thu\u1ed9c v\u00e0o \u00e1p su\u1ea5t \u0111\u1ea7u v\u00e0o v\u00e0 bi\u1ebfn \u0111\u1ed9ng l\u01b0u l\u01b0\u1ee3ng.<\/span><\/li><\/ul>\t\t\t\t\t\t\t\t<\/div>\n\t\t\t\t<\/div>\n\t\t\t\t<\/div>\n\t\t\t\t<div class=\"elementor-element elementor-element-8e57110 elementor-widget elementor-widget-image\" data-id=\"8e57110\" data-element_type=\"widget\" data-e-type=\"widget\" data-settings=\"{&quot;ekit_we_effect_on&quot;:&quot;none&quot;}\" data-widget_type=\"image.default\">\n\t\t\t\t<div class=\"elementor-widget-container\">\n\t\t\t\t\t\t\t\t\t\t\t\t\t\t\t<img fetchpriority=\"high\" decoding=\"async\" width=\"768\" height=\"759\" src=\"https:\/\/www.delcofluid.com\/wp-content\/uploads\/2024\/03\/product-finder-graphic-3-x900.jpg\" class=\"attachment-large size-large wp-image-2576\" alt=\"Solenoid Valves\" srcset=\"https:\/\/www.delcofluid.com\/wp-content\/uploads\/2024\/03\/product-finder-graphic-3-x900.jpg 768w, https:\/\/www.delcofluid.com\/wp-content\/uploads\/2024\/03\/product-finder-graphic-3-x900-100x100.jpg 100w, https:\/\/www.delcofluid.com\/wp-content\/uploads\/2024\/03\/product-finder-graphic-3-x900-600x593.jpg 600w, https:\/\/www.delcofluid.com\/wp-content\/uploads\/2024\/03\/product-finder-graphic-3-x900-300x296.jpg 300w\" sizes=\"(max-width: 768px) 100vw, 768px\" \/>\t\t\t\t\t\t\t\t\t\t\t\t\t\t\t<\/div>\n\t\t\t\t<\/div>\n\t\t\t\t<\/div>\n\t\t<div class=\"elementor-element elementor-element-a55eeda e-flex e-con-boxed e-con e-parent\" data-id=\"a55eeda\" data-element_type=\"container\" data-e-type=\"container\" data-settings=\"{&quot;background_background&quot;:&quot;classic&quot;,&quot;ekit_has_onepagescroll_dot&quot;:&quot;yes&quot;}\">\n\t\t\t\t\t<div class=\"e-con-inner\">\n\t\t\t\t<div class=\"elementor-element elementor-element-585e9d9 elementor-widget elementor-widget-heading\" data-id=\"585e9d9\" data-element_type=\"widget\" data-e-type=\"widget\" data-settings=\"{&quot;ekit_we_effect_on&quot;:&quot;none&quot;}\" data-widget_type=\"heading.default\">\n\t\t\t\t<div class=\"elementor-widget-container\">\n\t\t\t\t\t<h2 class=\"elementor-heading-title elementor-size-default\">Th\u00f4ng s\u1ed1 k\u1ef9 thu\u1eadt<\/h2>\t\t\t\t<\/div>\n\t\t\t\t<\/div>\n\t\t\t\t\t<\/div>\n\t\t\t\t<\/div>\n\t\t<div class=\"elementor-element elementor-element-3414eb9 e-con-full e-flex e-con e-parent\" data-id=\"3414eb9\" data-element_type=\"container\" data-e-type=\"container\" data-settings=\"{&quot;background_background&quot;:&quot;classic&quot;,&quot;ekit_has_onepagescroll_dot&quot;:&quot;yes&quot;}\">\n\t\t\t\t<div class=\"elementor-element elementor-element-13df62f elementor-widget__width-initial elementor-widget elementor-widget-text-editor\" data-id=\"13df62f\" data-element_type=\"widget\" data-e-type=\"widget\" data-settings=\"{&quot;ekit_we_effect_on&quot;:&quot;none&quot;}\" data-widget_type=\"text-editor.default\">\n\t\t\t\t<div class=\"elementor-widget-container\">\n\t\t\t\t\t\t\t\t\t<table width=\"855\">\n<tbody>\n<tr>\n<td width=\"159\"><span style=\"color: #000000\">M\u1ee5c:<\/span><\/td>\n<td width=\"205\"><span style=\"color: #000000\">&nbsp;Van gi\u1ea3m \u00e1p<\/span><\/td>\n<td width=\"146\"><span style=\"color: #000000\">V\u1eadt li\u1ec7u:<\/span><\/td>\n<td width=\"345\"><span style=\"color: #000000\">Th\u00e9p kh\u00f4ng g\u1ec9,&nbsp;<\/span><span style=\"color: #000000\">Th\u00e9p cacbon, gang<\/span><\/td>\n<\/tr>\n<tr>\n<td width=\"159\"><span style=\"color: #000000\">Ph\u1ea1m vi \u00e1p su\u1ea5t:<\/span><\/td>\n<td><span style=\"color: #000000\">1,6\uff5e6,4MPa<\/span><\/td>\n<td width=\"146\"><span style=\"color: #000000\">Gh\u1ebf van:<\/span><\/td>\n<td width=\"345\"><span style=\"color: #000000\">2Cr13<\/span><\/td>\n<\/tr>\n<tr>\n<td width=\"159\"><span style=\"color: #000000\">B\u1ea3o h\u00e0nh\uff1a<\/span><\/td>\n<td width=\"205\"><span style=\"color: #000000\">12 con b\u01b0\u1edbm \u0111\u00eam<\/span><\/td>\n<td width=\"146\"><span style=\"color: #000000\">&nbsp;\u0110\u0129a van:<\/span><\/td>\n<td width=\"345\"><span style=\"color: #000000\">2Cr13<\/span><\/td>\n<\/tr>\n<tr>\n<td width=\"159\"><span style=\"color: #000000\">Th\u00e2n van:<\/span><\/td>\n<td width=\"205\"><font color=\"#000000\">Th\u00e9p kh\u00f4ng g\u1ec9<\/font><\/td>\n<td width=\"146\"><span style=\"color: #000000\">S\u1ef1 li\u00ean quan:<\/span><\/td>\n<td width=\"345\"><span style=\"color: #000000\">M\u1eb7t b\u00edch<\/span><\/td>\n<\/tr>\n<\/tbody>\n<\/table>\t\t\t\t\t\t\t\t<\/div>\n\t\t\t\t<\/div>\n\t\t\t\t<\/div>\n\t\t<div class=\"elementor-element elementor-element-daef6c8 e-con-full e-flex e-con e-parent\" data-id=\"daef6c8\" data-element_type=\"container\" data-e-type=\"container\" data-settings=\"{&quot;ekit_has_onepagescroll_dot&quot;:&quot;yes&quot;}\">\n\t\t\t\t<div class=\"elementor-element elementor-element-52ddb61 elementor-widget elementor-widget-heading\" data-id=\"52ddb61\" data-element_type=\"widget\" data-e-type=\"widget\" data-settings=\"{&quot;ekit_we_effect_on&quot;:&quot;none&quot;}\" data-widget_type=\"heading.default\">\n\t\t\t\t<div class=\"elementor-widget-container\">\n\t\t\t\t\t<h2 class=\"elementor-heading-title elementor-size-default\">\u1ee8ng d\u1ee5ng<\/h2>\t\t\t\t<\/div>\n\t\t\t\t<\/div>\n\t\t\t\t<div class=\"elementor-element elementor-element-ac1034b elementor-widget elementor-widget-text-editor\" data-id=\"ac1034b\" data-element_type=\"widget\" data-e-type=\"widget\" data-settings=\"{&quot;ekit_we_effect_on&quot;:&quot;none&quot;}\" data-widget_type=\"text-editor.default\">\n\t\t\t\t<div class=\"elementor-widget-container\">\n\t\t\t\t\t\t\t\t\t<p><span style=\"color: #000000\">\u0110i\u1ec1u ch\u1ec9nh \u00e1p su\u1ea5t \u0111\u01b0\u1eddng \u1ed1ng:<\/span><br \/><span style=\"color: #000000\">\u0110i\u1ec1u ch\u1ec9nh \u00e1p su\u1ea5t trong h\u1ec7 th\u1ed1ng \u0111\u01b0\u1eddng \u1ed1ng h\u01a1i n\u01b0\u1edbc v\u00e0 kh\u00ed, c\u0169ng nh\u01b0 \u0111i\u1ec1u ch\u1ec9nh \u00e1p su\u1ea5t n\u01b0\u1edbc trong h\u1ec7 th\u1ed1ng cung c\u1ea5p \u0111\u1ec3 \u0111\u1ea3m b\u1ea3o ho\u1ea1t \u0111\u1ed9ng an to\u00e0n, \u1ed5n \u0111\u1ecbnh v\u00e0 hi\u1ec7u qu\u1ea3.<\/span><br \/><span style=\"color: #000000\">Thi\u1ebft b\u1ecb c\u00f4ng nghi\u1ec7p:<\/span><br \/><span style=\"color: #000000\">Cung c\u1ea5p \u00e1p su\u1ea5t trung b\u00ecnh \u1ed5n \u0111\u1ecbnh cho m\u1ecdi lo\u1ea1i thi\u1ebft b\u1ecb c\u00f4ng nghi\u1ec7p \u0111\u1ec3 \u0111\u1ea3m b\u1ea3o qu\u00e1 tr\u00ecnh s\u1ea3n xu\u1ea5t di\u1ec5n ra b\u00ecnh th\u01b0\u1eddng.<\/span><br \/><span style=\"color: #000000\">Ng\u00e0nh c\u00f4ng nghi\u1ec7p h\u00f3a ch\u1ea5t:<\/span><br \/><span style=\"color: #000000\">\u0110i\u1ec1u ch\u1ec9nh \u00e1p su\u1ea5t trong l\u00f2 ph\u1ea3n \u1ee9ng h\u00f3a h\u1ecdc v\u00e0 b\u1ec3 ch\u1ee9a \u0111\u1ec3 \u0111\u1ea3m b\u1ea3o quy tr\u00ecnh s\u1ea3n xu\u1ea5t an to\u00e0n v\u00e0 \u1ed5n \u0111\u1ecbnh.<\/span><br \/><span style=\"color: #000000\">Ng\u00e0nh c\u00f4ng nghi\u1ec7p h\u00f3a d\u1ea7u:<\/span><br \/><span style=\"color: #000000\">X\u1eed l\u00fd \u00e1p su\u1ea5t v\u00e0 nhi\u1ec7t \u0111\u1ed9 kh\u1eafc nghi\u1ec7t trong qu\u00e1 tr\u00ecnh l\u1ecdc v\u00e0 ch\u1ebf bi\u1ebfn d\u1ea7u m\u1ecf \u0111\u1ec3 b\u1ea3o v\u1ec7 thi\u1ebft b\u1ecb v\u00e0 h\u1ec7 th\u1ed1ng l\u01b0u tr\u1eef.<\/span><br \/><span style=\"color: #000000\">Ng\u00e0nh khai th\u00e1c than:<\/span><br \/><span style=\"color: #000000\">Duy tr\u00ec m\u1ee9c \u00e1p su\u1ea5t an to\u00e0n trong h\u1ec7 th\u1ed1ng th\u00f4ng gi\u00f3, x\u1eed l\u00fd v\u00e0 v\u1eadn chuy\u1ec3n trong ng\u00e0nh khai th\u00e1c than.<\/span><br \/><span style=\"color: #000000\">Ng\u00e0nh c\u00f4ng nghi\u1ec7p s\u1ea3n xu\u1ea5t \u0111i\u1ec7n:<\/span><br \/><span style=\"color: #000000\">\u0110i\u1ec1u ch\u1ec9nh v\u00e0 \u1ed5n \u0111\u1ecbnh h\u01a1i n\u01b0\u1edbc \u00e1p su\u1ea5t cao trong l\u00f2 h\u01a1i v\u00e0 tua bin \u0111\u1ec3 \u0111\u1ea3m b\u1ea3o ho\u1ea1t \u0111\u1ed9ng an to\u00e0n c\u1ee7a c\u00e1c c\u01a1 s\u1edf ph\u00e1t \u0111i\u1ec7n.<\/span><br \/><span style=\"color: #000000\">Ng\u00e0nh c\u00f4ng nghi\u1ec7p d\u01b0\u1ee3c ph\u1ea9m:<\/span><br \/><span style=\"color: #000000\">\u0110i\u1ec1u ch\u1ec9nh \u00e1p su\u1ea5t trong thi\u1ebft b\u1ecb s\u1ea3n xu\u1ea5t \u0111\u1ec3 \u0111\u1ea3m b\u1ea3o t\u00ednh \u1ed5n \u0111\u1ecbnh v\u00e0 an to\u00e0n trong su\u1ed1t qu\u00e1 tr\u00ecnh s\u1ea3n xu\u1ea5t d\u01b0\u1ee3c ph\u1ea9m.<\/span><br \/><span style=\"color: #000000\">Ng\u00e0nh th\u1ef1c ph\u1ea9m v\u00e0 \u0111\u1ed3 u\u1ed1ng:<\/span><br \/><span style=\"color: #000000\">Qu\u1ea3n l\u00fd \u00e1p su\u1ea5t trong quy tr\u00ecnh s\u1ea3n xu\u1ea5t th\u1ef1c ph\u1ea9m v\u00e0 \u0111\u1ed3 u\u1ed1ng \u0111\u1ec3 h\u1ed7 tr\u1ee3 hi\u1ec7u qu\u1ea3 ho\u1ea1t \u0111\u1ed9ng v\u00e0 \u0111\u1ea3m b\u1ea3o ch\u1ea5t l\u01b0\u1ee3ng s\u1ea3n ph\u1ea9m.<\/span><\/p>\t\t\t\t\t\t\t\t<\/div>\n\t\t\t\t<\/div>\n\t\t\t\t<\/div>\n\t\t\t\t<\/div>","protected":false},"excerpt":{"rendered":"<p><span style=\"color: #000000\">Van gi\u1ea3m \u00e1p b\u00edch th\u00e9p kh\u00f4ng g\u1ec9 l\u00e0 thi\u1ebft b\u1ecb \u0111i\u1ec1u khi\u1ec3n piston ho\u1ea1t \u0111\u1ed9ng b\u1eb1ng phi c\u00f4ng \u0111\u01b0\u1ee3c s\u1eed d\u1ee5ng \u0111\u1ec3 gi\u1ea3m v\u00e0 \u1ed5n \u0111\u1ecbnh \u00e1p su\u1ea5t trong h\u1ec7 th\u1ed1ng nh\u1eb1m \u0111\u1ea3m b\u1ea3o thi\u1ebft b\u1ecb v\u00e0 h\u1ec7 th\u1ed1ng ho\u1ea1t \u0111\u1ed9ng an to\u00e0n. Van \u0111\u01b0\u1ee3c thi\u1ebft k\u1ebf cho n\u01b0\u1edbc, kh\u00ed n\u00e9n, kh\u00ed trung t\u00ednh v\u00e0 ch\u1ea5t l\u1ecfng kh\u00f4ng nh\u1edbt l\u00ean \u0111\u1ebfn 95\u00b0C. Van ch\u1ee7 y\u1ebfu \u0111\u01b0\u1ee3c s\u1eed d\u1ee5ng tr\u00ean \u0111\u01b0\u1eddng \u1ed1ng h\u01a1i v\u00e0 \u0111\u1eb7c bi\u1ec7t ph\u00f9 h\u1ee3p v\u1edbi m\u00f4i tr\u01b0\u1eddng c\u00f3 l\u01b0u l\u01b0\u1ee3ng cao v\u00e0 th\u01b0\u1eddng xuy\u00ean thay \u0111\u1ed5i v\u00e0 \u00e1p su\u1ea5t \u0111\u1ea7u v\u00e0o dao \u0111\u1ed9ng \u0111\u00e1ng k\u1ec3.<\/span><\/p>\n<p><span style=\"color: #000000\">Van gi\u1ea3m \u00e1p n\u00e0y c\u00f3 thi\u1ebft k\u1ebf piston c\u00e2n b\u1eb1ng \u00e1p su\u1ea5t v\u1edbi m\u00f4-men xo\u1eafn kh\u1edfi \u0111\u1ed9ng th\u1ea5p, cho ph\u00e9p v\u1eadn h\u00e0nh \u1ed5n \u0111\u1ecbnh d\u01b0\u1edbi \u00e1p su\u1ea5t \u0111\u1ea7u v\u00e0o v\u00e0 l\u01b0u l\u01b0\u1ee3ng dao \u0111\u1ed9ng, v\u00e0 \u0111i\u1ec1u ch\u1ec9nh \u00e1p su\u1ea5t \u0111\u1ea7u v\u00e0o cao h\u01a1n th\u00e0nh \u00e1p su\u1ea5t \u0111\u1ea7u ra th\u1ea5p h\u01a1n kh\u00f4ng \u0111\u1ed5i. Thi\u1ebft k\u1ebf d\u1eabn h\u01b0\u1edbng \u0111\u1ed1i x\u1ee9ng quay v\u00e0 m\u1eb7t c\u1eaft h\u00ecnh khuy\u00ean c\u1ee7a n\u00f3 \u0111\u1ea3m b\u1ea3o hi\u1ec7u su\u1ea5t v\u1eadn h\u00e0nh tuy\u1ec7t v\u1eddi. Th\u00e2n van \u0111\u01b0\u1ee3c l\u00e0m b\u1eb1ng l\u1edbp ph\u1ee7 \u0111\u1ed3ng \u0111\u01b0\u1ee3c gia c\u00f4ng vi m\u00f4, c\u00f3 kh\u1ea3 n\u0103ng ch\u1ed1ng m\u00e0i m\u00f2n, ch\u1ed1ng \u0103n m\u00f2n v\u00e0 kh\u00f4ng th\u1ea5m n\u01b0\u1edbc. Ho\u1ea1t \u0111\u1ed9ng \u0111\u01b0\u1ee3c ki\u1ec3m so\u00e1t \u0111\u1ea1t \u0111\u01b0\u1ee3c b\u1eb1ng \u00e1p su\u1ea5t ch\u00eanh l\u1ec7ch c\u1ee7a ch\u00ednh m\u00f4i tr\u01b0\u1eddng, cung c\u1ea5p m\u00f4-men xo\u1eafn v\u1eadn h\u00e0nh c\u1ea7n thi\u1ebft. \u0110\u01b0\u1ee3c trang b\u1ecb \u0111\u00f2n b\u1ea9y tr\u1ecdng l\u01b0\u1ee3ng \u1ed5 tr\u1ee5c k\u00e9p \u0111\u1ec3 ng\u0103n ch\u1eb7n l\u1ef1c b\u00faa r\u01a1i truy\u1ec1n \u0111\u1ebfn \u1ed5 tr\u1ee5c van. Thi\u1ebft k\u1ebf m\u00f4-\u0111un c\u1ee7a b\u00faa r\u01a1i c\u00f3 th\u1ec3 \u0111\u01b0\u1ee3c t\u00f9y ch\u1ec9nh v\u00e0 \u0111i\u1ec1u ch\u1ec9nh \u0111\u1ec3 ph\u00f9 h\u1ee3p v\u1edbi c\u00e1c \u0111i\u1ec1u ki\u1ec7n v\u1eadn h\u00e0nh, l\u00e0m cho n\u00f3 ph\u00f9 h\u1ee3p v\u1edbi nhi\u1ec1u t\u00ecnh hu\u1ed1ng kh\u00e1c nhau nh\u01b0 \u0111\u01b0\u1eddng \u1ed1ng d\u1eabn kh\u00ed, \u0111\u01b0\u1eddng \u1ed1ng d\u1eabn h\u01a1i n\u01b0\u1edbc v\u00e0 \u0111\u01b0\u1eddng \u1ed1ng cung c\u1ea5p n\u01b0\u1edbc.<\/span><\/p>\n<p><span style=\"color: #000000\">Model: Van gi\u1ea3m \u00e1p<\/span><br \/>\n<span style=\"color: #000000\">Ph\u1ea1m vi \u00e1p su\u1ea5t: 1.6\uff5e6.4MPa<\/span><br \/>\n<span style=\"color: #000000\">Ch\u1ea5t li\u1ec7u: Th\u00e9p kh\u00f4ng g\u1ec9 304\/316<\/span><\/p>\n<p>&nbsp;<\/p>\n<p>&nbsp;<\/p>","protected":false},"featured_media":7157,"template":"","meta":{"site-sidebar-layout":"default","site-content-layout":"","ast-site-content-layout":"default","site-content-style":"default","site-sidebar-style":"default","ast-global-header-display":"","ast-banner-title-visibility":"","ast-main-header-display":"","ast-hfb-above-header-display":"","ast-hfb-below-header-display":"","ast-hfb-mobile-header-display":"","site-post-title":"","ast-breadcrumbs-content":"","ast-featured-img":"","footer-sml-layout":"","ast-disable-related-posts":"","theme-transparent-header-meta":"default","adv-header-id-meta":"","stick-header-meta":"","header-above-stick-meta":"","header-main-stick-meta":"","header-below-stick-meta":"","astra-migrate-meta-layouts":"set","ast-page-background-enabled":"default","ast-page-background-meta":{"desktop":{"background-color":"var(--ast-global-color-4)","background-image":"","background-repeat":"repeat","background-position":"center center","background-size":"auto","background-attachment":"scroll","background-type":"","background-media":"","overlay-type":"","overlay-color":"","overlay-opacity":"","overlay-gradient":""},"tablet":{"background-color":"","background-image":"","background-repeat":"repeat","background-position":"center center","background-size":"auto","background-attachment":"scroll","background-type":"","background-media":"","overlay-type":"","overlay-color":"","overlay-opacity":"","overlay-gradient":""},"mobile":{"background-color":"","background-image":"","background-repeat":"repeat","background-position":"center center","background-size":"auto","background-attachment":"scroll","background-type":"","background-media":"","overlay-type":"","overlay-color":"","overlay-opacity":"","overlay-gradient":""}},"ast-content-background-meta":{"desktop":{"background-color":"var(--ast-global-color-5)","background-image":"","background-repeat":"repeat","background-position":"center center","background-size":"auto","background-attachment":"scroll","background-type":"","background-media":"","overlay-type":"","overlay-color":"","overlay-opacity":"","overlay-gradient":""},"tablet":{"background-color":"var(--ast-global-color-5)","background-image":"","background-repeat":"repeat","background-position":"center center","background-size":"auto","background-attachment":"scroll","background-type":"","background-media":"","overlay-type":"","overlay-color":"","overlay-opacity":"","overlay-gradient":""},"mobile":{"background-color":"var(--ast-global-color-5)","background-image":"","background-repeat":"repeat","background-position":"center center","background-size":"auto","background-attachment":"scroll","background-type":"","background-media":"","overlay-type":"","overlay-color":"","overlay-opacity":"","overlay-gradient":""}}},"product_brand":[],"product_cat":[710,33],"product_tag":[693,695,694,692,468,73,56],"class_list":{"0":"post-6674","1":"product","2":"type-product","3":"status-publish","4":"has-post-thumbnail","6":"product_cat-pressure-reducing-valve","7":"product_cat-products","8":"product_tag-flange-pressure-reducing-valve","9":"product_tag-flange-pressure-reducing-valves","10":"product_tag-flange-valve","11":"product_tag-pressure-reducing-valve","12":"product_tag-stainless-steel-valve","13":"product_tag-valve","14":"product_tag-valves","15":"desktop-align-center","16":"tablet-align-left","17":"mobile-align-left","19":"first","20":"instock","21":"shipping-taxable","22":"product-type-simple"},"_links":{"self":[{"href":"https:\/\/www.delcofluid.com\/vi\/wp-json\/wp\/v2\/product\/6674","targetHints":{"allow":["GET"]}}],"collection":[{"href":"https:\/\/www.delcofluid.com\/vi\/wp-json\/wp\/v2\/product"}],"about":[{"href":"https:\/\/www.delcofluid.com\/vi\/wp-json\/wp\/v2\/types\/product"}],"version-history":[{"count":0,"href":"https:\/\/www.delcofluid.com\/vi\/wp-json\/wp\/v2\/product\/6674\/revisions"}],"wp:featuredmedia":[{"embeddable":true,"href":"https:\/\/www.delcofluid.com\/vi\/wp-json\/wp\/v2\/media\/7157"}],"wp:attachment":[{"href":"https:\/\/www.delcofluid.com\/vi\/wp-json\/wp\/v2\/media?parent=6674"}],"wp:term":[{"taxonomy":"product_brand","embeddable":true,"href":"https:\/\/www.delcofluid.com\/vi\/wp-json\/wp\/v2\/product_brand?post=6674"},{"taxonomy":"product_cat","embeddable":true,"href":"https:\/\/www.delcofluid.com\/vi\/wp-json\/wp\/v2\/product_cat?post=6674"},{"taxonomy":"product_tag","embeddable":true,"href":"https:\/\/www.delcofluid.com\/vi\/wp-json\/wp\/v2\/product_tag?post=6674"}],"curies":[{"name":"wp","href":"https:\/\/api.w.org\/{rel}","templated":true}]}}