{"id":6709,"date":"2024-07-10T04:25:41","date_gmt":"2024-07-10T03:25:41","guid":{"rendered":"https:\/\/www.delcofluid.com\/?post_type=product&#038;p=6709"},"modified":"2024-07-17T07:10:39","modified_gmt":"2024-07-17T06:10:39","slug":"manual-stainless-steel-flange-globe-valve","status":"publish","type":"product","link":"https:\/\/www.delcofluid.com\/vi\/san-pham\/manual-stainless-steel-flange-globe-valve\/","title":{"rendered":"Van c\u1ea7u m\u1eb7t b\u00edch b\u1eb1ng th\u00e9p kh\u00f4ng g\u1ec9 th\u1ee7 c\u00f4ng"},"content":{"rendered":"<div data-elementor-type=\"product-post\" data-elementor-id=\"6709\" class=\"elementor elementor-6709\" data-elementor-post-type=\"product\">\n\t\t\t\t<div class=\"elementor-element elementor-element-6fb59a60 e-con-full e-flex e-con e-parent\" data-id=\"6fb59a60\" data-element_type=\"container\" data-e-type=\"container\" data-settings=\"{&quot;ekit_has_onepagescroll_dot&quot;:&quot;yes&quot;}\">\n\t\t<div class=\"elementor-element elementor-element-b2e102c e-con-full e-flex e-con e-child\" data-id=\"b2e102c\" data-element_type=\"container\" data-e-type=\"container\" data-settings=\"{&quot;ekit_has_onepagescroll_dot&quot;:&quot;yes&quot;}\">\n\t\t\t\t<div class=\"elementor-element elementor-element-4c3cf80 elementor-widget elementor-widget-heading\" data-id=\"4c3cf80\" data-element_type=\"widget\" data-e-type=\"widget\" data-settings=\"{&quot;ekit_we_effect_on&quot;:&quot;none&quot;}\" data-widget_type=\"heading.default\">\n\t\t\t\t<div class=\"elementor-widget-container\">\n\t\t\t\t\t<h2 class=\"elementor-heading-title elementor-size-default\">\u0110\u1eb7c tr\u01b0ng<\/h2>\t\t\t\t<\/div>\n\t\t\t\t<\/div>\n\t\t\t\t<div class=\"elementor-element elementor-element-1af4cc68 elementor-widget__width-initial elementor-widget elementor-widget-text-editor\" data-id=\"1af4cc68\" data-element_type=\"widget\" data-e-type=\"widget\" data-settings=\"{&quot;ekit_we_effect_on&quot;:&quot;none&quot;}\" data-widget_type=\"text-editor.default\">\n\t\t\t\t<div class=\"elementor-widget-container\">\n\t\t\t\t\t\t\t\t\t<ul><li><span style=\"color: #000000\">C\u1ea5u tr\u00fac \u0111\u01a1n gi\u1ea3n: Th\u00e2n van c\u00f3 h\u00ecnh d\u1ea1ng th\u00f9ng ho\u1eb7c h\u00ecnh d\u1ea1ng h\u1ee3p l\u00fd, \u0111\u1ea3m b\u1ea3o hi\u1ec7u su\u1ea5t b\u1ecbt k\u00edn t\u1ed1t v\u00e0 d\u1ec5 b\u1ea3o tr\u00ec.<\/span><\/li><li><span style=\"color: #000000\">Hi\u1ec7u su\u1ea5t b\u1ecbt k\u00edn t\u1ed1t: B\u1ec1 m\u1eb7t b\u1ecbt k\u00edn kh\u00f4ng d\u1ec5 b\u1ecb m\u00e0i m\u00f2n v\u00e0 m\u00e0i m\u00f2n, b\u1ec1 m\u1eb7t b\u1ecbt k\u00edn \u0111\u00f3ng m\u1edf van v\u00e0 th\u00e2n van kh\u00f4ng b\u1ecb tr\u01b0\u1ee3t t\u01b0\u01a1ng \u0111\u1ed1i, do \u0111\u00f3 \u00edt b\u1ecb m\u00e0i m\u00f2n v\u00e0 m\u00e0i m\u00f2n, tu\u1ed5i th\u1ecd cao.<\/span><\/li><li><span style=\"color: #000000\">Hi\u1ec7u su\u1ea5t nhi\u1ec7t \u0111\u1ed9 cao: Th\u00edch h\u1ee3p cho c\u00e1c nh\u00e0 m\u00e1y \u0111i\u1ec7n nhi\u1ec7t, nh\u00e0 m\u00e1y \u0111i\u1ec7n h\u1ea1t nh\u00e2n, h\u1ec7 th\u1ed1ng h\u00f3a d\u1ea7u v\u00e0 c\u00e1c \u0111\u01b0\u1eddng \u1ed1ng nhi\u1ec7t \u0111\u1ed9 cao v\u00e0 \u00e1p su\u1ea5t cao kh\u00e1c.<\/span><\/li><li><span style=\"color: #000000\">Nhi\u1ec1u ph\u01b0\u01a1ng ph\u00e1p l\u00e1i xe kh\u00e1c nhau: Cung c\u1ea5p c\u00e1c ph\u01b0\u01a1ng ph\u00e1p l\u00e1i xe b\u1eb1ng tay, b\u1eb1ng h\u1ed9p s\u1ed1, b\u1eb1ng \u0111i\u1ec7n, b\u1eb1ng kh\u00ed n\u00e9n v\u00e0 c\u00e1c ph\u01b0\u01a1ng ph\u00e1p l\u00e1i xe kh\u00e1c.<\/span><\/li><li><span style=\"color: #000000\">\u0110\u00f3ng m\u1edf nhanh: H\u00e0nh tr\u00ecnh van nh\u1ecf, th\u1eddi gian \u0111\u00f3ng m\u1edf ng\u1eafn.<\/span><\/li><li><span style=\"color: #000000\">\u0110a d\u1ea1ng ph\u01b0\u01a1ng ti\u1ec7n \u00e1p d\u1ee5ng: Th\u00edch h\u1ee3p cho n\u01b0\u1edbc, h\u01a1i n\u01b0\u1edbc, d\u1ea7u v\u00e0 c\u00e1c ph\u01b0\u01a1ng ti\u1ec7n kh\u00e1c.<\/span><\/li><li><span style=\"color: #000000\">\u1ee8ng d\u1ee5ng r\u1ed9ng r\u00e3i: \u0110\u01b0\u1ee3c s\u1eed d\u1ee5ng r\u1ed9ng r\u00e3i trong c\u00e1c ng\u00e0nh c\u00f4ng nghi\u1ec7p d\u1ea7u kh\u00ed, h\u00f3a ch\u1ea5t, d\u01b0\u1ee3c ph\u1ea9m, \u0111i\u1ec7n l\u1ef1c v\u00e0 c\u00e1c ng\u00e0nh c\u00f4ng nghi\u1ec7p kh\u00e1c tr\u00ean \u0111\u01b0\u1eddng \u1ed1ng, d\u00f9ng \u0111\u1ec3 c\u1eaft ho\u1eb7c k\u1ebft n\u1ed1i d\u00f2ng ch\u1ea3y trung b\u00ecnh.<\/span><\/li><\/ul>\t\t\t\t\t\t\t\t<\/div>\n\t\t\t\t<\/div>\n\t\t\t\t<\/div>\n\t\t\t\t<div class=\"elementor-element elementor-element-8e57110 elementor-widget elementor-widget-image\" data-id=\"8e57110\" data-element_type=\"widget\" data-e-type=\"widget\" data-settings=\"{&quot;ekit_we_effect_on&quot;:&quot;none&quot;}\" data-widget_type=\"image.default\">\n\t\t\t\t<div class=\"elementor-widget-container\">\n\t\t\t\t\t\t\t\t\t\t\t\t\t\t\t<img fetchpriority=\"high\" decoding=\"async\" width=\"1024\" height=\"1024\" src=\"https:\/\/www.delcofluid.com\/wp-content\/uploads\/2024\/07\/4-3-1024x1024.jpg\" class=\"attachment-large size-large wp-image-6715\" alt=\"Flange Globe Valve\" srcset=\"https:\/\/www.delcofluid.com\/wp-content\/uploads\/2024\/07\/4-3-1024x1024.jpg 1024w, https:\/\/www.delcofluid.com\/wp-content\/uploads\/2024\/07\/4-3-300x300.jpg 300w, https:\/\/www.delcofluid.com\/wp-content\/uploads\/2024\/07\/4-3-150x150.jpg 150w, https:\/\/www.delcofluid.com\/wp-content\/uploads\/2024\/07\/4-3-768x768.jpg 768w, https:\/\/www.delcofluid.com\/wp-content\/uploads\/2024\/07\/4-3-1536x1536.jpg 1536w, https:\/\/www.delcofluid.com\/wp-content\/uploads\/2024\/07\/4-3-2048x2048.jpg 2048w, https:\/\/www.delcofluid.com\/wp-content\/uploads\/2024\/07\/4-3-600x600.jpg 600w, https:\/\/www.delcofluid.com\/wp-content\/uploads\/2024\/07\/4-3-100x100.jpg 100w\" sizes=\"(max-width: 1024px) 100vw, 1024px\" \/>\t\t\t\t\t\t\t\t\t\t\t\t\t\t\t<\/div>\n\t\t\t\t<\/div>\n\t\t\t\t<\/div>\n\t\t<div class=\"elementor-element elementor-element-a55eeda e-flex e-con-boxed e-con e-parent\" data-id=\"a55eeda\" data-element_type=\"container\" data-e-type=\"container\" data-settings=\"{&quot;background_background&quot;:&quot;classic&quot;,&quot;ekit_has_onepagescroll_dot&quot;:&quot;yes&quot;}\">\n\t\t\t\t\t<div class=\"e-con-inner\">\n\t\t\t\t<div class=\"elementor-element elementor-element-585e9d9 elementor-widget elementor-widget-heading\" data-id=\"585e9d9\" data-element_type=\"widget\" data-e-type=\"widget\" data-settings=\"{&quot;ekit_we_effect_on&quot;:&quot;none&quot;}\" data-widget_type=\"heading.default\">\n\t\t\t\t<div class=\"elementor-widget-container\">\n\t\t\t\t\t<h2 class=\"elementor-heading-title elementor-size-default\">Th\u00f4ng s\u1ed1 k\u1ef9 thu\u1eadt<\/h2>\t\t\t\t<\/div>\n\t\t\t\t<\/div>\n\t\t\t\t\t<\/div>\n\t\t\t\t<\/div>\n\t\t<div class=\"elementor-element elementor-element-3414eb9 e-con-full e-flex e-con e-parent\" data-id=\"3414eb9\" data-element_type=\"container\" data-e-type=\"container\" data-settings=\"{&quot;background_background&quot;:&quot;classic&quot;,&quot;ekit_has_onepagescroll_dot&quot;:&quot;yes&quot;}\">\n\t\t\t\t<div class=\"elementor-element elementor-element-13df62f elementor-widget__width-initial elementor-widget elementor-widget-text-editor\" data-id=\"13df62f\" data-element_type=\"widget\" data-e-type=\"widget\" data-settings=\"{&quot;ekit_we_effect_on&quot;:&quot;none&quot;}\" data-widget_type=\"text-editor.default\">\n\t\t\t\t<div class=\"elementor-widget-container\">\n\t\t\t\t\t\t\t\t\t<p>\u00a0<\/p><table width=\"855\"><tbody><tr><td width=\"159\">Ph\u1ea1m vi k\u00edch th\u01b0\u1edbc:<\/td><td width=\"205\">1\/2\u2033 \u0111\u1ebfn 8\u2033<\/td><td width=\"146\">V\u1eadt li\u1ec7u:<\/td><td width=\"345\">WCB, Th\u00e9p kh\u00f4ng g\u1ec9<\/td><\/tr><tr><td width=\"159\">Ph\u1ea1m vi \u00e1p su\u1ea5t:<\/td><td>\u00a01,6MPa<\/td><td width=\"146\">Quy\u1ec1n l\u1ef1c:<\/td><td width=\"345\">X\u1eed l\u00fd<\/td><\/tr><tr><td width=\"159\">B\u1ea3o h\u00e0nh\uff1a<\/td><td width=\"205\">12 con b\u01b0\u1edbm \u0111\u00eam<\/td><td width=\"146\">Th\u00e2n h\u00ecnh:<\/td><td width=\"345\">Th\u00e9p kh\u00f4ng g\u1ec9<\/td><\/tr><tr><td width=\"159\">Ti\u00eau chu\u1ea9n s\u1ea3n xu\u1ea5t &amp; thi\u1ebft k\u1ebf:<\/td><td width=\"205\">GB\u3001DIN\u3001ANSI, v.v.<\/td><td width=\"146\">Ph\u01b0\u01a1ng ti\u1ec7n \u00e1p d\u1ee5ng:<\/td><td width=\"345\">N\u01b0\u1edbc, h\u01a1i n\u01b0\u1edbc, d\u1ea7u, v.v.<\/td><\/tr><\/tbody><\/table>\t\t\t\t\t\t\t\t<\/div>\n\t\t\t\t<\/div>\n\t\t\t\t<\/div>\n\t\t<div class=\"elementor-element elementor-element-daef6c8 e-con-full e-flex e-con e-parent\" data-id=\"daef6c8\" data-element_type=\"container\" data-e-type=\"container\" data-settings=\"{&quot;ekit_has_onepagescroll_dot&quot;:&quot;yes&quot;}\">\n\t\t\t\t<div class=\"elementor-element elementor-element-52ddb61 elementor-widget elementor-widget-heading\" data-id=\"52ddb61\" data-element_type=\"widget\" data-e-type=\"widget\" data-settings=\"{&quot;ekit_we_effect_on&quot;:&quot;none&quot;}\" data-widget_type=\"heading.default\">\n\t\t\t\t<div class=\"elementor-widget-container\">\n\t\t\t\t\t<h2 class=\"elementor-heading-title elementor-size-default\">\u1ee8ng d\u1ee5ng<\/h2>\t\t\t\t<\/div>\n\t\t\t\t<\/div>\n\t\t\t\t<div class=\"elementor-element elementor-element-ac1034b elementor-widget elementor-widget-text-editor\" data-id=\"ac1034b\" data-element_type=\"widget\" data-e-type=\"widget\" data-settings=\"{&quot;ekit_we_effect_on&quot;:&quot;none&quot;}\" data-widget_type=\"text-editor.default\">\n\t\t\t\t<div class=\"elementor-widget-container\">\n\t\t\t\t\t\t\t\t\t<p><strong>N\u01b0\u1edbc<\/strong><b> Ph\u00e2n b\u1ed5:<\/b><br \/>H\u1ec7 th\u1ed1ng cung c\u1ea5p n\u01b0\u1edbc chung: \u0110\u1ea3m b\u1ea3o ph\u00e2n ph\u1ed1i n\u01b0\u1edbc th\u00e0nh ph\u1ed1 v\u00e0 n\u00f4ng th\u00f4n \u0111\u00e1ng tin c\u1eady; H\u1ec7 th\u1ed1ng th\u1ee7y l\u1ee3i: Qu\u1ea3n l\u00fd d\u00f2ng n\u01b0\u1edbc hi\u1ec7u qu\u1ea3 \u0111\u1ec3 t\u01b0\u1edbi ti\u00eau n\u00f4ng nghi\u1ec7p.<br \/><strong>X\u1eed l\u00fd h\u00f3a ch\u1ea5t S\u1ea3n xu\u1ea5t h\u00f3a ch\u1ea5t<\/strong>: <br \/>Qu\u1ea3n l\u00fd d\u00f2ng h\u00f3a ch\u1ea5t trong qu\u00e1 tr\u00ecnh s\u1ea3n xu\u1ea5t; L\u01b0u tr\u1eef v\u00e0 chuy\u1ec3n giao h\u00f3a ch\u1ea5t: \u0110\u1ea3m b\u1ea3o vi\u1ec7c chuy\u1ec3n giao v\u00e0 l\u01b0u tr\u1eef h\u00f3a ch\u1ea5t an to\u00e0n.<br \/><b>\u0110i\u1ec1u ch\u1ec9nh h\u01a1i n\u01b0\u1edbc<\/b><br \/>L\u00f2 h\u01a1i c\u00f4ng nghi\u1ec7p: Ki\u1ec3m so\u00e1t l\u01b0u l\u01b0\u1ee3ng h\u01a1i n\u01b0\u1edbc \u0111\u1ec3 t\u1ed1i \u01b0u h\u00f3a hi\u1ec7u su\u1ea5t c\u1ee7a l\u00f2 h\u01a1i; H\u1ec7 th\u1ed1ng HVAC: \u0110i\u1ec1u ch\u1ec9nh h\u01a1i n\u01b0\u1edbc \u0111\u1ec3 s\u01b0\u1edfi \u1ea5m v\u00e0 l\u00e0m m\u00e1t trong nhi\u1ec1u t\u00f2a nh\u00e0 kh\u00e1c nhau.<br \/><b>L\u1ecdc d\u1ea7u <\/b><br \/>Quy tr\u00ecnh l\u1ecdc d\u1ea7u: Gi\u00e1m s\u00e1t d\u00f2ng ch\u1ea3y c\u1ee7a d\u1ea7u th\u00f4 v\u00e0 c\u00e1c s\u1ea3n ph\u1ea9m tinh ch\u1ebf trong quy tr\u00ecnh l\u1ecdc d\u1ea7u; Ho\u1ea1t \u0111\u1ed9ng h\u00f3a d\u1ea7u: Qu\u1ea3n l\u00fd d\u00f2ng ch\u1ea3y \u0111\u1ec3 s\u1ea3n xu\u1ea5t h\u00f3a d\u1ea7u hi\u1ec7u qu\u1ea3.<br \/><b>S\u1ea3n xu\u1ea5t d\u01b0\u1ee3c ph\u1ea9m <\/b><br \/>C\u00f4ng th\u1ee9c v\u00e0 s\u1ea3n xu\u1ea5t thu\u1ed1c: Duy tr\u00ec ti\u00eau chu\u1ea9n v\u1ec7 sinh cao v\u00e0 t\u00ednh to\u00e0n v\u1eb9n c\u1ee7a ch\u1ea5t l\u1ecfng; Quy tr\u00ecnh ki\u1ec3m so\u00e1t ch\u1ea5t l\u01b0\u1ee3ng: Qu\u1ea3n l\u00fd d\u00f2ng ch\u1ea5t l\u1ecfng \u0111\u1ec3 th\u1eed nghi\u1ec7m d\u01b0\u1ee3c ph\u1ea9m ch\u00ednh x\u00e1c.<br \/><b>S\u1ea3n xu\u1ea5t \u0111i\u1ec7n <\/b><br \/>Nh\u00e0 m\u00e1y \u0111i\u1ec7n \u0111\u1ed1t than: \u0110i\u1ec1u ch\u1ec9nh l\u01b0u l\u01b0\u1ee3ng h\u01a1i n\u01b0\u1edbc \u0111\u1ec3 ph\u00e1t \u0111i\u1ec7n hi\u1ec7u qu\u1ea3; Nh\u00e0 m\u00e1y \u0111i\u1ec7n h\u1ea1t nh\u00e2n: Qu\u1ea3n l\u00fd l\u01b0u l\u01b0\u1ee3ng h\u01a1i n\u01b0\u1edbc v\u00e0 ch\u1ea5t l\u00e0m m\u00e1t \u0111\u1ec3 \u0111\u1ea3m b\u1ea3o an to\u00e0n cho l\u00f2 ph\u1ea3n \u1ee9ng.<\/p>\t\t\t\t\t\t\t\t<\/div>\n\t\t\t\t<\/div>\n\t\t\t\t<\/div>\n\t\t\t\t<\/div>","protected":false},"excerpt":{"rendered":"<p><span style=\"color: #000000\">Van c\u1ea7u m\u1eb7t b\u00edch th\u1ee7 c\u00f4ng c\u00f3 c\u1ea5u tr\u00fac \u0111\u01a1n gi\u1ea3n v\u00e0 d\u1ec5 b\u1ea3o tr\u00ec. N\u00f3 c\u00f3 h\u00e0nh tr\u00ecnh ng\u1eafn v\u00e0 \u0111\u00f3ng m\u1edf nhanh, v\u1edbi hi\u1ec7u su\u1ea5t b\u1ecbt k\u00edn tuy\u1ec7t v\u1eddi v\u00e0 ma s\u00e1t th\u1ea5p gi\u1eefa c\u00e1c b\u1ec1 m\u1eb7t b\u1ecbt k\u00edn, \u0111\u1ea3m b\u1ea3o tu\u1ed5i th\u1ecd s\u1eed d\u1ee5ng l\u00e2u d\u00e0i. Th\u00e2n van c\u00f3 h\u00ecnh d\u1ea1ng th\u00f9ng ho\u1eb7c h\u00ecnh d\u1ea1ng h\u1ee3p l\u00fd, v\u1edbi thi\u1ebft k\u1ebf d\u00f2ng ch\u1ea3y th\u1eb3ng qua mang l\u1ea1i s\u1ee9c c\u1ea3n ch\u1ea5t l\u1ecfng th\u1ea5p.<\/span><br \/>\n<span style=\"color: #000000\">\u0110\u0129a van c\u1ee7a van c\u1ea7u th\u1ee7 c\u00f4ng di chuy\u1ec3n d\u1ecdc theo \u0111\u01b0\u1eddng t\u00e2m c\u1ee7a \u0111\u1ebf van. S\u1ef1 thay \u0111\u1ed5i trong \u0111\u1ed9 m\u1edf \u0111\u1ebf van t\u1ef7 l\u1ec7 thu\u1eadn v\u1edbi h\u00e0nh tr\u00ecnh \u0111\u0129a van. Th\u00e2n van c\u00f3 h\u00e0nh tr\u00ecnh t\u01b0\u01a1ng \u0111\u1ed1i ng\u1eafn \u0111\u1ec3 m\u1edf ho\u1eb7c \u0111\u00f3ng, cung c\u1ea5p ch\u1ee9c n\u0103ng \u0111\u00f3ng ng\u1eaft \u0111\u00e1ng tin c\u1eady. N\u00f3 r\u1ea5t ph\u00f9 h\u1ee3p \u0111\u1ec3 \u0111i\u1ec1u ch\u1ec9nh l\u01b0u l\u01b0\u1ee3ng. Van n\u00e0y \u0111\u01b0\u1ee3c s\u1eed d\u1ee5ng r\u1ed9ng r\u00e3i trong c\u00e1c h\u1ec7 th\u1ed1ng y\u00eau c\u1ea7u ki\u1ec3m so\u00e1t l\u01b0u l\u01b0\u1ee3ng v\u00e0 hi\u1ec7u su\u1ea5t b\u1ecbt k\u00edn cao, ch\u1eb3ng h\u1ea1n nh\u01b0 th\u00f4ng h\u01a1i \u0111i\u1ec3m cao v\u00e0 tho\u00e1t n\u01b0\u1edbc \u0111i\u1ec3m th\u1ea5p.<\/span><br \/>\n<span style=\"color: #000000\">Van ph\u00f9 h\u1ee3p cho ngu\u1ed3n cung c\u1ea5p n\u01b0\u1edbc, h\u00f3a ch\u1ea5t, kh\u00f4ng kh\u00ed, d\u1ea7u b\u00f4i tr\u01a1n v\u00e0 c\u00e1c d\u1ecbch v\u1ee5 kh\u00e1c m\u00e0 kh\u00f4ng c\u00f3 v\u1ea5n \u0111\u1ec1 g\u00ec v\u1ec1 gi\u1ea3m \u00e1p su\u1ea5t. \u0110\u01b0\u1eddng k\u00ednh l\u1edbn v\u00e0 b\u1ec1 m\u1eb7t b\u1ecbt k\u00edn b\u1ec1n b\u1ec9 \u0111\u1ea3m b\u1ea3o gi\u1ea3m thi\u1ec3u hao m\u00f2n, kh\u00f4ng c\u00f3 s\u1ef1 tr\u01b0\u1ee3t t\u01b0\u01a1ng \u0111\u1ed1i trong qu\u00e1 tr\u00ecnh \u0111\u00f3ng m\u1edf, mang l\u1ea1i tu\u1ed5i th\u1ecd cao. Van l\u00fd t\u01b0\u1edfng cho c\u00e1c m\u00f4i tr\u01b0\u1eddng c\u00f3 y\u00eau c\u1ea7u cao v\u1ec1 v\u1ec7 sinh v\u00e0 ch\u1ed1ng \u0103n m\u00f2n.<\/span><\/p>\n<p><span style=\"color: #000000\">Model: Van c\u1ea7u<\/span><br \/>\n<span style=\"color: #000000\">Ph\u1ea1m vi k\u00edch th\u01b0\u1edbc: 1\/2\u2033 \u0111\u1ebfn 8\u2033<\/span><br \/>\n<span style=\"color: #000000\">Ph\u1ea1m vi \u00e1p su\u1ea5t: 1.6MPa<\/span><br \/>\n<span style=\"color: #000000\">Ch\u1ea5t li\u1ec7u: WCB, Th\u00e9p kh\u00f4ng g\u1ec9<\/span><\/p>\n<p>&nbsp;<\/p>","protected":false},"featured_media":7154,"template":"","meta":{"site-sidebar-layout":"default","site-content-layout":"","ast-site-content-layout":"default","site-content-style":"default","site-sidebar-style":"default","ast-global-header-display":"","ast-banner-title-visibility":"","ast-main-header-display":"","ast-hfb-above-header-display":"","ast-hfb-below-header-display":"","ast-hfb-mobile-header-display":"","site-post-title":"","ast-breadcrumbs-content":"","ast-featured-img":"","footer-sml-layout":"","ast-disable-related-posts":"","theme-transparent-header-meta":"default","adv-header-id-meta":"","stick-header-meta":"","header-above-stick-meta":"","header-main-stick-meta":"","header-below-stick-meta":"","astra-migrate-meta-layouts":"set","ast-page-background-enabled":"default","ast-page-background-meta":{"desktop":{"background-color":"var(--ast-global-color-4)","background-image":"","background-repeat":"repeat","background-position":"center center","background-size":"auto","background-attachment":"scroll","background-type":"","background-media":"","overlay-type":"","overlay-color":"","overlay-opacity":"","overlay-gradient":""},"tablet":{"background-color":"","background-image":"","background-repeat":"repeat","background-position":"center center","background-size":"auto","background-attachment":"scroll","background-type":"","background-media":"","overlay-type":"","overlay-color":"","overlay-opacity":"","overlay-gradient":""},"mobile":{"background-color":"","background-image":"","background-repeat":"repeat","background-position":"center center","background-size":"auto","background-attachment":"scroll","background-type":"","background-media":"","overlay-type":"","overlay-color":"","overlay-opacity":"","overlay-gradient":""}},"ast-content-background-meta":{"desktop":{"background-color":"var(--ast-global-color-5)","background-image":"","background-repeat":"repeat","background-position":"center center","background-size":"auto","background-attachment":"scroll","background-type":"","background-media":"","overlay-type":"","overlay-color":"","overlay-opacity":"","overlay-gradient":""},"tablet":{"background-color":"var(--ast-global-color-5)","background-image":"","background-repeat":"repeat","background-position":"center center","background-size":"auto","background-attachment":"scroll","background-type":"","background-media":"","overlay-type":"","overlay-color":"","overlay-opacity":"","overlay-gradient":""},"mobile":{"background-color":"var(--ast-global-color-5)","background-image":"","background-repeat":"repeat","background-position":"center center","background-size":"auto","background-attachment":"scroll","background-type":"","background-media":"","overlay-type":"","overlay-color":"","overlay-opacity":"","overlay-gradient":""}}},"product_brand":[],"product_cat":[707,116,33],"product_tag":[696,698,555,621,697,699,73,56],"class_list":{"0":"post-6709","1":"product","2":"type-product","3":"status-publish","4":"has-post-thumbnail","6":"product_cat-manual-globe-valve","7":"product_cat-manual-valves","8":"product_cat-products","9":"product_tag-flange-globe-valve","10":"product_tag-flange-globe-valves","11":"product_tag-globe-valve","12":"product_tag-manual-globe-valve","13":"product_tag-stainless-steel-flange-globe-valve","14":"product_tag-stainless-steel-flange-globe-valves","15":"product_tag-valve","16":"product_tag-valves","17":"desktop-align-center","18":"tablet-align-left","19":"mobile-align-left","21":"first","22":"instock","23":"shipping-taxable","24":"product-type-simple"},"_links":{"self":[{"href":"https:\/\/www.delcofluid.com\/vi\/wp-json\/wp\/v2\/product\/6709","targetHints":{"allow":["GET"]}}],"collection":[{"href":"https:\/\/www.delcofluid.com\/vi\/wp-json\/wp\/v2\/product"}],"about":[{"href":"https:\/\/www.delcofluid.com\/vi\/wp-json\/wp\/v2\/types\/product"}],"version-history":[{"count":0,"href":"https:\/\/www.delcofluid.com\/vi\/wp-json\/wp\/v2\/product\/6709\/revisions"}],"wp:featuredmedia":[{"embeddable":true,"href":"https:\/\/www.delcofluid.com\/vi\/wp-json\/wp\/v2\/media\/7154"}],"wp:attachment":[{"href":"https:\/\/www.delcofluid.com\/vi\/wp-json\/wp\/v2\/media?parent=6709"}],"wp:term":[{"taxonomy":"product_brand","embeddable":true,"href":"https:\/\/www.delcofluid.com\/vi\/wp-json\/wp\/v2\/product_brand?post=6709"},{"taxonomy":"product_cat","embeddable":true,"href":"https:\/\/www.delcofluid.com\/vi\/wp-json\/wp\/v2\/product_cat?post=6709"},{"taxonomy":"product_tag","embeddable":true,"href":"https:\/\/www.delcofluid.com\/vi\/wp-json\/wp\/v2\/product_tag?post=6709"}],"curies":[{"name":"wp","href":"https:\/\/api.w.org\/{rel}","templated":true}]}}