{"id":6732,"date":"2024-07-10T08:29:30","date_gmt":"2024-07-10T07:29:30","guid":{"rendered":"https:\/\/www.delcofluid.com\/?post_type=product&#038;p=6732"},"modified":"2025-02-28T01:05:29","modified_gmt":"2025-02-28T01:05:29","slug":"manual-stainless-steel-flange-gate-valve-with-handwheel","status":"publish","type":"product","link":"https:\/\/www.delcofluid.com\/vi\/san-pham\/manual-stainless-steel-flange-gate-valve-with-handwheel\/","title":{"rendered":"Van c\u1ed5ng m\u1eb7t b\u00edch b\u1eb1ng th\u00e9p kh\u00f4ng g\u1ec9 th\u1ee7 c\u00f4ng c\u00f3 tay quay"},"content":{"rendered":"<div data-elementor-type=\"product-post\" data-elementor-id=\"6732\" class=\"elementor elementor-6732\" data-elementor-post-type=\"product\">\n\t\t\t\t<div class=\"elementor-element elementor-element-6fb59a60 e-con-full e-flex e-con e-parent\" data-id=\"6fb59a60\" data-element_type=\"container\" data-e-type=\"container\" data-settings=\"{&quot;ekit_has_onepagescroll_dot&quot;:&quot;yes&quot;}\">\n\t\t<div class=\"elementor-element elementor-element-b2e102c e-con-full e-flex e-con e-child\" data-id=\"b2e102c\" data-element_type=\"container\" data-e-type=\"container\" data-settings=\"{&quot;ekit_has_onepagescroll_dot&quot;:&quot;yes&quot;}\">\n\t\t\t\t<div class=\"elementor-element elementor-element-4c3cf80 elementor-widget elementor-widget-heading\" data-id=\"4c3cf80\" data-element_type=\"widget\" data-e-type=\"widget\" data-settings=\"{&quot;ekit_we_effect_on&quot;:&quot;none&quot;}\" data-widget_type=\"heading.default\">\n\t\t\t\t<div class=\"elementor-widget-container\">\n\t\t\t\t\t<h2 class=\"elementor-heading-title elementor-size-default\">\u0110\u1eb7c tr\u01b0ng<\/h2>\t\t\t\t<\/div>\n\t\t\t\t<\/div>\n\t\t\t\t<div class=\"elementor-element elementor-element-1af4cc68 elementor-widget__width-initial elementor-widget elementor-widget-text-editor\" data-id=\"1af4cc68\" data-element_type=\"widget\" data-e-type=\"widget\" data-settings=\"{&quot;ekit_we_effect_on&quot;:&quot;none&quot;}\" data-widget_type=\"text-editor.default\">\n\t\t\t\t<div class=\"elementor-widget-container\">\n\t\t\t\t\t\t\t\t\t<ul><li><span style=\"color: #000000\">Hi\u1ec7u su\u1ea5t b\u1ecbt k\u00edn \u0111\u1eb7c bi\u1ec7t: G\u1ea7n nh\u01b0 kh\u00f4ng r\u00f2 r\u1ec9 khi \u0111\u00f3ng ho\u00e0n to\u00e0n, \u0111\u1ea3m b\u1ea3o \u0111\u1ed9 tin c\u1eady khi ki\u1ec3m so\u00e1t ch\u1ea5t l\u1ecfng.<\/span><\/li><li><span style=\"color: #000000\">Kh\u1ea3 n\u0103ng l\u01b0u l\u01b0\u1ee3ng cao: Khi m\u1edf ho\u00e0n to\u00e0n, van c\u00f3 l\u1ef1c c\u1ea3n t\u1ed1i thi\u1ec3u \u0111\u1ed1i v\u1edbi d\u00f2ng ch\u1ea5t l\u1ecfng, gi\u00fap t\u0103ng hi\u1ec7u qu\u1ea3 chung c\u1ee7a h\u1ec7 th\u1ed1ng.<\/span><\/li><li><span style=\"color: #000000\">\u00c1p su\u1ea5t t\u1ed1i thi\u1ec3u: Thi\u1ebft k\u1ebf \u0111\u1ea3m b\u1ea3o gi\u1ea3m \u00e1p su\u1ea5t t\u1ed1i thi\u1ec3u trong qu\u00e1 tr\u00ecnh v\u1eadn h\u00e0nh, \u0111i\u1ec1u n\u00e0y r\u1ea5t quan tr\u1ecdng \u0111\u1ec3 duy tr\u00ec hi\u1ec7u qu\u1ea3 c\u1ee7a h\u1ec7 th\u1ed1ng.<\/span><\/li><li><span style=\"color: #000000\">Kh\u1ea3 n\u0103ng l\u01b0u th\u00f4ng hai chi\u1ec1u: H\u1ea7u h\u1ebft c\u00e1c van c\u1eeda c\u00f3 th\u1ec3 \u0111\u01b0\u1ee3c s\u1eed d\u1ee5ng theo c\u1ea3 hai h\u01b0\u1edbng, mang l\u1ea1i s\u1ef1 linh ho\u1ea1t cho nhi\u1ec1u c\u1ea5u h\u00ecnh \u0111\u01b0\u1eddng \u1ed1ng kh\u00e1c nhau.<\/span><\/li><li><span style=\"color: #000000\">Th\u00edch h\u1ee3p v\u1edbi \u00e1p su\u1ea5t cao v\u00e0 nhi\u1ec7t \u0111\u1ed9 cao: \u0110\u01b0\u1ee3c thi\u1ebft k\u1ebf \u0111\u1eb7c bi\u1ec7t \u0111\u1ec3 x\u1eed l\u00fd \u0111i\u1ec1u ki\u1ec7n \u00e1p su\u1ea5t cao v\u00e0 nhi\u1ec7t \u0111\u1ed9 cao, \u0111\u1ea3m b\u1ea3o hi\u1ec7u su\u1ea5t \u0111\u00e1ng tin c\u1eady trong m\u00f4i tr\u01b0\u1eddng kh\u1eafc nghi\u1ec7t.<\/span><\/li><li><span style=\"color: #000000\">Y\u00eau c\u1ea7u b\u1ea3o tr\u00ec th\u1ea5p: Thi\u1ebft k\u1ebf gi\u00fap gi\u1ea3m hao m\u00f2n v\u00e0 kh\u1ea3 n\u0103ng h\u1ecfng h\u00f3c, gi\u00fap gi\u1ea3m nhu c\u1ea7u b\u1ea3o tr\u00ec v\u00e0 ti\u1ebft ki\u1ec7m chi ph\u00ed l\u00e2u d\u00e0i.<\/span><\/li><li><span style=\"color: #000000\">C\u01a1 ch\u1ebf chuy\u1ec3n \u0111\u1ed9ng tuy\u1ebfn t\u00ednh: S\u1eed d\u1ee5ng c\u01a1 ch\u1ebf chuy\u1ec3n \u0111\u1ed9ng tuy\u1ebfn t\u00ednh \u0111\u1ec3 \u0111\u00f3ng ho\u1eb7c m\u1edf ho\u00e0n to\u00e0n d\u00f2ng ch\u1ea5t l\u1ecfng, v\u1edbi l\u1ef1c c\u1ea3n t\u1ed1i thi\u1ec3u khi van m\u1edf ho\u00e0n to\u00e0n.<\/span><\/li><\/ul>\t\t\t\t\t\t\t\t<\/div>\n\t\t\t\t<\/div>\n\t\t\t\t<\/div>\n\t\t\t\t<div class=\"elementor-element elementor-element-8e57110 elementor-widget elementor-widget-image\" data-id=\"8e57110\" data-element_type=\"widget\" data-e-type=\"widget\" data-settings=\"{&quot;ekit_we_effect_on&quot;:&quot;none&quot;}\" data-widget_type=\"image.default\">\n\t\t\t\t<div class=\"elementor-widget-container\">\n\t\t\t\t\t\t\t\t\t\t\t\t\t\t\t<img fetchpriority=\"high\" decoding=\"async\" width=\"1024\" height=\"1024\" src=\"https:\/\/www.delcofluid.com\/wp-content\/uploads\/2024\/07\/z4-1024x1024.jpg\" class=\"attachment-large size-large wp-image-6746\" alt=\"Gate Valve\" srcset=\"https:\/\/www.delcofluid.com\/wp-content\/uploads\/2024\/07\/z4-1024x1024.jpg 1024w, https:\/\/www.delcofluid.com\/wp-content\/uploads\/2024\/07\/z4-300x300.jpg 300w, https:\/\/www.delcofluid.com\/wp-content\/uploads\/2024\/07\/z4-150x150.jpg 150w, https:\/\/www.delcofluid.com\/wp-content\/uploads\/2024\/07\/z4-768x768.jpg 768w, https:\/\/www.delcofluid.com\/wp-content\/uploads\/2024\/07\/z4-1536x1536.jpg 1536w, https:\/\/www.delcofluid.com\/wp-content\/uploads\/2024\/07\/z4-2048x2048.jpg 2048w, https:\/\/www.delcofluid.com\/wp-content\/uploads\/2024\/07\/z4-600x600.jpg 600w, https:\/\/www.delcofluid.com\/wp-content\/uploads\/2024\/07\/z4-100x100.jpg 100w\" sizes=\"(max-width: 1024px) 100vw, 1024px\" \/>\t\t\t\t\t\t\t\t\t\t\t\t\t\t\t<\/div>\n\t\t\t\t<\/div>\n\t\t\t\t<\/div>\n\t\t<div class=\"elementor-element elementor-element-a55eeda e-flex e-con-boxed e-con e-parent\" data-id=\"a55eeda\" data-element_type=\"container\" data-e-type=\"container\" data-settings=\"{&quot;background_background&quot;:&quot;classic&quot;,&quot;ekit_has_onepagescroll_dot&quot;:&quot;yes&quot;}\">\n\t\t\t\t\t<div class=\"e-con-inner\">\n\t\t\t\t<div class=\"elementor-element elementor-element-585e9d9 elementor-widget elementor-widget-heading\" data-id=\"585e9d9\" data-element_type=\"widget\" data-e-type=\"widget\" data-settings=\"{&quot;ekit_we_effect_on&quot;:&quot;none&quot;}\" data-widget_type=\"heading.default\">\n\t\t\t\t<div class=\"elementor-widget-container\">\n\t\t\t\t\t<h2 class=\"elementor-heading-title elementor-size-default\">Th\u00f4ng s\u1ed1 k\u1ef9 thu\u1eadt<\/h2>\t\t\t\t<\/div>\n\t\t\t\t<\/div>\n\t\t\t\t\t<\/div>\n\t\t\t\t<\/div>\n\t\t<div class=\"elementor-element elementor-element-3414eb9 e-con-full e-flex e-con e-parent\" data-id=\"3414eb9\" data-element_type=\"container\" data-e-type=\"container\" data-settings=\"{&quot;background_background&quot;:&quot;classic&quot;,&quot;ekit_has_onepagescroll_dot&quot;:&quot;yes&quot;}\">\n\t\t\t\t<div class=\"elementor-element elementor-element-13df62f elementor-widget__width-initial elementor-widget elementor-widget-text-editor\" data-id=\"13df62f\" data-element_type=\"widget\" data-e-type=\"widget\" data-settings=\"{&quot;ekit_we_effect_on&quot;:&quot;none&quot;}\" data-widget_type=\"text-editor.default\">\n\t\t\t\t<div class=\"elementor-widget-container\">\n\t\t\t\t\t\t\t\t\t<table width=\"855\">\n<tbody>\n<tr>\n<td width=\"159\"><span style=\"color: #000000\">Ph\u1ea1m vi k\u00edch th\u01b0\u1edbc:<\/span><\/td>\n<td width=\"205\"><span style=\"color: #000000\">1&#8243; ~ 24&#8243;<\/span><\/td>\n<td width=\"146\"><span style=\"color: #000000\">V\u1eadt li\u1ec7u:<\/span><\/td>\n<td width=\"345\"><span style=\"color: #000000\">Th\u00e9p kh\u00f4ng g\u1ec9 316<\/span><\/td>\n<\/tr>\n<tr>\n<td width=\"159\"><span style=\"color: #000000\">Ph\u1ea1m vi \u00e1p su\u1ea5t:<\/span><\/td>\n<td><span style=\"color: #000000\">&nbsp;1,6 \u0111\u1ebfn 10 MPa<\/span><\/td>\n<td width=\"146\"><span style=\"color: #000000\">Quy\u1ec1n l\u1ef1c:<\/span><\/td>\n<td width=\"345\"><span style=\"color: #000000\">X\u1eed l\u00fd<\/span><\/td>\n<\/tr>\n<tr>\n<td width=\"159\"><span style=\"color: #000000\">B\u1ea3o h\u00e0nh\uff1a<\/span><\/td>\n<td width=\"205\"><span style=\"color: #000000\">12 con b\u01b0\u1edbm \u0111\u00eam<\/span><\/td>\n<td width=\"146\"><span style=\"color: #000000\">Th\u00e2n h\u00ecnh:<\/span><\/td>\n<td width=\"345\"><span style=\"color: #000000\">Th\u00e9p kh\u00f4ng g\u1ec9<\/span><\/td>\n<\/tr>\n<tr>\n<td width=\"159\"><span style=\"color: #000000\">N\u00eam:<\/span><\/td>\n<td width=\"205\"><span style=\"color: #000000\">Th\u00e9p kh\u00f4ng g\u1ec9<\/span><\/td>\n<td width=\"146\"><span style=\"color: #000000\">Ph\u01b0\u01a1ng ti\u1ec7n \u00e1p d\u1ee5ng:<\/span><\/td>\n<td width=\"345\"><span style=\"color: #000000\">N\u01b0\u1edbc, h\u01a1i n\u01b0\u1edbc, d\u1ea7u, v.v.<\/span><\/td>\n<\/tr>\n<\/tbody>\n<\/table>\t\t\t\t\t\t\t\t<\/div>\n\t\t\t\t<\/div>\n\t\t\t\t<\/div>\n\t\t<div class=\"elementor-element elementor-element-daef6c8 e-con-full e-flex e-con e-parent\" data-id=\"daef6c8\" data-element_type=\"container\" data-e-type=\"container\" data-settings=\"{&quot;ekit_has_onepagescroll_dot&quot;:&quot;yes&quot;}\">\n\t\t\t\t<div class=\"elementor-element elementor-element-52ddb61 elementor-widget elementor-widget-heading\" data-id=\"52ddb61\" data-element_type=\"widget\" data-e-type=\"widget\" data-settings=\"{&quot;ekit_we_effect_on&quot;:&quot;none&quot;}\" data-widget_type=\"heading.default\">\n\t\t\t\t<div class=\"elementor-widget-container\">\n\t\t\t\t\t<h2 class=\"elementor-heading-title elementor-size-default\">\u1ee8ng d\u1ee5ng<\/h2>\t\t\t\t<\/div>\n\t\t\t\t<\/div>\n\t\t\t\t<div class=\"elementor-element elementor-element-ac1034b elementor-widget elementor-widget-text-editor\" data-id=\"ac1034b\" data-element_type=\"widget\" data-e-type=\"widget\" data-settings=\"{&quot;ekit_we_effect_on&quot;:&quot;none&quot;}\" data-widget_type=\"text-editor.default\">\n\t\t\t\t<div class=\"elementor-widget-container\">\n\t\t\t\t\t\t\t\t\t<p><span style=\"color: #000000\">D\u1ea7u kh\u00ed:<\/span><br \/><span style=\"color: #000000\">Th\u00edch h\u1ee3p \u0111\u1ec3 ki\u1ec3m so\u00e1t d\u00f2ng ch\u1ea3y c\u1ee7a d\u1ea7u trong \u0111\u01b0\u1eddng \u1ed1ng v\u00e0 \u0111\u01b0\u1ee3c s\u1eed d\u1ee5ng trong c\u00e1c nh\u00e0 m\u00e1y l\u1ecdc d\u1ea7u v\u00e0 ch\u1ebf bi\u1ebfn d\u1ea7u.<\/span><br \/><span style=\"color: #000000\">Ng\u00e0nh c\u00f4ng nghi\u1ec7p h\u00f3a ch\u1ea5t: <\/span><br \/><span style=\"color: #000000\">\u0110\u01b0\u1ee3c s\u1eed d\u1ee5ng trong c\u00e1c nh\u00e0 m\u00e1y x\u1eed l\u00fd h\u00f3a ch\u1ea5t \u0111\u1ec3 ki\u1ec3m so\u00e1t nhi\u1ec1u d\u00f2ng ch\u1ea5t l\u1ecfng kh\u00e1c nhau, \u0111\u1ea3m b\u1ea3o x\u1eed l\u00fd h\u00f3a ch\u1ea5t an to\u00e0n v\u00e0 hi\u1ec7u qu\u1ea3.<\/span><br \/><span style=\"color: #000000\">Nh\u00e0 m\u00e1y nhi\u1ec7t \u0111i\u1ec7n:<\/span><br \/><span style=\"color: #000000\">\u0110\u01b0\u1ee3c s\u1eed d\u1ee5ng trong \u0111\u01b0\u1eddng \u1ed1ng h\u01a1i n\u01b0\u1edbc \u0111\u1ec3 ki\u1ec3m so\u00e1t l\u01b0u l\u01b0\u1ee3ng hi\u1ec7u qu\u1ea3, \u0111\u1ea3m b\u1ea3o ho\u1ea1t \u0111\u1ed9ng \u0111\u00e1ng tin c\u1eady d\u01b0\u1edbi \u00e1p su\u1ea5t v\u00e0 nhi\u1ec7t \u0111\u1ed9 cao.<\/span><br \/><span style=\"color: #000000\">X\u1eed l\u00fd n\u01b0\u1edbc: <\/span><br \/><span style=\"color: #000000\">\u0110\u01b0\u1ee3c s\u1eed d\u1ee5ng trong h\u1ec7 th\u1ed1ng c\u1ea5p n\u01b0\u1edbc \u0111\u1ec3 ki\u1ec3m so\u00e1t l\u01b0u l\u01b0\u1ee3ng n\u01b0\u1edbc, l\u00fd t\u01b0\u1edfng cho c\u1ea3 quy tr\u00ecnh x\u1eed l\u00fd n\u01b0\u1edbc s\u1ea1ch v\u00e0 n\u01b0\u1edbc th\u1ea3i.<\/span><\/p>\t\t\t\t\t\t\t\t<\/div>\n\t\t\t\t<\/div>\n\t\t\t\t<\/div>\n\t\t\t\t<\/div>","protected":false},"excerpt":{"rendered":"<p><span style=\"color: #000000\">Van c\u1ed5ng, c\u00f2n \u0111\u01b0\u1ee3c g\u1ecdi l\u00e0 van c\u1ed5ng ho\u1eb7c van c\u1ed5ng, nh\u1ecf g\u1ecdn v\u00e0 \u0111\u01b0\u1ee3c thi\u1ebft k\u1ebf t\u1ed1t v\u1edbi thi\u1ebft k\u1ebf ph\u1edbt gh\u1ebf \u0111\u00e0n h\u1ed3i. Th\u00e2n van \u0111\u01b0\u1ee3c t\u00f4i luy\u1ec7n v\u00e0 th\u1ea5m nit\u01a1 b\u1ec1 m\u1eb7t \u0111\u1ec3 ch\u1ed1ng \u0103n m\u00f2n, m\u00e0i m\u00f2n v\u00e0 m\u00e0i m\u00f2n tuy\u1ec7t v\u1eddi.<\/span><\/p>\n<p><span style=\"color: #000000\">S\u1eed d\u1ee5ng c\u1ea5u tr\u00fac c\u1ed5ng \u0111\u00e0n h\u1ed3i ki\u1ec3u n\u00eam, ph\u00f9 h\u1ee3p v\u1edbi van c\u1ee1 trung b\u00ecnh v\u00e0 l\u1edbn, \u0111\u01b0\u1ee3c trang b\u1ecb \u1ed5 tr\u1ee5c \u0111\u1ea9y, c\u00f3 ma s\u00e1t th\u1ea5p v\u00e0 \u0111\u01b0\u1ee3c trang b\u1ecb tay quay t\u00e1c \u0111\u1ed9ng, gi\u00fap \u0111\u00f3ng m\u1edf d\u1ec5 d\u00e0ng. Van c\u00f3 \u0111\u1ed9 c\u1ee9ng t\u1ed1t, \u0111i qua tr\u01a1n tru, h\u1ec7 s\u1ed1 c\u1ea3n d\u00f2ng ch\u1ea3y th\u1ea5p, \u0111\u1ed9 k\u00edn \u0111\u00e1ng tin c\u1eady v\u00e0 ho\u1ea1t \u0111\u1ed9ng linh ho\u1ea1t. Vi\u1ec7c \u0111\u00f3ng m\u1edf \u0111\u01b0\u1ee3c \u0111i\u1ec1u khi\u1ec3n b\u1eb1ng c\u00e1ch n\u00e2ng v\u00e0 h\u1ea1 c\u1ed5ng, vu\u00f4ng g\u00f3c v\u1edbi h\u01b0\u1edbng ch\u1ea5t l\u1ecfng v\u00e0 k\u00edch th\u01b0\u1edbc c\u1ee7a k\u00eanh \u0111\u01b0\u1ee3c thay \u0111\u1ed5i b\u1eb1ng c\u00e1ch \u0111i\u1ec1u ch\u1ec9nh v\u1ecb tr\u00ed t\u01b0\u01a1ng \u0111\u1ed1i gi\u1eefa c\u1ed5ng v\u00e0 \u0111\u1ebf van. \u0110\u1ed9 gi\u1ea3m \u00e1p su\u1ea5t trong qu\u00e1 tr\u00ecnh v\u1eadn h\u00e0nh r\u1ea5t nh\u1ecf, ph\u00f9 h\u1ee3p v\u1edbi c\u00e1c \u1ee9ng d\u1ee5ng \u00e1p su\u1ea5t cao v\u00e0 nhi\u1ec7t \u0111\u1ed9 cao, tu\u1ed5i th\u1ecd cao, y\u00eau c\u1ea7u b\u1ea3o tr\u00ec th\u1ea5p, \u0111\u01b0\u1ee3c s\u1eed d\u1ee5ng r\u1ed9ng r\u00e3i trong c\u00e1c nh\u00e0 m\u00e1y d\u1ea7u kh\u00ed, h\u00f3a ch\u1ea5t, nhi\u1ec7t \u0111i\u1ec7n v\u00e0 c\u00e1c ng\u00e0nh c\u00f4ng nghi\u1ec7p kh\u00e1c.<\/span><\/p>\n<p><span style=\"color: #000000\">Model: Van c\u1ed5ng th\u1ee7 c\u00f4ng<\/span><br \/>\n<span style=\"color: #000000\">Ph\u1ea1m vi k\u00edch th\u01b0\u1edbc: 1\u2033 ~ 40\u2033<\/span><br \/>\n<span style=\"color: #000000\">Ph\u1ea1m vi \u00e1p su\u1ea5t: 1,6MPa \u0111\u1ebfn 10MPa<\/span><br \/>\n<span style=\"color: #000000\">Ch\u1ea5t li\u1ec7u: Th\u00e9p kh\u00f4ng g\u1ec9 304\/316<\/span><\/p>\n<p>&nbsp;<\/p>","protected":false},"featured_media":7145,"template":"","meta":{"site-sidebar-layout":"default","site-content-layout":"","ast-site-content-layout":"default","site-content-style":"default","site-sidebar-style":"default","ast-global-header-display":"","ast-banner-title-visibility":"","ast-main-header-display":"","ast-hfb-above-header-display":"","ast-hfb-below-header-display":"","ast-hfb-mobile-header-display":"","site-post-title":"","ast-breadcrumbs-content":"","ast-featured-img":"","footer-sml-layout":"","ast-disable-related-posts":"","theme-transparent-header-meta":"default","adv-header-id-meta":"","stick-header-meta":"","header-above-stick-meta":"","header-main-stick-meta":"","header-below-stick-meta":"","astra-migrate-meta-layouts":"set","ast-page-background-enabled":"default","ast-page-background-meta":{"desktop":{"background-color":"var(--ast-global-color-4)","background-image":"","background-repeat":"repeat","background-position":"center center","background-size":"auto","background-attachment":"scroll","background-type":"","background-media":"","overlay-type":"","overlay-color":"","overlay-opacity":"","overlay-gradient":""},"tablet":{"background-color":"","background-image":"","background-repeat":"repeat","background-position":"center center","background-size":"auto","background-attachment":"scroll","background-type":"","background-media":"","overlay-type":"","overlay-color":"","overlay-opacity":"","overlay-gradient":""},"mobile":{"background-color":"","background-image":"","background-repeat":"repeat","background-position":"center center","background-size":"auto","background-attachment":"scroll","background-type":"","background-media":"","overlay-type":"","overlay-color":"","overlay-opacity":"","overlay-gradient":""}},"ast-content-background-meta":{"desktop":{"background-color":"var(--ast-global-color-5)","background-image":"","background-repeat":"repeat","background-position":"center center","background-size":"auto","background-attachment":"scroll","background-type":"","background-media":"","overlay-type":"","overlay-color":"","overlay-opacity":"","overlay-gradient":""},"tablet":{"background-color":"var(--ast-global-color-5)","background-image":"","background-repeat":"repeat","background-position":"center center","background-size":"auto","background-attachment":"scroll","background-type":"","background-media":"","overlay-type":"","overlay-color":"","overlay-opacity":"","overlay-gradient":""},"mobile":{"background-color":"var(--ast-global-color-5)","background-image":"","background-repeat":"repeat","background-position":"center center","background-size":"auto","background-attachment":"scroll","background-type":"","background-media":"","overlay-type":"","overlay-color":"","overlay-opacity":"","overlay-gradient":""}}},"product_brand":[],"product_cat":[731,116,33],"product_tag":[561,700,560,702,701,73,56],"class_list":{"0":"post-6732","1":"product","2":"type-product","3":"status-publish","4":"has-post-thumbnail","6":"product_cat-manual-gate-valve","7":"product_cat-manual-valves","8":"product_cat-products","9":"product_tag-gate-valve","10":"product_tag-gate-valve-with-handwheel","11":"product_tag-gate-valves","12":"product_tag-manual-flange-gate-valve","13":"product_tag-stainless-steel-flange-gate-valve","14":"product_tag-valve","15":"product_tag-valves","16":"desktop-align-center","17":"tablet-align-left","18":"mobile-align-left","20":"first","21":"instock","22":"shipping-taxable","23":"product-type-simple"},"_links":{"self":[{"href":"https:\/\/www.delcofluid.com\/vi\/wp-json\/wp\/v2\/product\/6732","targetHints":{"allow":["GET"]}}],"collection":[{"href":"https:\/\/www.delcofluid.com\/vi\/wp-json\/wp\/v2\/product"}],"about":[{"href":"https:\/\/www.delcofluid.com\/vi\/wp-json\/wp\/v2\/types\/product"}],"version-history":[{"count":0,"href":"https:\/\/www.delcofluid.com\/vi\/wp-json\/wp\/v2\/product\/6732\/revisions"}],"wp:featuredmedia":[{"embeddable":true,"href":"https:\/\/www.delcofluid.com\/vi\/wp-json\/wp\/v2\/media\/7145"}],"wp:attachment":[{"href":"https:\/\/www.delcofluid.com\/vi\/wp-json\/wp\/v2\/media?parent=6732"}],"wp:term":[{"taxonomy":"product_brand","embeddable":true,"href":"https:\/\/www.delcofluid.com\/vi\/wp-json\/wp\/v2\/product_brand?post=6732"},{"taxonomy":"product_cat","embeddable":true,"href":"https:\/\/www.delcofluid.com\/vi\/wp-json\/wp\/v2\/product_cat?post=6732"},{"taxonomy":"product_tag","embeddable":true,"href":"https:\/\/www.delcofluid.com\/vi\/wp-json\/wp\/v2\/product_tag?post=6732"}],"curies":[{"name":"wp","href":"https:\/\/api.w.org\/{rel}","templated":true}]}}