{"id":6945,"date":"2024-07-15T03:00:38","date_gmt":"2024-07-15T02:00:38","guid":{"rendered":"https:\/\/www.delcofluid.com\/?post_type=product&#038;p=6945"},"modified":"2024-12-04T09:44:44","modified_gmt":"2024-12-04T09:44:44","slug":"stainless-steel-sanitary-silicone-diaphragm-solenoid-valves-2w-10b","status":"publish","type":"product","link":"https:\/\/www.delcofluid.com\/vi\/san-pham\/stainless-steel-sanitary-silicone-diaphragm-solenoid-valves-2w-10b\/","title":{"rendered":"Van \u0111i\u1ec7n t\u1eeb m\u00e0ng silicon v\u1ec7 sinh b\u1eb1ng th\u00e9p kh\u00f4ng g\u1ec9 DELCO-2W-10B"},"content":{"rendered":"<div data-elementor-type=\"product-post\" data-elementor-id=\"6945\" class=\"elementor elementor-6945\" data-elementor-post-type=\"product\">\n\t\t\t\t<div class=\"elementor-element elementor-element-d687e8c e-con-full e-flex e-con e-parent\" data-id=\"d687e8c\" data-element_type=\"container\" data-e-type=\"container\" data-settings=\"{&quot;ekit_has_onepagescroll_dot&quot;:&quot;yes&quot;}\">\n\t\t<div class=\"elementor-element elementor-element-af28963 e-con-full e-flex e-con e-child\" data-id=\"af28963\" data-element_type=\"container\" data-e-type=\"container\" data-settings=\"{&quot;ekit_has_onepagescroll_dot&quot;:&quot;yes&quot;}\">\n\t\t\t\t<div class=\"elementor-element elementor-element-d09385f elementor-widget elementor-widget-heading\" data-id=\"d09385f\" data-element_type=\"widget\" data-e-type=\"widget\" data-settings=\"{&quot;ekit_we_effect_on&quot;:&quot;none&quot;}\" data-widget_type=\"heading.default\">\n\t\t\t\t<div class=\"elementor-widget-container\">\n\t\t\t\t\t<h2 class=\"elementor-heading-title elementor-size-default\">\u1ee8ng d\u1ee5ng van \u0111i\u1ec7n t\u1eeb v\u1ec7 sinh:<\/h2>\t\t\t\t<\/div>\n\t\t\t\t<\/div>\n\t\t\t\t<div class=\"elementor-element elementor-element-12e21a0 elementor-widget__width-initial elementor-widget elementor-widget-text-editor\" data-id=\"12e21a0\" data-element_type=\"widget\" data-e-type=\"widget\" data-settings=\"{&quot;ekit_we_effect_on&quot;:&quot;none&quot;}\" data-widget_type=\"text-editor.default\">\n\t\t\t\t<div class=\"elementor-widget-container\">\n\t\t\t\t\t\t\t\t\t<p>Van \u0111i\u1ec7n t\u1eeb v\u1ec7 sinh \u0111\u01b0\u1ee3c s\u1eed d\u1ee5ng r\u1ed9ng r\u00e3i trong c\u00e1c ng\u00e0nh c\u00f4ng nghi\u1ec7p m\u00e0 v\u1ec7 sinh l\u00e0 y\u1ebfu t\u1ed1 quan tr\u1ecdng, ch\u1eb3ng h\u1ea1n nh\u01b0 th\u1ef1c ph\u1ea9m v\u00e0 \u0111\u1ed3 u\u1ed1ng, d\u01b0\u1ee3c ph\u1ea9m, c\u00f4ng ngh\u1ec7 sinh h\u1ecdc v\u00e0 m\u1ef9 ph\u1ea9m. Ch\u00fang \u0111\u01b0\u1ee3c s\u1eed d\u1ee5ng trong vi\u1ec7c ph\u00e2n ph\u1ed1i th\u00e0nh ph\u1ea7n, chi\u1ebft r\u00f3t s\u1ea3n ph\u1ea9m, h\u1ec7 th\u1ed1ng CIP (l\u00e0m s\u1ea1ch t\u1ea1i ch\u1ed7) v\u00e0 ki\u1ec3m so\u00e1t l\u00f2 ph\u1ea3n \u1ee9ng sinh h\u1ecdc. C\u00e1c van n\u00e0y r\u1ea5t c\u1ea7n thi\u1ebft \u0111\u1ec3 duy tr\u00ec t\u00ednh to\u00e0n v\u1eb9n c\u1ee7a c\u00e1c quy tr\u00ecnh v\u1ec7 sinh v\u00e0 \u0111\u1ea3m b\u1ea3o tu\u00e2n th\u1ee7 c\u00e1c ti\u00eau chu\u1ea9n quy \u0111\u1ecbnh nghi\u00eam ng\u1eb7t.<\/p>\t\t\t\t\t\t\t\t<\/div>\n\t\t\t\t<\/div>\n\t\t\t\t<div class=\"elementor-element elementor-element-088f1a6 elementor-widget elementor-widget-heading\" data-id=\"088f1a6\" data-element_type=\"widget\" data-e-type=\"widget\" data-settings=\"{&quot;ekit_we_effect_on&quot;:&quot;none&quot;}\" data-widget_type=\"heading.default\">\n\t\t\t\t<div class=\"elementor-widget-container\">\n\t\t\t\t\t<h2 class=\"elementor-heading-title elementor-size-default\">Thu\u1eadn l\u1ee3i:<\/h2>\t\t\t\t<\/div>\n\t\t\t\t<\/div>\n\t\t\t\t<div class=\"elementor-element elementor-element-d3e9cb5 elementor-widget__width-initial elementor-widget elementor-widget-text-editor\" data-id=\"d3e9cb5\" data-element_type=\"widget\" data-e-type=\"widget\" data-settings=\"{&quot;ekit_we_effect_on&quot;:&quot;none&quot;}\" data-widget_type=\"text-editor.default\">\n\t\t\t\t<div class=\"elementor-widget-container\">\n\t\t\t\t\t\t\t\t\t<p>\u01afu \u0111i\u1ec3m c\u1ee7a van \u0111i\u1ec7n t\u1eeb v\u1ec7 sinh r\u1ea5t \u0111a d\u1ea1ng. Thi\u1ebft k\u1ebf v\u1ec7 sinh c\u1ee7a ch\u00fang gi\u1ea3m thi\u1ec3u nguy c\u01a1 nhi\u1ec5m b\u1ea9n s\u1ea3n ph\u1ea9m, b\u1ea3o v\u1ec7 ch\u1ea5t l\u01b0\u1ee3ng v\u00e0 s\u1ef1 an to\u00e0n c\u1ee7a c\u00e1c s\u1ea3n ph\u1ea9m nh\u1ea1y c\u1ea3m. Ngo\u00e0i ra, kh\u1ea3 n\u0103ng ki\u1ec3m so\u00e1t ch\u00ednh x\u00e1c c\u1ee7a ch\u00fang t\u1ed1i \u01b0u h\u00f3a hi\u1ec7u qu\u1ea3 quy tr\u00ecnh v\u00e0 gi\u1ea3m l\u00e3ng ph\u00ed s\u1ea3n ph\u1ea9m. H\u01a1n n\u1eefa, c\u00e1c van n\u00e0y d\u1ec5 d\u00e0ng t\u00edch h\u1ee3p v\u00e0o c\u00e1c h\u1ec7 th\u1ed1ng hi\u1ec7n c\u00f3 v\u00e0 y\u00eau c\u1ea7u b\u1ea3o tr\u00ec t\u1ed1i thi\u1ec3u, g\u00f3p ph\u1ea7n v\u00e0o \u0111\u1ed9 tin c\u1eady v\u1eadn h\u00e0nh t\u1ed5ng th\u1ec3 v\u00e0 hi\u1ec7u qu\u1ea3 v\u1ec1 chi ph\u00ed.<\/p>\t\t\t\t\t\t\t\t<\/div>\n\t\t\t\t<\/div>\n\t\t\t\t<\/div>\n\t\t<div class=\"elementor-element elementor-element-3ba88f2 e-con-full e-flex e-con e-child\" data-id=\"3ba88f2\" data-element_type=\"container\" data-e-type=\"container\" data-settings=\"{&quot;ekit_has_onepagescroll_dot&quot;:&quot;yes&quot;}\">\n\t\t\t\t<div class=\"elementor-element elementor-element-a34c371 elementor-widget__width-initial elementor-widget elementor-widget-image\" data-id=\"a34c371\" data-element_type=\"widget\" data-e-type=\"widget\" data-settings=\"{&quot;ekit_we_effect_on&quot;:&quot;none&quot;}\" data-widget_type=\"image.default\">\n\t\t\t\t<div class=\"elementor-widget-container\">\n\t\t\t\t\t\t\t\t\t\t\t\t\t\t\t<img fetchpriority=\"high\" decoding=\"async\" width=\"1024\" height=\"1024\" src=\"https:\/\/www.delcofluid.com\/wp-content\/uploads\/2024\/03\/z4-6-1024x1024.jpg\" class=\"attachment-large size-large wp-image-3062\" alt=\"sanitary solenoid valve\" srcset=\"https:\/\/www.delcofluid.com\/wp-content\/uploads\/2024\/03\/z4-6-1024x1024.jpg 1024w, https:\/\/www.delcofluid.com\/wp-content\/uploads\/2024\/03\/z4-6-300x300.jpg 300w, https:\/\/www.delcofluid.com\/wp-content\/uploads\/2024\/03\/z4-6-100x100.jpg 100w, https:\/\/www.delcofluid.com\/wp-content\/uploads\/2024\/03\/z4-6-600x600.jpg 600w, https:\/\/www.delcofluid.com\/wp-content\/uploads\/2024\/03\/z4-6-150x150.jpg 150w, https:\/\/www.delcofluid.com\/wp-content\/uploads\/2024\/03\/z4-6-768x768.jpg 768w, https:\/\/www.delcofluid.com\/wp-content\/uploads\/2024\/03\/z4-6.jpg 1500w\" sizes=\"(max-width: 1024px) 100vw, 1024px\" \/>\t\t\t\t\t\t\t\t\t\t\t\t\t\t\t<\/div>\n\t\t\t\t<\/div>\n\t\t\t\t<\/div>\n\t\t\t\t<\/div>\n\t\t<div class=\"elementor-element elementor-element-15c4c55 e-con-full e-flex e-con e-parent\" data-id=\"15c4c55\" data-element_type=\"container\" data-e-type=\"container\" data-settings=\"{&quot;background_background&quot;:&quot;classic&quot;,&quot;ekit_has_onepagescroll_dot&quot;:&quot;yes&quot;}\">\n\t\t\t\t<div class=\"elementor-element elementor-element-cf7446a elementor-widget elementor-widget-heading\" data-id=\"cf7446a\" data-element_type=\"widget\" data-e-type=\"widget\" data-settings=\"{&quot;ekit_we_effect_on&quot;:&quot;none&quot;}\" data-widget_type=\"heading.default\">\n\t\t\t\t<div class=\"elementor-widget-container\">\n\t\t\t\t\t<h2 class=\"elementor-heading-title elementor-size-default\">Th\u00f4ng s\u1ed1 k\u1ef9 thu\u1eadt c\u1ee7a van \u0111i\u1ec7n t\u1eeb v\u1ec7 sinh:<\/h2>\t\t\t\t<\/div>\n\t\t\t\t<\/div>\n\t\t\t\t<\/div>\n\t\t<div class=\"elementor-element elementor-element-0b18e32 e-flex e-con-boxed e-con e-parent\" data-id=\"0b18e32\" data-element_type=\"container\" data-e-type=\"container\" data-settings=\"{&quot;ekit_has_onepagescroll_dot&quot;:&quot;yes&quot;}\">\n\t\t\t\t\t<div class=\"e-con-inner\">\n\t\t\t\t<div class=\"elementor-element elementor-element-ffd4484 elementor-widget elementor-widget-text-editor\" data-id=\"ffd4484\" data-element_type=\"widget\" data-e-type=\"widget\" data-settings=\"{&quot;ekit_we_effect_on&quot;:&quot;none&quot;}\" data-widget_type=\"text-editor.default\">\n\t\t\t\t<div class=\"elementor-widget-container\">\n\t\t\t\t\t\t\t\t\t<table style=\"border-collapse: collapse;width: 930.77pt\" border=\"0\" width=\"629\" cellspacing=\"0\" cellpadding=\"0\"><tbody><tr style=\"height: 35.00pt\"><td class=\"et2\" style=\"height: 35.00pt;width: 158.25pt\" width=\"211\" height=\"46\">Ph\u1ea1m vi k\u00edch th\u01b0\u1edbc<\/td><td class=\"et2\" style=\"width: 313.50pt\" width=\"418\">DN10~DN50 (3\/8\u2033~2\u2033)<\/td><\/tr><tr style=\"height: 35.00pt\"><td class=\"et2\" style=\"height: 35.00pt;width: 158.25pt\" width=\"211\" height=\"46\">\u00c1p su\u1ea5t danh ngh\u0129a<\/td><td class=\"et2\" style=\"width: 313.50pt\" width=\"418\">0~1.6MPa<\/td><\/tr><tr style=\"height: 35.00pt\"><td class=\"et2\" style=\"height: 35.00pt;width: 158.25pt\" width=\"211\" height=\"46\">Ch\u1ebf \u0111\u1ed9 chuy\u1ec3n \u0111\u1ed5i<\/td><td class=\"et2\" style=\"width: 313.50pt\" width=\"418\">Th\u01b0\u1eddng \u0111\u00f3ng, th\u01b0\u1eddng m\u1edf<\/td><\/tr><tr style=\"height: 35.00pt\"><td class=\"et2\" style=\"height: 35.00pt;width: 158.25pt\" width=\"211\" height=\"46\">S\u1ef1 li\u00ean quan<\/td><td class=\"et2\" style=\"width: 313.50pt\" width=\"418\">K\u1eb9p<\/td><\/tr><tr style=\"height: 35.00pt\"><td class=\"et2\" style=\"height: 35.00pt;width: 158.25pt\" width=\"211\" height=\"46\">V\u1eadt li\u1ec7u th\u00e2n m\u00e1y<\/td><td class=\"et2\" style=\"width: 313.50pt\" width=\"418\">Th\u00e9p kh\u00f4ng g\u1ec9<\/td><\/tr><tr style=\"height: 35.00pt\"><td class=\"et2\" style=\"height: 35.00pt;width: 158.25pt\" width=\"211\" height=\"46\">V\u1eadt li\u1ec7u ni\u00eam phong<\/td><td class=\"et2\" style=\"width: 313.50pt\" width=\"418\">PTFE, fluoroelastomer<\/td><\/tr><tr style=\"height: 35.00pt\"><td class=\"et2\" style=\"height: 35.00pt;width: 158.25pt\" width=\"211\" height=\"46\">\u0110i\u1ec7n \u00e1p cu\u1ed9n d\u00e2y<\/td><td class=\"et2\" style=\"width: 313.50pt\" width=\"418\">AC110V\/220V, DC12V\/24V<\/td><\/tr><tr style=\"height: 35.00pt\"><td class=\"et2\" style=\"height: 35.00pt;width: 158.25pt\" width=\"211\" height=\"46\">Ph\u01b0\u01a1ng ti\u1ec7n \u00e1p d\u1ee5ng<\/td><td class=\"et2\" style=\"width: 313.50pt\" width=\"418\">D\u1ea7u truy\u1ec1n nhi\u1ec7t h\u01a1i n\u01b0\u1edbc, l\u1ecfng (\u0110\u1ed9 nh\u1edbt \u2264 20cst)<\/td><\/tr><\/tbody><\/table><p>\u00a0<\/p>\t\t\t\t\t\t\t\t<\/div>\n\t\t\t\t<\/div>\n\t\t\t\t<div class=\"elementor-element elementor-element-fe1154f elementor-widget elementor-widget-heading\" data-id=\"fe1154f\" data-element_type=\"widget\" data-e-type=\"widget\" data-settings=\"{&quot;ekit_we_effect_on&quot;:&quot;none&quot;}\" data-widget_type=\"heading.default\">\n\t\t\t\t<div class=\"elementor-widget-container\">\n\t\t\t\t\t<h2 class=\"elementor-heading-title elementor-size-default\">Ph\u1ea7n k\u1ebft lu\u1eadn:<\/h2>\t\t\t\t<\/div>\n\t\t\t\t<\/div>\n\t\t\t\t<div class=\"elementor-element elementor-element-472bfac elementor-widget elementor-widget-text-editor\" data-id=\"472bfac\" data-element_type=\"widget\" data-e-type=\"widget\" data-settings=\"{&quot;ekit_we_effect_on&quot;:&quot;none&quot;}\" data-widget_type=\"text-editor.default\">\n\t\t\t\t<div class=\"elementor-widget-container\">\n\t\t\t\t\t\t\t\t\t<p>T\u00f3m l\u1ea1i, van \u0111i\u1ec7n t\u1eeb v\u1ec7 sinh \u0111\u00f3ng vai tr\u00f2 quan tr\u1ecdng trong vi\u1ec7c duy tr\u00ec v\u1ec7 sinh v\u00e0 t\u00ednh to\u00e0n v\u1eb9n c\u1ee7a s\u1ea3n ph\u1ea9m trong c\u00e1c \u1ee9ng d\u1ee5ng x\u1eed l\u00fd ch\u1ea5t l\u1ecfng nh\u1ea1y c\u1ea3m. V\u1edbi thi\u1ebft k\u1ebf v\u1ec7 sinh, ho\u1ea1t \u0111\u1ed9ng ch\u00ednh x\u00e1c v\u00e0 kh\u1ea3 n\u0103ng \u1ee9ng d\u1ee5ng r\u1ed9ng r\u00e3i, c\u00e1c van n\u00e0y l\u00e0 th\u00e0nh ph\u1ea7n kh\u00f4ng th\u1ec3 thi\u1ebfu trong c\u00e1c ng\u00e0nh c\u00f4ng nghi\u1ec7p m\u00e0 \u0111\u1ed9 tinh khi\u1ebft c\u1ee7a s\u1ea3n ph\u1ea9m l\u00e0 t\u1ed1i quan tr\u1ecdng. Khi c\u00e1c nh\u00e0 s\u1ea3n xu\u1ea5t ti\u1ebfp t\u1ee5c \u01b0u ti\u00ean ch\u1ea5t l\u01b0\u1ee3ng v\u00e0 tu\u00e2n th\u1ee7 quy \u0111\u1ecbnh, nhu c\u1ea7u v\u1ec1 van \u0111i\u1ec7n t\u1eeb v\u1ec7 sinh s\u1ebd v\u1eabn m\u1ea1nh m\u1ebd, th\u00fac \u0111\u1ea9y s\u1ef1 \u0111\u1ed5i m\u1edbi v\u00e0 ti\u1ebfn b\u1ed9 trong c\u00f4ng ngh\u1ec7 ki\u1ec3m so\u00e1t ch\u1ea5t l\u1ecfng v\u1ec7 sinh.<\/p>\t\t\t\t\t\t\t\t<\/div>\n\t\t\t\t<\/div>\n\t\t\t\t\t<\/div>\n\t\t\t\t<\/div>\n\t\t\t\t<\/div>","protected":false},"excerpt":{"rendered":"<p>Van \u0111i\u1ec7n t\u1eeb v\u1ec7 sinh l\u00e0 c\u00e1c th\u00e0nh ph\u1ea7n chuy\u00ean d\u1ee5ng \u0111\u01b0\u1ee3c thi\u1ebft k\u1ebf \u0111\u1ec3 duy tr\u00ec \u0111i\u1ec1u ki\u1ec7n v\u1ec7 sinh trong c\u00e1c h\u1ec7 th\u1ed1ng x\u1eed l\u00fd ch\u1ea5t l\u1ecfng. \u0110\u01b0\u1ee3c thi\u1ebft k\u1ebf cho c\u00e1c \u1ee9ng d\u1ee5ng m\u00e0 s\u1ef1 s\u1ea1ch s\u1ebd v\u00e0 \u0111\u1ed9 tinh khi\u1ebft l\u00e0 t\u1ed1i quan tr\u1ecdng, c\u00e1c van n\u00e0y cung c\u1ea5p kh\u1ea3 n\u0103ng ki\u1ec3m so\u00e1t ch\u00ednh x\u00e1c d\u00f2ng ch\u1ea5t l\u1ecfng v\u00e0 kh\u00ed trong khi gi\u1ea3m thi\u1ec3u nguy c\u01a1 \u00f4 nhi\u1ec5m. Trong h\u01b0\u1edbng d\u1eabn to\u00e0n di\u1ec7n n\u00e0y, ch\u00fang t\u00f4i kh\u00e1m ph\u00e1 c\u00e1c t\u00ednh n\u0103ng, nguy\u00ean l\u00fd ho\u1ea1t \u0111\u1ed9ng, \u1ee9ng d\u1ee5ng v\u00e0 l\u1ee3i th\u1ebf c\u1ee7a van \u0111i\u1ec7n t\u1eeb v\u1ec7 sinh.<\/p>\n<p>Van \u0111i\u1ec7n t\u1eeb v\u1ec7 sinh c\u00f3 thi\u1ebft k\u1ebf v\u1ec7 sinh v\u1edbi b\u1ec1 m\u1eb7t nh\u1eb5n v\u00e0 kho\u1ea3ng ch\u1ebft t\u1ed1i thi\u1ec3u \u0111\u1ec3 ng\u0103n ng\u1eeba vi khu\u1ea9n t\u00edch t\u1ee5 v\u00e0 t\u1ea1o \u0111i\u1ec1u ki\u1ec7n v\u1ec7 sinh d\u1ec5 d\u00e0ng. Ch\u00fang s\u1eed d\u1ee5ng c\u00f4ng ngh\u1ec7 \u0111i\u1ec7n t\u1eeb ti\u00ean ti\u1ebfn \u0111\u1ec3 \u0111i\u1ec1u ch\u1ec9nh d\u00f2ng ch\u1ea3y c\u1ee7a ch\u1ea5t l\u1ecfng, \u0111\u1ea3m b\u1ea3o x\u1eed l\u00fd ch\u00ednh x\u00e1c v\u00e0 v\u1ec7 sinh trong m\u00f4i tr\u01b0\u1eddng nh\u1ea1y c\u1ea3m. V\u1edbi c\u00e1c v\u1eadt li\u1ec7u nh\u01b0 th\u00e9p kh\u00f4ng g\u1ec9 v\u00e0 ch\u1ea5t \u0111\u00e0n h\u1ed3i \u0111\u01b0\u1ee3c FDA ch\u1ea5p thu\u1eadn, c\u00e1c van n\u00e0y c\u00f3 kh\u1ea3 n\u0103ng ch\u1ed1ng \u0103n m\u00f2n v\u00e0 ti\u1ebfp x\u00fac v\u1edbi h\u00f3a ch\u1ea5t tuy\u1ec7t v\u1eddi.<\/p>\n<p><strong>Ng\u01b0\u1eddi m\u1eabu:<\/strong>\u00a02W10B<br \/>\n<strong>Ph\u1ea1m vi k\u00edch th\u01b0\u1edbc: <\/strong>3\/8\u201d~2\u201d<br \/>\n<strong>Ph\u1ea1m vi \u00e1p su\u1ea5t:<\/strong>\u00a00.0MPa-1.6MPa<br \/>\n<strong>V\u1eadt li\u1ec7u:<\/strong>\u00a0Th\u00e9p kh\u00f4ng g\u1ec9 304\/316<\/p>","protected":false},"featured_media":6925,"template":"","meta":{"site-sidebar-layout":"default","site-content-layout":"","ast-site-content-layout":"default","site-content-style":"default","site-sidebar-style":"default","ast-global-header-display":"","ast-banner-title-visibility":"","ast-main-header-display":"","ast-hfb-above-header-display":"","ast-hfb-below-header-display":"","ast-hfb-mobile-header-display":"","site-post-title":"","ast-breadcrumbs-content":"","ast-featured-img":"","footer-sml-layout":"","ast-disable-related-posts":"","theme-transparent-header-meta":"default","adv-header-id-meta":"","stick-header-meta":"","header-above-stick-meta":"","header-main-stick-meta":"","header-below-stick-meta":"","astra-migrate-meta-layouts":"set","ast-page-background-enabled":"default","ast-page-background-meta":{"desktop":{"background-color":"var(--ast-global-color-4)","background-image":"","background-repeat":"repeat","background-position":"center center","background-size":"auto","background-attachment":"scroll","background-type":"","background-media":"","overlay-type":"","overlay-color":"","overlay-opacity":"","overlay-gradient":""},"tablet":{"background-color":"","background-image":"","background-repeat":"repeat","background-position":"center center","background-size":"auto","background-attachment":"scroll","background-type":"","background-media":"","overlay-type":"","overlay-color":"","overlay-opacity":"","overlay-gradient":""},"mobile":{"background-color":"","background-image":"","background-repeat":"repeat","background-position":"center center","background-size":"auto","background-attachment":"scroll","background-type":"","background-media":"","overlay-type":"","overlay-color":"","overlay-opacity":"","overlay-gradient":""}},"ast-content-background-meta":{"desktop":{"background-color":"var(--ast-global-color-5)","background-image":"","background-repeat":"repeat","background-position":"center center","background-size":"auto","background-attachment":"scroll","background-type":"","background-media":"","overlay-type":"","overlay-color":"","overlay-opacity":"","overlay-gradient":""},"tablet":{"background-color":"var(--ast-global-color-5)","background-image":"","background-repeat":"repeat","background-position":"center center","background-size":"auto","background-attachment":"scroll","background-type":"","background-media":"","overlay-type":"","overlay-color":"","overlay-opacity":"","overlay-gradient":""},"mobile":{"background-color":"var(--ast-global-color-5)","background-image":"","background-repeat":"repeat","background-position":"center center","background-size":"auto","background-attachment":"scroll","background-type":"","background-media":"","overlay-type":"","overlay-color":"","overlay-opacity":"","overlay-gradient":""}}},"product_brand":[],"product_cat":[33,711,37],"product_tag":[206,207,158,156,73,56],"class_list":{"0":"post-6945","1":"product","2":"type-product","3":"status-publish","4":"has-post-thumbnail","6":"product_cat-products","7":"product_cat-sanitary-solenoid-valve","8":"product_cat-solenoid-valves","9":"product_tag-sanitary-solenoid-valve","10":"product_tag-sanitary-solenoid-valves","11":"product_tag-solenoid-valve","12":"product_tag-solenoid-valves","13":"product_tag-valve","14":"product_tag-valves","15":"desktop-align-center","16":"tablet-align-left","17":"mobile-align-left","19":"first","20":"instock","21":"shipping-taxable","22":"product-type-simple"},"_links":{"self":[{"href":"https:\/\/www.delcofluid.com\/vi\/wp-json\/wp\/v2\/product\/6945","targetHints":{"allow":["GET"]}}],"collection":[{"href":"https:\/\/www.delcofluid.com\/vi\/wp-json\/wp\/v2\/product"}],"about":[{"href":"https:\/\/www.delcofluid.com\/vi\/wp-json\/wp\/v2\/types\/product"}],"version-history":[{"count":0,"href":"https:\/\/www.delcofluid.com\/vi\/wp-json\/wp\/v2\/product\/6945\/revisions"}],"wp:featuredmedia":[{"embeddable":true,"href":"https:\/\/www.delcofluid.com\/vi\/wp-json\/wp\/v2\/media\/6925"}],"wp:attachment":[{"href":"https:\/\/www.delcofluid.com\/vi\/wp-json\/wp\/v2\/media?parent=6945"}],"wp:term":[{"taxonomy":"product_brand","embeddable":true,"href":"https:\/\/www.delcofluid.com\/vi\/wp-json\/wp\/v2\/product_brand?post=6945"},{"taxonomy":"product_cat","embeddable":true,"href":"https:\/\/www.delcofluid.com\/vi\/wp-json\/wp\/v2\/product_cat?post=6945"},{"taxonomy":"product_tag","embeddable":true,"href":"https:\/\/www.delcofluid.com\/vi\/wp-json\/wp\/v2\/product_tag?post=6945"}],"curies":[{"name":"wp","href":"https:\/\/api.w.org\/{rel}","templated":true}]}}