{"id":8289,"date":"2024-08-12T09:22:45","date_gmt":"2024-08-12T08:22:45","guid":{"rendered":"https:\/\/www.delcofluid.com\/?post_type=product&#038;p=8289"},"modified":"2024-08-15T03:16:50","modified_gmt":"2024-08-15T02:16:50","slug":"delco-manual-pvc-cpvc-plastic-ball-valve","status":"publish","type":"product","link":"https:\/\/www.delcofluid.com\/vi\/san-pham\/delco-manual-pvc-cpvc-plastic-ball-valve\/","title":{"rendered":"Van bi nh\u1ef1a PVC\/CPVC th\u1ee7 c\u00f4ng DELCO"},"content":{"rendered":"<div data-elementor-type=\"product-post\" data-elementor-id=\"8289\" class=\"elementor elementor-8289\" data-elementor-post-type=\"product\">\n\t\t\t\t<div class=\"elementor-element elementor-element-6fb59a60 e-con-full e-flex e-con e-parent\" data-id=\"6fb59a60\" data-element_type=\"container\" data-e-type=\"container\" data-settings=\"{&quot;ekit_has_onepagescroll_dot&quot;:&quot;yes&quot;}\">\n\t\t<div class=\"elementor-element elementor-element-b2e102c e-con-full e-flex e-con e-child\" data-id=\"b2e102c\" data-element_type=\"container\" data-e-type=\"container\" data-settings=\"{&quot;ekit_has_onepagescroll_dot&quot;:&quot;yes&quot;}\">\n\t\t\t\t<div class=\"elementor-element elementor-element-4c3cf80 elementor-widget elementor-widget-heading\" data-id=\"4c3cf80\" data-element_type=\"widget\" data-e-type=\"widget\" data-settings=\"{&quot;ekit_we_effect_on&quot;:&quot;none&quot;}\" data-widget_type=\"heading.default\">\n\t\t\t\t<div class=\"elementor-widget-container\">\n\t\t\t\t\t<h2 class=\"elementor-heading-title elementor-size-default\">\u0110\u1eb7c tr\u01b0ng<\/h2>\t\t\t\t<\/div>\n\t\t\t\t<\/div>\n\t\t\t\t<div class=\"elementor-element elementor-element-1af4cc68 elementor-widget__width-initial elementor-widget elementor-widget-text-editor\" data-id=\"1af4cc68\" data-element_type=\"widget\" data-e-type=\"widget\" data-settings=\"{&quot;ekit_we_effect_on&quot;:&quot;none&quot;}\" data-widget_type=\"text-editor.default\">\n\t\t\t\t<div class=\"elementor-widget-container\">\n\t\t\t\t\t\t\t\t\t<ul><li>Nh\u1eb9 v\u00e0 nh\u1ecf g\u1ecdn: th\u00e2n van c\u00f3 tr\u1ecdng l\u01b0\u1ee3ng nh\u1eb9 v\u00e0 k\u00edch th\u01b0\u1edbc nh\u1ecf, d\u1ec5 l\u1eafp \u0111\u1eb7t v\u00e0 b\u1ea3o tr\u00ec.<\/li><li>Kh\u1ea3 n\u0103ng ch\u1ed1ng \u0103n m\u00f2n m\u1ea1nh: th\u00edch h\u1ee3p v\u1edbi nhi\u1ec1u m\u00f4i tr\u01b0\u1eddng kh\u00e1c nhau, \u0111\u1eb7c bi\u1ec7t l\u00e0 h\u00f3a ch\u1ea5t \u0103n m\u00f2n, \u0111\u01b0\u1ee3c s\u1eed d\u1ee5ng r\u1ed9ng r\u00e3i trong ng\u00e0nh th\u1ef1c ph\u1ea9m, x\u1eed l\u00fd n\u01b0\u1edbc, t\u01b0\u1edbi ti\u00eau v\u00e0 c\u00e1c l\u0129nh v\u1ef1c kh\u00e1c.<\/li><li>V\u1eadt li\u1ec7u an to\u00e0n, kh\u00f4ng \u0111\u1ed9c h\u1ea1i: \u0111\u01b0\u1ee3c l\u00e0m b\u1eb1ng v\u1eadt li\u1ec7u v\u1ec7 sinh, \u0111\u1ea1t ti\u00eau chu\u1ea9n th\u1ef1c ph\u1ea9m, \u0111\u1ea3m b\u1ea3o an to\u00e0n cho m\u00f4i tr\u01b0\u1eddng.<\/li><li>D\u1ec5 th\u00e1o r\u1eddi v\u00e0 b\u1ea3o tr\u00ec: c\u1ea5u tr\u00fac \u0111\u01b0\u1ee3c thi\u1ebft k\u1ebf \u0111\u1ec3 d\u1ec5 d\u00e0ng th\u00e1o r\u1eddi v\u00e0 thay th\u1ebf c\u00e1c b\u1ed9 ph\u1eadn, gi\u1ea3m kh\u00f3 kh\u0103n v\u00e0 th\u1eddi gian b\u1ea3o tr\u00ec.<\/li><li>Nhi\u1ec1u ph\u01b0\u01a1ng ph\u00e1p k\u1ebft n\u1ed1i: h\u1ed7 tr\u1ee3 m\u1eb7t b\u00edch, ren, theo \u0111\u01a1n \u0111\u1eb7t h\u00e0ng v\u00e0 c\u00e1c h\u00ecnh th\u1ee9c k\u1ebft n\u1ed1i kh\u00e1c \u0111\u1ec3 \u0111\u00e1p \u1ee9ng nhu c\u1ea7u c\u1ee7a c\u00e1c h\u1ec7 th\u1ed1ng \u0111\u01b0\u1eddng \u1ed1ng kh\u00e1c nhau.<\/li><li>V\u1eadn h\u00e0nh d\u1ec5 d\u00e0ng: th\u00f4ng qua v\u1eadn h\u00e0nh th\u1ee7 c\u00f4ng, van c\u00f3 th\u1ec3 xoay 90 \u0111\u1ed9, d\u1ec5 d\u00e0ng ki\u1ec3m so\u00e1t d\u00f2ng ch\u1ea3y v\u00e0 ch\u1eb7n ch\u1ea5t l\u1ecfng.<\/li><li>Ph\u1ea1m vi \u1ee9ng d\u1ee5ng r\u1ed9ng r\u00e3i: c\u00f3 th\u1ec3 s\u1eed d\u1ee5ng trong n\u01b0\u1edbc tinh khi\u1ebft, ch\u1ea5t l\u1ecfng thu\u1ed1c \u1edf nhi\u1ec7t \u0111\u1ed9 cao v\u00e0 th\u1ea5p, th\u1ef1c ph\u1ea9m, n\u01b0\u1edbc su\u1ed1i n\u00f3ng v\u00e0 h\u1ec7 th\u1ed1ng truy\u1ec1n n\u01b0\u1edbc n\u00f3ng d\u00e2n d\u1ee5ng<\/li><\/ul>\t\t\t\t\t\t\t\t<\/div>\n\t\t\t\t<\/div>\n\t\t\t\t<\/div>\n\t\t\t\t<div class=\"elementor-element elementor-element-8e57110 elementor-widget elementor-widget-image\" data-id=\"8e57110\" data-element_type=\"widget\" data-e-type=\"widget\" data-settings=\"{&quot;ekit_we_effect_on&quot;:&quot;none&quot;}\" data-widget_type=\"image.default\">\n\t\t\t\t<div class=\"elementor-widget-container\">\n\t\t\t\t\t\t\t\t\t\t\t\t\t\t\t<img fetchpriority=\"high\" decoding=\"async\" width=\"974\" height=\"1024\" src=\"https:\/\/www.delcofluid.com\/wp-content\/uploads\/2024\/08\/PVC\u7403\u9600-2-974x1024.png\" class=\"attachment-large size-large wp-image-8300\" alt=\"PVC ball valve\" srcset=\"https:\/\/www.delcofluid.com\/wp-content\/uploads\/2024\/08\/PVC\u7403\u9600-2-974x1024.png 974w, https:\/\/www.delcofluid.com\/wp-content\/uploads\/2024\/08\/PVC\u7403\u9600-2-285x300.png 285w, https:\/\/www.delcofluid.com\/wp-content\/uploads\/2024\/08\/PVC\u7403\u9600-2-768x807.png 768w, https:\/\/www.delcofluid.com\/wp-content\/uploads\/2024\/08\/PVC\u7403\u9600-2-1462x1536.png 1462w, https:\/\/www.delcofluid.com\/wp-content\/uploads\/2024\/08\/PVC\u7403\u9600-2-1949x2048.png 1949w, https:\/\/www.delcofluid.com\/wp-content\/uploads\/2024\/08\/PVC\u7403\u9600-2-600x631.png 600w\" sizes=\"(max-width: 974px) 100vw, 974px\" \/>\t\t\t\t\t\t\t\t\t\t\t\t\t\t\t<\/div>\n\t\t\t\t<\/div>\n\t\t\t\t<\/div>\n\t\t<div class=\"elementor-element elementor-element-a55eeda e-flex e-con-boxed e-con e-parent\" data-id=\"a55eeda\" data-element_type=\"container\" data-e-type=\"container\" data-settings=\"{&quot;background_background&quot;:&quot;classic&quot;,&quot;ekit_has_onepagescroll_dot&quot;:&quot;yes&quot;}\">\n\t\t\t\t\t<div class=\"e-con-inner\">\n\t\t\t\t<div class=\"elementor-element elementor-element-585e9d9 elementor-widget elementor-widget-heading\" data-id=\"585e9d9\" data-element_type=\"widget\" data-e-type=\"widget\" data-settings=\"{&quot;ekit_we_effect_on&quot;:&quot;none&quot;}\" data-widget_type=\"heading.default\">\n\t\t\t\t<div class=\"elementor-widget-container\">\n\t\t\t\t\t<h2 class=\"elementor-heading-title elementor-size-default\">Th\u00f4ng s\u1ed1 k\u1ef9 thu\u1eadt<\/h2>\t\t\t\t<\/div>\n\t\t\t\t<\/div>\n\t\t\t\t\t<\/div>\n\t\t\t\t<\/div>\n\t\t<div class=\"elementor-element elementor-element-3414eb9 e-con-full e-flex e-con e-parent\" data-id=\"3414eb9\" data-element_type=\"container\" data-e-type=\"container\" data-settings=\"{&quot;background_background&quot;:&quot;classic&quot;,&quot;ekit_has_onepagescroll_dot&quot;:&quot;yes&quot;}\">\n\t\t\t\t<div class=\"elementor-element elementor-element-13df62f elementor-widget__width-initial elementor-widget elementor-widget-text-editor\" data-id=\"13df62f\" data-element_type=\"widget\" data-e-type=\"widget\" data-settings=\"{&quot;ekit_we_effect_on&quot;:&quot;none&quot;}\" data-widget_type=\"text-editor.default\">\n\t\t\t\t<div class=\"elementor-widget-container\">\n\t\t\t\t\t\t\t\t\t<p>\u00a0<\/p><table width=\"855\"><tbody><tr><td width=\"159\">Ph\u1ea1m vi k\u00edch th\u01b0\u1edbc:<\/td><td width=\"205\">1\/2\u2033 \u0111\u1ebfn 4\u2033<\/td><td width=\"146\">V\u1eadt li\u1ec7u:<\/td><td width=\"345\">nh\u1ef1a PVC<\/td><\/tr><tr><td width=\"159\">Ph\u1ea1m vi \u00e1p su\u1ea5t:<\/td><td>0~ 1.6MPa<\/td><td width=\"146\">Quy\u1ec1n l\u1ef1c:<\/td><td width=\"345\">X\u1eed l\u00fd<\/td><\/tr><tr><td width=\"159\">B\u1ea3o h\u00e0nh\uff1a<\/td><td width=\"205\">12 con b\u01b0\u1edbm \u0111\u00eam<\/td><td width=\"146\">Th\u00e2n h\u00ecnh:<\/td><td width=\"345\">Th\u00e9p kh\u00f4ng g\u1ec9<\/td><\/tr><tr><td width=\"159\">Ti\u00eau chu\u1ea9n s\u1ea3n xu\u1ea5t &amp; thi\u1ebft k\u1ebf:<\/td><td width=\"205\">GB\u3001DIN\u3001ANSI, v.v.<\/td><td width=\"146\">Ph\u01b0\u01a1ng ti\u1ec7n \u00e1p d\u1ee5ng:<\/td><td width=\"345\">N\u01b0\u1edbc, h\u01a1i n\u01b0\u1edbc, d\u1ea7u, v.v.<\/td><\/tr><\/tbody><\/table>\t\t\t\t\t\t\t\t<\/div>\n\t\t\t\t<\/div>\n\t\t\t\t<\/div>\n\t\t<div class=\"elementor-element elementor-element-daef6c8 e-con-full e-flex e-con e-parent\" data-id=\"daef6c8\" data-element_type=\"container\" data-e-type=\"container\" data-settings=\"{&quot;ekit_has_onepagescroll_dot&quot;:&quot;yes&quot;}\">\n\t\t\t\t<div class=\"elementor-element elementor-element-52ddb61 elementor-widget elementor-widget-heading\" data-id=\"52ddb61\" data-element_type=\"widget\" data-e-type=\"widget\" data-settings=\"{&quot;ekit_we_effect_on&quot;:&quot;none&quot;}\" data-widget_type=\"heading.default\">\n\t\t\t\t<div class=\"elementor-widget-container\">\n\t\t\t\t\t<h2 class=\"elementor-heading-title elementor-size-default\">\u1ee8ng d\u1ee5ng<\/h2>\t\t\t\t<\/div>\n\t\t\t\t<\/div>\n\t\t\t\t<div class=\"elementor-element elementor-element-ac1034b elementor-widget elementor-widget-text-editor\" data-id=\"ac1034b\" data-element_type=\"widget\" data-e-type=\"widget\" data-settings=\"{&quot;ekit_we_effect_on&quot;:&quot;none&quot;}\" data-widget_type=\"text-editor.default\">\n\t\t\t\t<div class=\"elementor-widget-container\">\n\t\t\t\t\t\t\t\t\t<p><strong>H\u1ec7 th\u1ed1ng x\u1eed l\u00fd n\u01b0\u1edbc<\/strong>: \u0111\u01b0\u1ee3c s\u1eed d\u1ee5ng \u0111\u1ec3 ki\u1ec3m so\u00e1t d\u00f2ng n\u01b0\u1edbc tinh khi\u1ebft, n\u01b0\u1edbc spa v\u00e0 n\u01b0\u1edbc u\u1ed1ng \u0111\u1ec3 \u0111\u1ea3m b\u1ea3o ch\u1ea5t l\u01b0\u1ee3ng n\u01b0\u1edbc an to\u00e0n.<\/p><p><strong>Ng\u00e0nh th\u1ef1c ph\u1ea9m v\u00e0 \u0111\u1ed3 u\u1ed1ng<\/strong>: \u0111\u01b0\u1ee3c s\u1eed d\u1ee5ng r\u1ed9ng r\u00e3i trong s\u1ea3n xu\u1ea5t th\u1ef1c ph\u1ea9m v\u00e0 \u0111\u1ed3 u\u1ed1ng do v\u1eadt li\u1ec7u h\u1ee3p v\u1ec7 sinh v\u00e0 kh\u00f4ng \u0111\u1ed9c h\u1ea1i, \u0111\u1ea3m b\u1ea3o quy tr\u00ecnh s\u1ea3n xu\u1ea5t tu\u00e2n th\u1ee7 c\u00e1c ti\u00eau chu\u1ea9n v\u1ec7 sinh.<\/p><p><strong>X\u1eed l\u00fd h\u00f3a ch\u1ea5t<\/strong>: th\u00edch h\u1ee3p \u0111\u1ec3 x\u1eed l\u00fd dung m\u00f4i h\u00f3a h\u1ecdc t\u01b0\u01a1ng th\u00edch v\u1edbi PVC, \u0111\u1eb7c bi\u1ec7t l\u00e0 \u0111\u1ec3 ki\u1ec3m so\u00e1t an to\u00e0n c\u00e1c h\u00f3a ch\u1ea5t trong ng\u00e0nh th\u1ef1c ph\u1ea9m.<\/p><p><strong>H\u1ec7 th\u1ed1ng HVAC<\/strong>: \u0111i\u1ec1u ch\u1ec9nh l\u01b0u l\u01b0\u1ee3ng n\u01b0\u1edbc n\u00f3ng v\u00e0 n\u01b0\u1edbc l\u1ea1nh \u0111\u1ec3 \u0111\u1ea3m b\u1ea3o h\u1ec7 th\u1ed1ng ho\u1ea1t \u0111\u1ed9ng hi\u1ec7u qu\u1ea3.<\/p><p><strong>H\u1ec7 th\u1ed1ng t\u01b0\u1edbi ti\u00eau<\/strong>: \u0111\u01b0\u1ee3c s\u1eed d\u1ee5ng trong t\u01b0\u1edbi ti\u00eau n\u00f4ng nghi\u1ec7p \u0111\u1ec3 ki\u1ec3m so\u00e1t d\u00f2ng n\u01b0\u1edbc v\u00e0 \u0111\u1ea3m b\u1ea3o t\u01b0\u1edbi ti\u00eau hi\u1ec7u qu\u1ea3 cho c\u00e2y tr\u1ed3ng.<\/p><p><strong>\u1ee8ng d\u1ee5ng h\u00e0ng h\u1ea3i v\u00e0 ngo\u00e0i kh\u01a1i<\/strong>: ch\u1ed1ng \u0103n m\u00f2n v\u00e0 th\u00edch h\u1ee3p \u0111\u1ec3 ki\u1ec3m so\u00e1t ch\u1ea5t l\u1ecfng tr\u00ean bi\u1ec3n, \u0111\u1eb7c bi\u1ec7t l\u00e0 m\u00f4i tr\u01b0\u1eddng ngo\u00e0i kh\u01a1i.<\/p><p>C\u00e1c t\u00ecnh hu\u1ed1ng n\u00e0y t\u1eadn d\u1ee5ng t\u1ed1i \u0111a c\u00e1c t\u00ednh n\u0103ng nh\u1eb9, ch\u1ed1ng \u0103n m\u00f2n, d\u1ec5 b\u1ea3o tr\u00ec v\u00e0 th\u00e1o r\u1eddi c\u1ee7a van bi PVC th\u1ee7 c\u00f4ng, ph\u00f9 h\u1ee3p v\u1edbi nhi\u1ec1u h\u1ec7 th\u1ed1ng n\u01b0\u1edbc c\u00f4ng nghi\u1ec7p v\u00e0 sinh ho\u1ea1t.<\/p>\t\t\t\t\t\t\t\t<\/div>\n\t\t\t\t<\/div>\n\t\t\t\t<\/div>\n\t\t\t\t<\/div>","protected":false},"excerpt":{"rendered":"<p>Van bi PVC nh\u1eb9, nh\u1ecf g\u1ecdn v\u00e0 c\u00f3 kh\u1ea3 n\u0103ng ch\u1ed1ng \u0103n m\u00f2n cao, l\u00fd t\u01b0\u1edfng \u0111\u1ec3 s\u1eed d\u1ee5ng trong x\u1eed l\u00fd n\u01b0\u1edbc, HVAC v\u00e0 c\u00e1c \u1ee9ng d\u1ee5ng kh\u00e1c. C\u1ea5u tr\u00fac \u0111\u01a1n gi\u1ea3n c\u1ee7a n\u00f3, bao g\u1ed3m th\u00e2n van v\u00e0 c\u00e1c \u0111\u1ea7u n\u1ed1i, cho ph\u00e9p th\u00e1o r\u1eddi v\u00e0 b\u1ea3o tr\u00ec d\u1ec5 d\u00e0ng. V\u1eadt li\u1ec7u n\u00e0y v\u1ec7 sinh v\u00e0 kh\u00f4ng \u0111\u1ed9c h\u1ea1i, ph\u00f9 h\u1ee3p v\u1edbi dung m\u00f4i h\u00f3a h\u1ecdc trong ng\u00e0nh th\u1ef1c ph\u1ea9m v\u00e0 th\u01b0\u1eddng \u0111\u01b0\u1ee3c s\u1eed d\u1ee5ng trong \u0111\u00f3ng t\u00e0u, x\u1eed l\u00fd n\u01b0\u1edbc, t\u01b0\u1edbi ti\u00eau v\u00e0 c\u00e1c ng\u00e0nh th\u1ef1c ph\u1ea9m v\u00e0 \u0111\u1ed3 u\u1ed1ng.<\/p>\n<p><span style=\"color: #000000\">Model: Van PVC th\u1ee7 c\u00f4ng<\/span><br \/>\n<span style=\"color: #000000\">Ph\u1ea1m vi k\u00edch th\u01b0\u1edbc: 1\/2\u2033 \u0111\u1ebfn 4\u2033<\/span><br \/>\n<span style=\"color: #000000\">Ph\u1ea1m vi \u00e1p su\u1ea5t: 1.0MPa<\/span><br \/>\n<span style=\"color: #000000\">Ch\u1ea5t li\u1ec7u: PVC<\/span><\/p>\n<p>&nbsp;<\/p>","protected":false},"featured_media":8293,"template":"","meta":{"site-sidebar-layout":"default","site-content-layout":"","ast-site-content-layout":"default","site-content-style":"default","site-sidebar-style":"default","ast-global-header-display":"","ast-banner-title-visibility":"","ast-main-header-display":"","ast-hfb-above-header-display":"","ast-hfb-below-header-display":"","ast-hfb-mobile-header-display":"","site-post-title":"","ast-breadcrumbs-content":"","ast-featured-img":"","footer-sml-layout":"","ast-disable-related-posts":"","theme-transparent-header-meta":"default","adv-header-id-meta":"","stick-header-meta":"","header-above-stick-meta":"","header-main-stick-meta":"","header-below-stick-meta":"","astra-migrate-meta-layouts":"set","ast-page-background-enabled":"default","ast-page-background-meta":{"desktop":{"background-color":"var(--ast-global-color-4)","background-image":"","background-repeat":"repeat","background-position":"center center","background-size":"auto","background-attachment":"scroll","background-type":"","background-media":"","overlay-type":"","overlay-color":"","overlay-opacity":"","overlay-gradient":""},"tablet":{"background-color":"","background-image":"","background-repeat":"repeat","background-position":"center center","background-size":"auto","background-attachment":"scroll","background-type":"","background-media":"","overlay-type":"","overlay-color":"","overlay-opacity":"","overlay-gradient":""},"mobile":{"background-color":"","background-image":"","background-repeat":"repeat","background-position":"center center","background-size":"auto","background-attachment":"scroll","background-type":"","background-media":"","overlay-type":"","overlay-color":"","overlay-opacity":"","overlay-gradient":""}},"ast-content-background-meta":{"desktop":{"background-color":"var(--ast-global-color-5)","background-image":"","background-repeat":"repeat","background-position":"center center","background-size":"auto","background-attachment":"scroll","background-type":"","background-media":"","overlay-type":"","overlay-color":"","overlay-opacity":"","overlay-gradient":""},"tablet":{"background-color":"var(--ast-global-color-5)","background-image":"","background-repeat":"repeat","background-position":"center center","background-size":"auto","background-attachment":"scroll","background-type":"","background-media":"","overlay-type":"","overlay-color":"","overlay-opacity":"","overlay-gradient":""},"mobile":{"background-color":"var(--ast-global-color-5)","background-image":"","background-repeat":"repeat","background-position":"center center","background-size":"auto","background-attachment":"scroll","background-type":"","background-media":"","overlay-type":"","overlay-color":"","overlay-opacity":"","overlay-gradient":""}}},"product_brand":[],"product_cat":[705,116,33],"product_tag":[750,749,751,752,475,73,56],"class_list":{"0":"post-8289","1":"product","2":"type-product","3":"status-publish","4":"has-post-thumbnail","6":"product_cat-manual-ball-valve","7":"product_cat-manual-valves","8":"product_cat-products","9":"product_tag-2-way-pvc-valve","10":"product_tag-cpvc-valve","11":"product_tag-manual-pvc-valve","12":"product_tag-manual-pvc-valves","13":"product_tag-pvc-valves","14":"product_tag-valve","15":"product_tag-valves","16":"desktop-align-center","17":"tablet-align-left","18":"mobile-align-left","20":"first","21":"instock","22":"shipping-taxable","23":"product-type-simple"},"_links":{"self":[{"href":"https:\/\/www.delcofluid.com\/vi\/wp-json\/wp\/v2\/product\/8289","targetHints":{"allow":["GET"]}}],"collection":[{"href":"https:\/\/www.delcofluid.com\/vi\/wp-json\/wp\/v2\/product"}],"about":[{"href":"https:\/\/www.delcofluid.com\/vi\/wp-json\/wp\/v2\/types\/product"}],"version-history":[{"count":0,"href":"https:\/\/www.delcofluid.com\/vi\/wp-json\/wp\/v2\/product\/8289\/revisions"}],"wp:featuredmedia":[{"embeddable":true,"href":"https:\/\/www.delcofluid.com\/vi\/wp-json\/wp\/v2\/media\/8293"}],"wp:attachment":[{"href":"https:\/\/www.delcofluid.com\/vi\/wp-json\/wp\/v2\/media?parent=8289"}],"wp:term":[{"taxonomy":"product_brand","embeddable":true,"href":"https:\/\/www.delcofluid.com\/vi\/wp-json\/wp\/v2\/product_brand?post=8289"},{"taxonomy":"product_cat","embeddable":true,"href":"https:\/\/www.delcofluid.com\/vi\/wp-json\/wp\/v2\/product_cat?post=8289"},{"taxonomy":"product_tag","embeddable":true,"href":"https:\/\/www.delcofluid.com\/vi\/wp-json\/wp\/v2\/product_tag?post=8289"}],"curies":[{"name":"wp","href":"https:\/\/api.w.org\/{rel}","templated":true}]}}